{"id":748929,"date":"2025-08-28T03:42:58","date_gmt":"2025-08-28T00:42:58","guid":{"rendered":"https:\/\/roveyayinevi.com.tr\/index.php\/urun\/temasin-imkanlari\/"},"modified":"2026-04-16T03:01:39","modified_gmt":"2026-04-16T00:01:39","slug":"temasin-imkanlari","status":"publish","type":"product","link":"https:\/\/roveyayinevi.com.tr\/index.php\/urun\/temasin-imkanlari\/","title":{"rendered":"Temas\u0131n \u0130mkanlar\u0131"},"content":{"rendered":"<p>D\u00fcnyada son d\u00f6nemde iyice yo\u011funla\u015fan g\u00fcvenlik toplumu aray\u0131\u015f\u0131, internetin yayg\u0131nla\u015f\u0131p etkinle\u015fmesi, neoliberalizmin bedeni a\u00e7\u0131k bir kaynak haline getirmesi ya da sa\u011f pop\u00fclizmin veya ekolojik y\u0131k\u0131m\u0131n tetikledi\u011fi endi\u015fe ve korkular, duygulan\u0131m\u0131n g\u00f6rd\u00fc\u011f\u00fc entelekt\u00fcel ilgide \u00f6nemli rol oynayan g\u00fcncel geli\u015fmelerden birka\u00e7\u0131d\u0131r. Duygulan\u0131m teorisi, bedenlerin sabit konumlanm\u0131\u015f g\u00f6r\u00fcnd\u00fc\u011f\u00fc zamanlarda dahi aralar\u0131nda aktar\u0131m, ba\u011flant\u0131, i\u015fbirli\u011fi hallerinin oldu\u011funu g\u00f6rmemizi sa\u011flar: De\u011fmek, de\u011fer \u00fcretmek ve dayan(\u0131\u015f)mak \u00fc\u00e7 ayr\u0131 durum de\u011fil, ayn\u0131 sosyalliklerin birbirine i\u00e7kin \u00fc\u00e7 ayr\u0131 bi\u00e7imi olarak anla\u015f\u0131labilir. Temas\u0131n \u0130mk\u00e2nlar\u0131, bu hallerin birbirleriyle nas\u0131l konu\u015ftu\u011funu \u00f6rneklemeyi ama\u00e7l\u0131yor. Kitab\u0131n ilk b\u00f6l\u00fcm\u00fcnde bedenler aras\u0131ndaki \u201cde\u011fmek\u201d ili\u015fkisi \u00f6l\u00fc bedenler ad\u0131na yerine getirilen \u201cson g\u00f6rev\u201d, engellilere yard\u0131m eden asistan k\u00f6pekler ve dokuma t\u00fcr\u00fcnde \u00fcretilmi\u015f sanat eserleri \u00fczerinden anlat\u0131l\u0131yor. De\u011fmek deneyiminin de\u011fer \u00fcretme zinciri haline geldi\u011fi ili\u015fkisellikler \u00fczerinde yo\u011funla\u015fan ikinci b\u00f6l\u00fcmde ise t\u00fcp bebek kliniklerine yumurtalar\u0131n\u0131 satan kad\u0131nlar\u0131n deneyimleri, ekolojik g\u0131da hareketi ve g\u00f6\u00e7men ev i\u015f\u00e7ileri konu al\u0131n\u0131yor. Son b\u00f6l\u00fcmde ise birbirlerine de\u011ferken ayn\u0131 zamanda de\u011fer aktar\u0131m\u0131nda da bulunan sosyalliklerin topluluk \u00fcretme kapasiteleri, 2000\u2019li y\u0131llardaki feminist dergiler ve bir futbol kul\u00fcb\u00fcn\u00fcn taraftar toplulu\u011fu \u00fczerinden aktar\u0131l\u0131yor. Duygulan\u0131m alan\u0131nda T\u00fcrkiye\u2019de sosyoloji\/antropoloji disiplinleri ba\u011flam\u0131nda yay\u0131mlanan ilk derleme olan bu kitap, yeni bir kuramsal yakla\u015f\u0131m vas\u0131tas\u0131yla daha dayan\u0131\u015fmac\u0131 bir d\u00fcnyay\u0131 var etmek i\u00e7in yeni sorular sormay\u0131 ve kimi bilindik sorulara yeni cevaplar vermeyi hedefliyor. HAZIRLAYAN HAKKINDA: Ay\u015fe Akal\u0131n Bo\u011fazi\u00e7i \u00dcniversitesi Sosyoloji ve Siyaset Bilimi ve Uluslararas\u0131 \u0130li\u015fkiler b\u00f6l\u00fcmlerinden mezun oldu. City University of New York, Graduate Center\u2019da sosyoloji alan\u0131nda Prof. Patricia Clough dan\u0131\u015fmanl\u0131\u011f\u0131nda doktoras\u0131n\u0131 tamamlad\u0131. 2010 y\u0131l\u0131ndan beri \u0130stanbul Teknik \u00dcniversitesi, \u0130nsan ve Toplum Bilimleri B\u00f6l\u00fcm\u00fc\u2019nde \u00f6\u011fretim \u00fcyesi olarak \u00e7al\u0131\u015fmaktad\u0131r. G\u00f6\u00e7men ev i\u015f\u00e7ileri, duygulan\u0131msal emek, kad\u0131n g\u00f6\u00e7\u00fc konular\u0131nda \u00e7e\u015fitli yay\u0131nlar\u0131 bulunmaktad\u0131r. Mercan\u2019\u0131n annesidir. PLANLANMI\u015e REKLAM \u00c7ALI\u015eMALARI: Kitap eki ilanlar\u0131. <\/p>\n","protected":false},"excerpt":{"rendered":"<p>D\u00fcnyada son d\u00f6nemde iyice yo\u011funla\u015fan g\u00fcvenlik toplumu aray\u0131\u015f\u0131, internetin yayg\u0131nla\u015f\u0131p etkinle\u015fmesi, neoliberalizmin bedeni a\u00e7\u0131k bir kaynak haline getirmesi ya da sa\u011f pop\u00fclizmin veya ekolojik y\u0131k\u0131m\u0131n tetikledi\u011fi<span class=\"excerpt-hellip\"> [\u2026]<\/span><\/p>\n","protected":false},"featured_media":0,"template":"","meta":{"_monsterinsights_skip_tracking":false,"_monsterinsights_sitenote_active":false,"_monsterinsights_sitenote_note":"","_monsterinsights_sitenote_category":0},"product_brand":[],"product_cat":[12324],"product_tag":[],"class_list":{"0":"post-748929","1":"product","2":"type-product","3":"status-publish","5":"product_cat-sosyoloji","6":"pa_cilt-ciltsiz","7":"pa_tur-kitap","8":"pa_yayinevi-metis-yayinlari","9":"pa_yazar-kolektif","11":"first","12":"instock","13":"sale","14":"shipping-taxable","15":"purchasable","16":"product-type-simple"},"_links":{"self":[{"href":"https:\/\/roveyayinevi.com.tr\/index.php\/wp-json\/wp\/v2\/product\/748929","targetHints":{"allow":["GET"]}}],"collection":[{"href":"https:\/\/roveyayinevi.com.tr\/index.php\/wp-json\/wp\/v2\/product"}],"about":[{"href":"https:\/\/roveyayinevi.com.tr\/index.php\/wp-json\/wp\/v2\/types\/product"}],"wp:attachment":[{"href":"https:\/\/roveyayinevi.com.tr\/index.php\/wp-json\/wp\/v2\/media?parent=748929"}],"wp:term":[{"taxonomy":"product_brand","embeddable":true,"href":"https:\/\/roveyayinevi.com.tr\/index.php\/wp-json\/wp\/v2\/product_brand?post=748929"},{"taxonomy":"product_cat","embeddable":true,"href":"https:\/\/roveyayinevi.com.tr\/index.php\/wp-json\/wp\/v2\/product_cat?post=748929"},{"taxonomy":"product_tag","embeddable":true,"href":"https:\/\/roveyayinevi.com.tr\/index.php\/wp-json\/wp\/v2\/product_tag?post=748929"}],"curies":[{"name":"wp","href":"https:\/\/api.w.org\/{rel}","templated":true}]}}