{"id":748925,"date":"2025-08-28T03:42:53","date_gmt":"2025-08-28T00:42:53","guid":{"rendered":"https:\/\/roveyayinevi.com.tr\/index.php\/urun\/yumusak-guc-2\/"},"modified":"2026-04-16T03:01:39","modified_gmt":"2026-04-16T00:01:39","slug":"yumusak-guc-2","status":"publish","type":"product","link":"https:\/\/roveyayinevi.com.tr\/index.php\/urun\/yumusak-guc-2\/","title":{"rendered":"Yumu\u015fak G\u00fc\u00e7"},"content":{"rendered":"<p>Amerikan h\u00fck\u00fbmetlerinde etkin g\u00f6revler alm\u0131\u015f olan \u00fcnl\u00fc siyaset bilimci Joseph Nye, \u201cyumu\u015fak g\u00fc\u00e7\u201d kavram\u0131n\u0131 ilk kez 1980\u2019lerin sonlar\u0131nda kullanm\u0131\u015ft\u0131r. G\u00fcn\u00fcm\u00fczde t\u00fcm d\u00fcnyada siyas\u00ee liderler, k\u00f6\u015fe yazarlar\u0131 ve akademisyenler taraf\u0131ndan s\u0131k s\u0131k \u2014ama \u00e7o\u011funlukla yanl\u0131\u015f bi\u00e7imde\u2014 kullan\u0131lmaktad\u0131r. Peki, yumu\u015fak g\u00fc\u00e7 nedir? Yumu\u015fak g\u00fc\u00e7 cezbetme ve ikna etme kabiliyetine dayal\u0131d\u0131r. Zorlama kabiliyeti olan sert g\u00fc\u00e7 bir \u00fclkenin asker\u00ee ve iktisad\u00ee g\u00fcc\u00fcnden kaynaklan\u0131rken yumu\u015fak g\u00fc\u00e7 \u00fclkenin k\u00fclt\u00fcr\u00fcn\u00fcn, siyas\u00ee fikirlerinin ve politikalar\u0131n\u0131n cezbedicili\u011finden kaynaklan\u0131r. Sert g\u00fc\u00e7 devletlerin ba\u011f\u0131ms\u0131zl\u0131klar\u0131n\u0131 \u2014\u015fiddete meyilli devlet d\u0131\u015f\u0131 gruplardan da\u2014 korumaya \u00e7al\u0131\u015ft\u0131\u011f\u0131 bir d\u00fcnyada elzemdir. Sert g\u00fc\u00e7, Bush y\u00f6netiminin yeni ulusal g\u00fcvenlik stratejisini olu\u015fturmu\u015ftur. Nye\u2019a g\u00f6re ise ba\u015fkana tavsiyelerde bulunan neo-muhafazakarlar \u00e7ok yanl\u0131\u015f bir hesaplama yapm\u0131\u015flard\u0131r: Di\u011fer devletleri ABD\u2019nin istediklerini yapt\u0131rmaya zorlamak i\u00e7in asker\u00ee g\u00fcce \u00e7ok fazla odaklan\u0131p yumu\u015fak g\u00fcce \u00e7ok az \u00f6nem vermi\u015flerdir. Ter\u00f6ristlerin \u0131l\u0131ml\u0131 \u00e7o\u011funluk aras\u0131ndan destek\u00e7i bulmas\u0131n\u0131 engellemek yumu\u015fak g\u00fc\u00e7 sayesinde olacakt\u0131r. Yumu\u015fak g\u00fc\u00e7 ayn\u0131 zamanda devletler aras\u0131nda \u00e7ok-uluslu i\u015fbirli\u011fi gerektirecek \u00f6nemli k\u00fcresel meselelerle u\u011fra\u015f\u0131rken gerekli olacakt\u0131r. Bu y\u00fczden yumu\u015fak g\u00fcc\u00fc daha iyi anlamak ve uygulamak mutlak derecede \u00f6nemlidir. <\/p>\n","protected":false},"excerpt":{"rendered":"<p>Amerikan h\u00fck\u00fbmetlerinde etkin g\u00f6revler alm\u0131\u015f olan \u00fcnl\u00fc siyaset bilimci Joseph Nye, \u201cyumu\u015fak g\u00fc\u00e7\u201d kavram\u0131n\u0131 ilk kez 1980\u2019lerin sonlar\u0131nda kullanm\u0131\u015ft\u0131r. G\u00fcn\u00fcm\u00fczde t\u00fcm d\u00fcnyada siyas\u00ee liderler, k\u00f6\u015fe yazarlar\u0131<span class=\"excerpt-hellip\"> [\u2026]<\/span><\/p>\n","protected":false},"featured_media":0,"template":"","meta":{"_monsterinsights_skip_tracking":false,"_monsterinsights_sitenote_active":false,"_monsterinsights_sitenote_note":"","_monsterinsights_sitenote_category":0},"product_brand":[],"product_cat":[12337,17225],"product_tag":[],"class_list":{"0":"post-748925","1":"product","2":"type-product","3":"status-publish","5":"product_cat-politika-siyaset","6":"product_cat-uluslararasi-iliskiler","7":"pa_cilt-ciltsiz","8":"pa_tur-kitap","9":"pa_yayinevi-serbest-akademi","10":"pa_yazar-joseph-s-nye","11":"pa_yazar-jr","13":"first","14":"instock","15":"sale","16":"shipping-taxable","17":"purchasable","18":"product-type-simple"},"_links":{"self":[{"href":"https:\/\/roveyayinevi.com.tr\/index.php\/wp-json\/wp\/v2\/product\/748925","targetHints":{"allow":["GET"]}}],"collection":[{"href":"https:\/\/roveyayinevi.com.tr\/index.php\/wp-json\/wp\/v2\/product"}],"about":[{"href":"https:\/\/roveyayinevi.com.tr\/index.php\/wp-json\/wp\/v2\/types\/product"}],"wp:attachment":[{"href":"https:\/\/roveyayinevi.com.tr\/index.php\/wp-json\/wp\/v2\/media?parent=748925"}],"wp:term":[{"taxonomy":"product_brand","embeddable":true,"href":"https:\/\/roveyayinevi.com.tr\/index.php\/wp-json\/wp\/v2\/product_brand?post=748925"},{"taxonomy":"product_cat","embeddable":true,"href":"https:\/\/roveyayinevi.com.tr\/index.php\/wp-json\/wp\/v2\/product_cat?post=748925"},{"taxonomy":"product_tag","embeddable":true,"href":"https:\/\/roveyayinevi.com.tr\/index.php\/wp-json\/wp\/v2\/product_tag?post=748925"}],"curies":[{"name":"wp","href":"https:\/\/api.w.org\/{rel}","templated":true}]}}