{"id":748924,"date":"2025-08-28T03:42:51","date_gmt":"2025-08-28T00:42:51","guid":{"rendered":"https:\/\/roveyayinevi.com.tr\/index.php\/urun\/yarali-adam\/"},"modified":"2026-04-16T03:01:39","modified_gmt":"2026-04-16T00:01:39","slug":"yarali-adam","status":"publish","type":"product","link":"https:\/\/roveyayinevi.com.tr\/index.php\/urun\/yarali-adam\/","title":{"rendered":"Yaral\u0131 Adam"},"content":{"rendered":"<p>Ufkumda dola\u015f\u0131p duruyor kelimeler. Zihnimi me\u015fgul ediyorlar gece\u2013g\u00fcnd\u00fcz.   Sorular, sorgular, umut ve endi\u015feler&#8230;   Onlar\u0131 ya kovmal\u0131yd\u0131m ya da onlarla birlikte terk etmeliydim yer k\u00fcreyi.   Ben birlikte ya\u015famay\u0131 tercih ettim ve kelimeleri duygu d\u00fcnyamda yo\u011furup size ikram ettim.   Bazen ben \u00f6nden y\u00fcr\u00fcd\u00fcm, bazen tak\u0131ld\u0131m pe\u015flerine y\u00fcr\u00fcd\u00fcm ard\u0131 s\u0131ra t\u0131pk\u0131 bir g\u00f6lge gibi. Birbirimize teselli olduk, y\u0131k\u0131l\u0131rken bizi de alt\u0131nda ezen d\u00fcnyada. S\u00f6z\u00fcn bitti\u011fi kelimelerin t\u00fckendi\u011fi yerde yeti\u015ftiler imdad\u0131ma. Bazen sessiz bir \u00e7\u0131\u011fl\u0131k, bazen kabaran bir deniz, bazen de bereket indiren bir ya\u011fmur gibi&#8230;   G\u00f6nl\u00fcm\u00fcn melodisi, makam\u0131 hep b\u00f6yle s\u00fcrecek \u015eiirle ba\u015flad\u0131 fakat \u015fiirle bitmeyecek&#8230;   Ayhan \u00d6zk\u00f6ro\u011flu Ya\u011fmurlu bir sonbahar ak\u015fam\u0131, Alt\u0131n sar\u0131s\u0131 bir lamban\u0131n zoraki lo\u015flu\u011funda Islak \u015fapkas\u0131 ve buru\u015fuk giysileriyle yasland\u0131 yaral\u0131 adam, yazg\u0131s\u0131n\u0131n duvarlar\u0131na&#8230; <\/p>\n","protected":false},"excerpt":{"rendered":"<p>Ufkumda dola\u015f\u0131p duruyor kelimeler. Zihnimi me\u015fgul ediyorlar gece\u2013g\u00fcnd\u00fcz. Sorular, sorgular, umut ve endi\u015feler&#8230; Onlar\u0131 ya kovmal\u0131yd\u0131m ya da onlarla birlikte terk etmeliydim yer k\u00fcreyi. Ben birlikte<span class=\"excerpt-hellip\"> [\u2026]<\/span><\/p>\n","protected":false},"featured_media":0,"template":"","meta":{"_monsterinsights_skip_tracking":false,"_monsterinsights_sitenote_active":false,"_monsterinsights_sitenote_note":"","_monsterinsights_sitenote_category":0},"product_brand":[],"product_cat":[12291,12509],"product_tag":[],"class_list":{"0":"post-748924","1":"product","2":"type-product","3":"status-publish","5":"product_cat-edebiyat","6":"product_cat-siir","7":"pa_cilt-ciltsiz","8":"pa_tur-kitap","9":"pa_yayinevi-gulnar-yayinlari","10":"pa_yazar-ayhan-ozkoroglu","12":"first","13":"instock","14":"sale","15":"shipping-taxable","16":"purchasable","17":"product-type-simple"},"_links":{"self":[{"href":"https:\/\/roveyayinevi.com.tr\/index.php\/wp-json\/wp\/v2\/product\/748924","targetHints":{"allow":["GET"]}}],"collection":[{"href":"https:\/\/roveyayinevi.com.tr\/index.php\/wp-json\/wp\/v2\/product"}],"about":[{"href":"https:\/\/roveyayinevi.com.tr\/index.php\/wp-json\/wp\/v2\/types\/product"}],"wp:attachment":[{"href":"https:\/\/roveyayinevi.com.tr\/index.php\/wp-json\/wp\/v2\/media?parent=748924"}],"wp:term":[{"taxonomy":"product_brand","embeddable":true,"href":"https:\/\/roveyayinevi.com.tr\/index.php\/wp-json\/wp\/v2\/product_brand?post=748924"},{"taxonomy":"product_cat","embeddable":true,"href":"https:\/\/roveyayinevi.com.tr\/index.php\/wp-json\/wp\/v2\/product_cat?post=748924"},{"taxonomy":"product_tag","embeddable":true,"href":"https:\/\/roveyayinevi.com.tr\/index.php\/wp-json\/wp\/v2\/product_tag?post=748924"}],"curies":[{"name":"wp","href":"https:\/\/api.w.org\/{rel}","templated":true}]}}