{"id":748921,"date":"2025-08-28T03:42:46","date_gmt":"2025-08-28T00:42:46","guid":{"rendered":"https:\/\/roveyayinevi.com.tr\/index.php\/urun\/diyet-4\/"},"modified":"2026-04-16T03:01:39","modified_gmt":"2026-04-16T00:01:39","slug":"diyet-4","status":"publish","type":"product","link":"https:\/\/roveyayinevi.com.tr\/index.php\/urun\/diyet-4\/","title":{"rendered":"Diyet"},"content":{"rendered":"<p>Hac\u0131 Kasap, kesilecek kolun diyetini yarg\u0131ca sayd\u0131\u011f\u0131 g\u00fcn Hoca Ali&#8217;yi arkas\u0131na takt\u0131. D\u00fckkan\u0131na getirdi. Bu adam pek titiz, pek huysuz, olduk\u00e7a \u00e7ekilmez biriydi. Hi\u00e7 durmadan d\u0131rd\u0131r s\u00f6ylenirdi. Cimrili\u011finden \u015fimdiye kadar bir hizmet\u00e7i, bir \u00e7\u0131rak tutamam\u0131\u015ft\u0131. Koca Ali&#8217;yi eline ge\u00e7irince hemen d\u00fckkan\u0131n\u0131n k\u00f6\u015fesine bir set yerle\u015ftirdi. \u00dcst\u00fcne bir \u015filte koydu. Ge\u00e7ti, oraya oturdu. Her \u015feyi ona yapt\u0131rmaya ba\u015flad\u0131.<\/p>\n","protected":false},"excerpt":{"rendered":"<p>Hac\u0131 Kasap, kesilecek kolun diyetini yarg\u0131ca sayd\u0131\u011f\u0131 g\u00fcn Hoca Ali&#8217;yi arkas\u0131na takt\u0131. D\u00fckkan\u0131na getirdi. Bu adam pek titiz, pek huysuz, olduk\u00e7a \u00e7ekilmez biriydi. Hi\u00e7 durmadan d\u0131rd\u0131r<span class=\"excerpt-hellip\"> [\u2026]<\/span><\/p>\n","protected":false},"featured_media":0,"template":"","meta":{"_monsterinsights_skip_tracking":false,"_monsterinsights_sitenote_active":false,"_monsterinsights_sitenote_note":"","_monsterinsights_sitenote_category":0},"product_brand":[],"product_cat":[12274,12284],"product_tag":[],"class_list":{"0":"post-748921","1":"product","2":"type-product","3":"status-publish","5":"product_cat-cocuk-ve-genclik-kitaplari","6":"product_cat-hikayeler","7":"pa_cilt-ciltsiz","8":"pa_tur-kitap","9":"pa_yayinevi-kitap-muptelasi-yayinlari","10":"pa_yazar-sabahattin-ali","12":"first","13":"instock","14":"sale","15":"shipping-taxable","16":"purchasable","17":"product-type-simple"},"_links":{"self":[{"href":"https:\/\/roveyayinevi.com.tr\/index.php\/wp-json\/wp\/v2\/product\/748921","targetHints":{"allow":["GET"]}}],"collection":[{"href":"https:\/\/roveyayinevi.com.tr\/index.php\/wp-json\/wp\/v2\/product"}],"about":[{"href":"https:\/\/roveyayinevi.com.tr\/index.php\/wp-json\/wp\/v2\/types\/product"}],"wp:attachment":[{"href":"https:\/\/roveyayinevi.com.tr\/index.php\/wp-json\/wp\/v2\/media?parent=748921"}],"wp:term":[{"taxonomy":"product_brand","embeddable":true,"href":"https:\/\/roveyayinevi.com.tr\/index.php\/wp-json\/wp\/v2\/product_brand?post=748921"},{"taxonomy":"product_cat","embeddable":true,"href":"https:\/\/roveyayinevi.com.tr\/index.php\/wp-json\/wp\/v2\/product_cat?post=748921"},{"taxonomy":"product_tag","embeddable":true,"href":"https:\/\/roveyayinevi.com.tr\/index.php\/wp-json\/wp\/v2\/product_tag?post=748921"}],"curies":[{"name":"wp","href":"https:\/\/api.w.org\/{rel}","templated":true}]}}