{"id":748912,"date":"2025-08-28T03:42:31","date_gmt":"2025-08-28T00:42:31","guid":{"rendered":"https:\/\/roveyayinevi.com.tr\/index.php\/urun\/soguk-savas-sonrasinda-turkiye-abd-iliskilerinde-orta-dogu-ve-lider-diplomasisi\/"},"modified":"2026-04-16T03:01:39","modified_gmt":"2026-04-16T00:01:39","slug":"soguk-savas-sonrasinda-turkiye-abd-iliskilerinde-orta-dogu-ve-lider-diplomasisi","status":"publish","type":"product","link":"https:\/\/roveyayinevi.com.tr\/index.php\/urun\/soguk-savas-sonrasinda-turkiye-abd-iliskilerinde-orta-dogu-ve-lider-diplomasisi\/","title":{"rendered":"So\u011fuk Sava\u015f Sonras\u0131nda T\u00fcrkiye &#8211; Abd \u0130li\u015fkilerinde Orta Do\u011fu Ve Lider Diplomasisi"},"content":{"rendered":"<p>T\u00fcrkiye Cumhuriyeti\u2019nin ge\u00e7mi\u015finden g\u00fcn\u00fcm\u00fcze diplomatik ili\u015fkilerinde \u00f6ne \u00e7\u0131kan devletler d\u00fc\u015f\u00fcn\u00fcld\u00fc\u011f\u00fcnde, \u00f6zellikle II. D\u00fcnya Sava\u015f\u0131 sonras\u0131ndan itibaren ilk akla gelen ku\u015fkusuz ABD\u2019dir. ABD ile ya\u015fananlar, ziyaretler, anla\u015fmalar, sorunlar, gerginlikler ve krizler siyasi g\u00fcndemin hep en ba\u015f\u0131nda yer almaktad\u0131r. T\u00fcrk d\u0131\u015f politikas\u0131 a\u00e7\u0131s\u0131ndan en gerilimli, en sorunlu, en de\u011fi\u015fken, en hassas ve en stratejik b\u00f6lge soruldu\u011funda da hi\u00e7 d\u00fc\u015f\u00fcnmeden Orta Do\u011fu cevab\u0131 verilecektir.   T\u00fcrk d\u0131\u015f politikas\u0131nda ABD ve Orta Do\u011fu\u2019nun \u00f6nemine paralel \u015fekilde ABD diplomasisinde de, Orta Do\u011fu ve Bat\u0131 Bloku\u2019nun bir \u00fcyesi T\u00fcrkiye ile ili\u015fkilerin stratejik de\u011fere sahip oldu\u011fu hat\u0131rda tutulmal\u0131d\u0131r. T\u00fcrk d\u0131\u015f politikas\u0131 incelenirken ihmal edilmemesi gereken bir unsur da liderlerdir. T\u00fcrkiye\u2019nin gerek i\u00e7, gerek d\u0131\u015f politikas\u0131nda liderler \u00f6nemli olmu\u015f, hatta belli d\u00f6nemler lider adlar\u0131yla an\u0131lm\u0131\u015ft\u0131r.  So\u011fuk Sava\u015f sonras\u0131nda T\u00fcrkiye-ABD diplomatik ili\u015fkilerinde Orta Do\u011fu nas\u0131l bir konumdad\u0131r? Bu b\u00f6lge, ili\u015fkileri kolayla\u015ft\u0131rmakta m\u0131 yoksa zorla\u015ft\u0131rmakta m\u0131d\u0131r? Hatta ba\u015fka bir ifadeyle d\u00fczelten mi bozan m\u0131 bir rol oynamaktad\u0131r? Lider diplomasisi ne kadar etkilidir? Liderlerin olumlu ili\u015fkileri devletlerin politikalar\u0131na nas\u0131l ve ne oranda yans\u0131maktad\u0131r? Bu \u00e7al\u0131\u015fmada iki devletin bir b\u00f6lge \u00fczerinden lider diplomasisiyle nas\u0131l yol ald\u0131klar\u0131 d\u00f6nemler, \u00fclkeler, sorunlar, ziyaretler, g\u00f6r\u00fc\u015fmeler, a\u00e7\u0131klamalar ve an\u0131lar \u00e7er\u00e7evesinde anlat\u0131lmaktad\u0131r.  <\/p>\n","protected":false},"excerpt":{"rendered":"<p>T\u00fcrkiye Cumhuriyeti\u2019nin ge\u00e7mi\u015finden g\u00fcn\u00fcm\u00fcze diplomatik ili\u015fkilerinde \u00f6ne \u00e7\u0131kan devletler d\u00fc\u015f\u00fcn\u00fcld\u00fc\u011f\u00fcnde, \u00f6zellikle II. D\u00fcnya Sava\u015f\u0131 sonras\u0131ndan itibaren ilk akla gelen ku\u015fkusuz ABD\u2019dir. ABD ile ya\u015fananlar, ziyaretler, anla\u015fmalar,<span class=\"excerpt-hellip\"> [\u2026]<\/span><\/p>\n","protected":false},"featured_media":0,"template":"","meta":{"_monsterinsights_skip_tracking":false,"_monsterinsights_sitenote_active":false,"_monsterinsights_sitenote_note":"","_monsterinsights_sitenote_category":0},"product_brand":[],"product_cat":[13590,12337],"product_tag":[],"class_list":{"0":"post-748912","1":"product","2":"type-product","3":"status-publish","5":"product_cat-arastirma-inceleme-politika-siyaset","6":"product_cat-politika-siyaset","7":"pa_cilt-ciltsiz","8":"pa_tur-kitap","9":"pa_yayinevi-yeditepe-yayinevi","10":"pa_yazar-nur-cetinoglu-harunoglu-ali-faik-demir","12":"first","13":"instock","14":"sale","15":"shipping-taxable","16":"purchasable","17":"product-type-simple"},"_links":{"self":[{"href":"https:\/\/roveyayinevi.com.tr\/index.php\/wp-json\/wp\/v2\/product\/748912","targetHints":{"allow":["GET"]}}],"collection":[{"href":"https:\/\/roveyayinevi.com.tr\/index.php\/wp-json\/wp\/v2\/product"}],"about":[{"href":"https:\/\/roveyayinevi.com.tr\/index.php\/wp-json\/wp\/v2\/types\/product"}],"wp:attachment":[{"href":"https:\/\/roveyayinevi.com.tr\/index.php\/wp-json\/wp\/v2\/media?parent=748912"}],"wp:term":[{"taxonomy":"product_brand","embeddable":true,"href":"https:\/\/roveyayinevi.com.tr\/index.php\/wp-json\/wp\/v2\/product_brand?post=748912"},{"taxonomy":"product_cat","embeddable":true,"href":"https:\/\/roveyayinevi.com.tr\/index.php\/wp-json\/wp\/v2\/product_cat?post=748912"},{"taxonomy":"product_tag","embeddable":true,"href":"https:\/\/roveyayinevi.com.tr\/index.php\/wp-json\/wp\/v2\/product_tag?post=748912"}],"curies":[{"name":"wp","href":"https:\/\/api.w.org\/{rel}","templated":true}]}}