{"id":748911,"date":"2025-08-28T03:42:29","date_gmt":"2025-08-28T00:42:29","guid":{"rendered":"https:\/\/roveyayinevi.com.tr\/index.php\/urun\/alfabetik-siralamanin-merakli-tarihi\/"},"modified":"2026-04-16T03:01:39","modified_gmt":"2026-04-16T00:01:39","slug":"alfabetik-siralamanin-merakli-tarihi","status":"publish","type":"product","link":"https:\/\/roveyayinevi.com.tr\/index.php\/urun\/alfabetik-siralamanin-merakli-tarihi\/","title":{"rendered":"Alfabetik S\u0131ralaman\u0131n Merakl\u0131 Tarihi"},"content":{"rendered":"<p>\u00c7ocukken alfabeyi ilk \u00f6\u011frendikten sonra \u00e7ok az\u0131m\u0131z alfabenin s\u0131ras\u0131n\u0131 uzun s\u00fcre d\u00fc\u015f\u00fcn\u00fcr\u00fcz. Yine de y\u00fczy\u0131llarca s\u00fcren d\u00fc\u015f\u00fcnceye, bilgiye, \u015fiire, edebiyata, bilimsel ke\u015fiflere ve s\u00f6yleme eri\u015fmemizi sa\u011flayan alfabetik s\u0131ra, onun organizasyondaki rol\u00fcd\u00fcr. Alfabetik s\u0131ra, ihtiyac\u0131m\u0131z olan bilgileri bulmam\u0131za ve daha fazla yaymam\u0131za olanak tan\u0131r. Alfabetik s\u0131ralama olmadan, d\u00fcnyadaki t\u00fcm bilgiler, elemeden ge\u00e7irilmemi\u015f, bulunamaz, okunmam\u0131\u015f, bilinmeyen b\u00fcy\u00fck kitap y\u0131\u011f\u0131nlar\u0131nda yatard\u0131. Alfabetik S\u0131ralaman\u0131n Merakl\u0131 Tarihi, asl\u0131nda on alt\u0131nc\u0131 y\u00fczy\u0131la ait bir proto-kart katalo\u011funun geli\u015ftirilmesinden, kitaplar\u0131n\u0131 alfabetik s\u0131raya dizdi\u011finde devrim niteli\u011finde bir at\u0131l\u0131m yapan Londral\u0131 bir kitap\u00e7\u0131ya kadar, anlad\u0131\u011f\u0131m\u0131z \u015fekliyle alfabele\u015ftirmenin ba\u015flang\u0131c\u0131n\u0131n izini s\u00fcr\u00fcyor. <\/p>\n","protected":false},"excerpt":{"rendered":"<p>\u00c7ocukken alfabeyi ilk \u00f6\u011frendikten sonra \u00e7ok az\u0131m\u0131z alfabenin s\u0131ras\u0131n\u0131 uzun s\u00fcre d\u00fc\u015f\u00fcn\u00fcr\u00fcz. Yine de y\u00fczy\u0131llarca s\u00fcren d\u00fc\u015f\u00fcnceye, bilgiye, \u015fiire, edebiyata, bilimsel ke\u015fiflere ve s\u00f6yleme eri\u015fmemizi sa\u011flayan<span class=\"excerpt-hellip\"> [\u2026]<\/span><\/p>\n","protected":false},"featured_media":0,"template":"","meta":{"_monsterinsights_skip_tracking":false,"_monsterinsights_sitenote_active":false,"_monsterinsights_sitenote_note":"","_monsterinsights_sitenote_category":0},"product_brand":[],"product_cat":[20225,12291],"product_tag":[],"class_list":{"0":"post-748911","1":"product","2":"type-product","3":"status-publish","5":"product_cat-dil-bilim","6":"product_cat-edebiyat","7":"pa_cilt-ciltsiz","8":"pa_tur-kitap","9":"pa_yayinevi-yeditepe-yayinevi","10":"pa_yazar-judith-flander","12":"first","13":"instock","14":"sale","15":"shipping-taxable","16":"purchasable","17":"product-type-simple"},"_links":{"self":[{"href":"https:\/\/roveyayinevi.com.tr\/index.php\/wp-json\/wp\/v2\/product\/748911","targetHints":{"allow":["GET"]}}],"collection":[{"href":"https:\/\/roveyayinevi.com.tr\/index.php\/wp-json\/wp\/v2\/product"}],"about":[{"href":"https:\/\/roveyayinevi.com.tr\/index.php\/wp-json\/wp\/v2\/types\/product"}],"wp:attachment":[{"href":"https:\/\/roveyayinevi.com.tr\/index.php\/wp-json\/wp\/v2\/media?parent=748911"}],"wp:term":[{"taxonomy":"product_brand","embeddable":true,"href":"https:\/\/roveyayinevi.com.tr\/index.php\/wp-json\/wp\/v2\/product_brand?post=748911"},{"taxonomy":"product_cat","embeddable":true,"href":"https:\/\/roveyayinevi.com.tr\/index.php\/wp-json\/wp\/v2\/product_cat?post=748911"},{"taxonomy":"product_tag","embeddable":true,"href":"https:\/\/roveyayinevi.com.tr\/index.php\/wp-json\/wp\/v2\/product_tag?post=748911"}],"curies":[{"name":"wp","href":"https:\/\/api.w.org\/{rel}","templated":true}]}}