{"id":748909,"date":"2025-08-28T03:42:27","date_gmt":"2025-08-28T00:42:27","guid":{"rendered":"https:\/\/roveyayinevi.com.tr\/index.php\/urun\/kanser-bitti-ya-simdi-tedavi-sonrasi-ilk-adimlar-ve-dikkat-etmeniz-gerekenler\/"},"modified":"2026-04-16T03:01:39","modified_gmt":"2026-04-16T00:01:39","slug":"kanser-bitti-ya-simdi-tedavi-sonrasi-ilk-adimlar-ve-dikkat-etmeniz-gerekenler","status":"publish","type":"product","link":"https:\/\/roveyayinevi.com.tr\/index.php\/urun\/kanser-bitti-ya-simdi-tedavi-sonrasi-ilk-adimlar-ve-dikkat-etmeniz-gerekenler\/","title":{"rendered":"Kanser Bitti! Ya \u015eimdi? Tedavi Sonras\u0131 \u0130lk Ad\u0131mlar ve Dikkat Etmeniz Gerekenler"},"content":{"rendered":"<p>\u201cG\u00f6z\u00fcn\u00fcz ayd\u0131n, t\u00fcm\u00f6r\u00fcn\u00fcz tamamen kaybolmu\u015f!\u201d Doktorunuzun bu c\u00fcmlesi, herhalde hayat\u0131n\u0131zda duyabilece\u011finiz en g\u00fczel c\u00fcmlelerden biri. Oysa aylar \u00f6nce kanser te\u015fhisini ilk duydu\u011funuzda ya\u015fad\u0131klar\u0131n\u0131z\u0131 bir d\u00fc\u015f\u00fcn\u00fcn. B\u00fcy\u00fck bir \u015foka u\u011frad\u0131\u011f\u0131n\u0131z, t\u00fcm v\u00fccudunuzun uyu\u015ftu\u011fu, elinizi kolunuzu hissetmedi\u011finiz o an\u2026   Kanser, bug\u00fcn art\u0131k yeni geli\u015fmeler ve umut vadeden yakla\u015f\u0131mlarla pek \u00e7ok t\u00fcr\u00fc tedavi edilebilen bir hastal\u0131k. Ama kanser tedavisinden sonraki ya\u015fam bi\u00e7iminiz, hem hastal\u0131\u011f\u0131n tekrarlamamas\u0131 hem de sa\u011fl\u0131kl\u0131 ve uzun bir hayat s\u00fcrmeniz i\u00e7in olduk\u00e7a \u00f6nemli. Dr. Tayfun Hanc\u0131lar bu kitab\u0131nda kanser tedavisinden sonra hem hastalar\u0131n hem de ailelerinin g\u00fcndeminde olan pek \u00e7ok konuyu sade ve anla\u015f\u0131l\u0131r bir dille a\u00e7\u0131kl\u0131yor. Farkl\u0131 kanser t\u00fcrlerine g\u00f6re beslenme \u00f6nerilerinden kilo kontrol\u00fcne ve spora, sa\u00e7 boyas\u0131ndan cep telefonlar\u0131na, g\u00fcne\u015f kremlerinden estetik operasyonlara, mutfakta al\u00fcminyum folyo kullan\u0131m\u0131ndan elektronik sigaralara kadar cevab\u0131n\u0131 merak etti\u011finiz onlarca soruya yan\u0131t bulacaks\u0131n\u0131z.    Kanser Bitti! Ya \u015eimdi? hem sa\u011fl\u0131\u011f\u0131n\u0131 korumak isteyenler, hem kanser tedavisi g\u00f6ren hastalar hem de hasta yak\u0131nlar\u0131 i\u00e7in kapsaml\u0131 bir rehber. <\/p>\n","protected":false},"excerpt":{"rendered":"<p>\u201cG\u00f6z\u00fcn\u00fcz ayd\u0131n, t\u00fcm\u00f6r\u00fcn\u00fcz tamamen kaybolmu\u015f!\u201d Doktorunuzun bu c\u00fcmlesi, herhalde hayat\u0131n\u0131zda duyabilece\u011finiz en g\u00fczel c\u00fcmlelerden biri. Oysa aylar \u00f6nce kanser te\u015fhisini ilk duydu\u011funuzda ya\u015fad\u0131klar\u0131n\u0131z\u0131 bir d\u00fc\u015f\u00fcn\u00fcn. B\u00fcy\u00fck<span class=\"excerpt-hellip\"> [\u2026]<\/span><\/p>\n","protected":false},"featured_media":0,"template":"","meta":{"_monsterinsights_skip_tracking":false,"_monsterinsights_sitenote_active":false,"_monsterinsights_sitenote_note":"","_monsterinsights_sitenote_category":0},"product_brand":[],"product_cat":[20313,13365],"product_tag":[],"class_list":{"0":"post-748909","1":"product","2":"type-product","3":"status-publish","5":"product_cat-basvuru-kitaplari-saglik","6":"product_cat-saglik","7":"pa_cilt-ciltsiz","8":"pa_tur-kitap","9":"pa_yayinevi-nova-kitap","10":"pa_yazar-tayfun-hancilar","12":"first","13":"instock","14":"sale","15":"shipping-taxable","16":"purchasable","17":"product-type-simple"},"_links":{"self":[{"href":"https:\/\/roveyayinevi.com.tr\/index.php\/wp-json\/wp\/v2\/product\/748909","targetHints":{"allow":["GET"]}}],"collection":[{"href":"https:\/\/roveyayinevi.com.tr\/index.php\/wp-json\/wp\/v2\/product"}],"about":[{"href":"https:\/\/roveyayinevi.com.tr\/index.php\/wp-json\/wp\/v2\/types\/product"}],"wp:attachment":[{"href":"https:\/\/roveyayinevi.com.tr\/index.php\/wp-json\/wp\/v2\/media?parent=748909"}],"wp:term":[{"taxonomy":"product_brand","embeddable":true,"href":"https:\/\/roveyayinevi.com.tr\/index.php\/wp-json\/wp\/v2\/product_brand?post=748909"},{"taxonomy":"product_cat","embeddable":true,"href":"https:\/\/roveyayinevi.com.tr\/index.php\/wp-json\/wp\/v2\/product_cat?post=748909"},{"taxonomy":"product_tag","embeddable":true,"href":"https:\/\/roveyayinevi.com.tr\/index.php\/wp-json\/wp\/v2\/product_tag?post=748909"}],"curies":[{"name":"wp","href":"https:\/\/api.w.org\/{rel}","templated":true}]}}