{"id":748904,"date":"2025-08-28T03:42:17","date_gmt":"2025-08-28T00:42:17","guid":{"rendered":"https:\/\/roveyayinevi.com.tr\/index.php\/urun\/bir-delinin-hatira-defteri-7\/"},"modified":"2026-04-16T03:01:39","modified_gmt":"2026-04-16T00:01:39","slug":"bir-delinin-hatira-defteri-7","status":"publish","type":"product","link":"https:\/\/roveyayinevi.com.tr\/index.php\/urun\/bir-delinin-hatira-defteri-7\/","title":{"rendered":"Bir Delinin Hat\u0131ra Defteri"},"content":{"rendered":"<p>\u201c1835&#8217;te Gogol, kamu hizmetinden kesin olarak emekli oldu. Kariyerinin bu noktas\u0131nda, daha sonra iki y\u0131lda toplayaca\u011f\u0131, \u00e7e\u015fitli nitelikte bir dizi \u00f6yk\u00fc ve komedi yazd\u0131. Ancak bu \u00f6yk\u00fclerden en dikkat \u00e7ekici olan\u0131 Palto&#8217;dur . Bu, Gogol&#8217;\u00fcn pathos&#8217;unun en y\u00fcksek \u00f6rne\u011fidir ve daha sonra geli\u015ftirece\u011fi canl\u0131 ger\u00e7ek\u00e7ili\u011fin t\u00fcm niteliklerini embriyo halinde i\u00e7erir. Hat sanat\u0131n\u0131n kendisi i\u00e7in bir g\u00fczel sanat oldu\u011fu, kopyalama tutkusu olan bir k\u00e2tip hik\u00e2yesidir. Asla yeterince s\u0131cak de\u011fildir; o her zaman titriyor. Hayat\u0131ndaki en b\u00fcy\u00fck arzusu, hayali; s\u0131cak bir paltoya sahip olmakt\u0131r. Y\u0131llar s\u00fcren yoksunluktan sonra, hayalini ger\u00e7ekle\u015ftirmek ve yeni bir palto almak i\u00e7in gerekli paray\u0131 biriktirir; ama giydi\u011fi ilk g\u00fcn palto ondan \u00e7al\u0131n\u0131r.\u201d   Gogol, 1810&#8217;da Poltava ilinde do\u011fdu. B\u00fcy\u00fckbabas\u0131, o zamanlar devlet i\u00e7inde neredeyse bir devlet olu\u015fturan Cossak Cumhuriyeti h\u00fck\u00fcmetinin onurlu bir \u00fcyesiydi. Torununu Kazaklar\u0131n ya\u015fam \u00f6yk\u00fcleriyle, maceralar\u0131yla, sava\u015flar\u0131yla ve ayr\u0131ca o \u00fclkenin dolup ta\u015ft\u0131\u011f\u0131 ve halk\u0131n ba\u015fl\u0131ca e\u011flencesini olu\u015fturan \u015feytanlar\u0131n, hayaletlerin \u00f6yk\u00fcleriyle e\u011flendiren oydu. Gogol&#8217;\u00fcn sanat\u0131n\u0131n temel \u00f6zelli\u011finin, onun bir hik\u00e2ye anlat\u0131c\u0131s\u0131 olarak ola\u011fan\u00fcst\u00fc g\u00fcc\u00fc oldu\u011fu ise daha sonra g\u00f6r\u00fclecekti\u2026 <\/p>\n","protected":false},"excerpt":{"rendered":"<p>\u201c1835&#8217;te Gogol, kamu hizmetinden kesin olarak emekli oldu. Kariyerinin bu noktas\u0131nda, daha sonra iki y\u0131lda toplayaca\u011f\u0131, \u00e7e\u015fitli nitelikte bir dizi \u00f6yk\u00fc ve komedi yazd\u0131. Ancak bu<span class=\"excerpt-hellip\"> [\u2026]<\/span><\/p>\n","protected":false},"featured_media":0,"template":"","meta":{"_monsterinsights_skip_tracking":false,"_monsterinsights_sitenote_active":false,"_monsterinsights_sitenote_note":"","_monsterinsights_sitenote_category":0},"product_brand":[],"product_cat":[12388],"product_tag":[],"class_list":{"0":"post-748904","1":"product","2":"type-product","3":"status-publish","5":"product_cat-felsefe","6":"pa_cilt-ciltsiz","7":"pa_tur-kitap","8":"pa_yayinevi-fark-yayinlari","9":"pa_yazar-nikolay-vasilyevic-gogol","11":"first","12":"instock","13":"sale","14":"shipping-taxable","15":"purchasable","16":"product-type-simple"},"_links":{"self":[{"href":"https:\/\/roveyayinevi.com.tr\/index.php\/wp-json\/wp\/v2\/product\/748904","targetHints":{"allow":["GET"]}}],"collection":[{"href":"https:\/\/roveyayinevi.com.tr\/index.php\/wp-json\/wp\/v2\/product"}],"about":[{"href":"https:\/\/roveyayinevi.com.tr\/index.php\/wp-json\/wp\/v2\/types\/product"}],"wp:attachment":[{"href":"https:\/\/roveyayinevi.com.tr\/index.php\/wp-json\/wp\/v2\/media?parent=748904"}],"wp:term":[{"taxonomy":"product_brand","embeddable":true,"href":"https:\/\/roveyayinevi.com.tr\/index.php\/wp-json\/wp\/v2\/product_brand?post=748904"},{"taxonomy":"product_cat","embeddable":true,"href":"https:\/\/roveyayinevi.com.tr\/index.php\/wp-json\/wp\/v2\/product_cat?post=748904"},{"taxonomy":"product_tag","embeddable":true,"href":"https:\/\/roveyayinevi.com.tr\/index.php\/wp-json\/wp\/v2\/product_tag?post=748904"}],"curies":[{"name":"wp","href":"https:\/\/api.w.org\/{rel}","templated":true}]}}