{"id":748903,"date":"2025-08-28T03:42:16","date_gmt":"2025-08-28T00:42:16","guid":{"rendered":"https:\/\/roveyayinevi.com.tr\/index.php\/urun\/141-sokaktan-vanderbeeker-ailesi\/"},"modified":"2026-04-16T03:01:39","modified_gmt":"2026-04-16T00:01:39","slug":"141-sokaktan-vanderbeeker-ailesi","status":"publish","type":"product","link":"https:\/\/roveyayinevi.com.tr\/index.php\/urun\/141-sokaktan-vanderbeeker-ailesi\/","title":{"rendered":"141. Sokak\u2019tan Vanderbeeker Ailesi"},"content":{"rendered":"<p>Vanderbeekerlar\u0131n y\u0131llard\u0131r ya\u015fad\u0131\u011f\u0131 m\u00fctevaz\u0131, k\u0131rm\u0131z\u0131 bina 141. Sokak\u2019\u0131n tam ortas\u0131ndayd\u0131. Vanderbeekerlar\u0131n evini ziyaret edenler, ortam\u0131n nas\u0131l oldu\u011funa dair bir fikir birli\u011fine varamasalar da nas\u0131l OLMADI\u011eI konusunda genel bir fikre sahiptiler:Sakin, Derli toplu, S\u0131k\u0131c\u0131, \u00d6ng\u00f6r\u00fclebilirVanderbeeker Ailesi, evlerini \u00e7ok seviyorlard\u0131. O ev, neredeyse ailenin \u00fcyelerinden biri say\u0131l\u0131rd\u0131. Bu y\u00fczden, dairesinden hi\u00e7 \u00e7\u0131kmayan huysuz ev sahipleri kira s\u00f6zle\u015fmesini yenilememeye karar verdi\u011finde Vanderbeekerlar\u0131n \u00e2deta d\u00fcnya ba\u015f\u0131na y\u0131k\u0131ld\u0131. Be\u015f karde\u015fin, evlerinde kalmak ve korkun\u00e7 Beiderman\u2019\u0131 ne kadar harika olduklar\u0131na ikna etmek i\u00e7in sadece on bir g\u00fcnleri vard\u0131.\u201c\u00c7ocuk edebiyat\u0131nda \u00e7ok az aile, Vanderbeekerlar kadar sevimli ve e\u011flencelidir.\u201d\u2014Booklist<\/p>\n","protected":false},"excerpt":{"rendered":"<p>Vanderbeekerlar\u0131n y\u0131llard\u0131r ya\u015fad\u0131\u011f\u0131 m\u00fctevaz\u0131, k\u0131rm\u0131z\u0131 bina 141. Sokak\u2019\u0131n tam ortas\u0131ndayd\u0131. Vanderbeekerlar\u0131n evini ziyaret edenler, ortam\u0131n nas\u0131l oldu\u011funa dair bir fikir birli\u011fine varamasalar da nas\u0131l OLMADI\u011eI konusunda<span class=\"excerpt-hellip\"> [\u2026]<\/span><\/p>\n","protected":false},"featured_media":0,"template":"","meta":{"_monsterinsights_skip_tracking":false,"_monsterinsights_sitenote_active":false,"_monsterinsights_sitenote_note":"","_monsterinsights_sitenote_category":0},"product_brand":[],"product_cat":[12274,12284],"product_tag":[],"class_list":{"0":"post-748903","1":"product","2":"type-product","3":"status-publish","5":"product_cat-cocuk-ve-genclik-kitaplari","6":"product_cat-hikayeler","7":"pa_cilt-ciltsiz","8":"pa_tur-kitap","9":"pa_yayinevi-ithaki-yayinlari","10":"pa_yazar-karina-yan-glaser","12":"first","13":"instock","14":"sale","15":"shipping-taxable","16":"purchasable","17":"product-type-simple"},"_links":{"self":[{"href":"https:\/\/roveyayinevi.com.tr\/index.php\/wp-json\/wp\/v2\/product\/748903","targetHints":{"allow":["GET"]}}],"collection":[{"href":"https:\/\/roveyayinevi.com.tr\/index.php\/wp-json\/wp\/v2\/product"}],"about":[{"href":"https:\/\/roveyayinevi.com.tr\/index.php\/wp-json\/wp\/v2\/types\/product"}],"wp:attachment":[{"href":"https:\/\/roveyayinevi.com.tr\/index.php\/wp-json\/wp\/v2\/media?parent=748903"}],"wp:term":[{"taxonomy":"product_brand","embeddable":true,"href":"https:\/\/roveyayinevi.com.tr\/index.php\/wp-json\/wp\/v2\/product_brand?post=748903"},{"taxonomy":"product_cat","embeddable":true,"href":"https:\/\/roveyayinevi.com.tr\/index.php\/wp-json\/wp\/v2\/product_cat?post=748903"},{"taxonomy":"product_tag","embeddable":true,"href":"https:\/\/roveyayinevi.com.tr\/index.php\/wp-json\/wp\/v2\/product_tag?post=748903"}],"curies":[{"name":"wp","href":"https:\/\/api.w.org\/{rel}","templated":true}]}}