{"id":748901,"date":"2025-08-28T03:42:13","date_gmt":"2025-08-28T00:42:13","guid":{"rendered":"https:\/\/roveyayinevi.com.tr\/index.php\/urun\/kusursuz-murebbiye\/"},"modified":"2026-04-16T03:01:39","modified_gmt":"2026-04-16T00:01:39","slug":"kusursuz-murebbiye","status":"publish","type":"product","link":"https:\/\/roveyayinevi.com.tr\/index.php\/urun\/kusursuz-murebbiye\/","title":{"rendered":"Kusursuz M\u00fcrebbiye"},"content":{"rendered":"<p>\u201c\u00c2\u015f\u0131k olmaya haz\u0131rlan\u0131n!\u201d\u2212Bridgerton serisinin yazar\u0131 Julia Quinn \u201cBay\u0131ld\u0131m! Bir\u00e7ok kez y\u00fcksek sesle g\u00fcld\u00fcm&#8230; Onun yazd\u0131klar\u0131n\u0131 \u00e7ok seviyorum.\u201d \u2212Jodi Picoult      New York Times&#8217;\u0131n \u00e7oksatan yazar\u0131 Tessa Dare,Bridgerton hayranlar\u0131n\u0131n \u00e7ok sevece\u011fi bir tarihia\u015fk roman\u0131 ile kar\u015f\u0131n\u0131zda!  Ge\u00e7im kayna\u011f\u0131 ellerinin aras\u0131ndan kay\u0131p giden AlexandraMountbatten\u2019\u0131n yeni i\u015fi olduk\u00e7a zor. Birbirinden asi iki yetimibir an \u00f6nce g\u00f6rg\u00fcl\u00fc gen\u00e7 han\u0131mlara d\u00f6n\u00fc\u015ft\u00fcrmesi gerekiyor.Ancak k\u0131zlar\u0131n disipline de\u011fil, sevgi dolu bir yuvaya ihtiya\u00e7lar\u0131var. Tabii bunu vasilerine anlatmak hi\u00e7 kolayde\u011fil. O, hem d\u00fck\u00fcn v\u00e2risi hem de Londral\u0131 kad\u0131nlar\u0131n g\u00f6zde-si. Pek \u00e7ok kad\u0131n onu dizginlemeye \u00e7al\u0131\u015ft\u0131ysa da sonu\u00e7 ortada. Kendine sayg\u0131s\u0131 olan her \u00e7apk\u0131n gibi, o da tek bir kurala g\u00f6reya\u015f\u0131yor: Ba\u011flanmak yok. Ama Alexandra kararl\u0131: Bir \u015fekildeChase\u2019in kalbine ula\u015fmal\u0131 ve bunu yaparken kendi kalbini vei\u015fini riske atmamal\u0131!<\/p>\n","protected":false},"excerpt":{"rendered":"<p>\u201c\u00c2\u015f\u0131k olmaya haz\u0131rlan\u0131n!\u201d\u2212Bridgerton serisinin yazar\u0131 Julia Quinn \u201cBay\u0131ld\u0131m! Bir\u00e7ok kez y\u00fcksek sesle g\u00fcld\u00fcm&#8230; Onun yazd\u0131klar\u0131n\u0131 \u00e7ok seviyorum.\u201d \u2212Jodi Picoult New York Times&#8217;\u0131n \u00e7oksatan yazar\u0131 Tessa Dare,Bridgerton<span class=\"excerpt-hellip\"> [\u2026]<\/span><\/p>\n","protected":false},"featured_media":0,"template":"","meta":{"_monsterinsights_skip_tracking":false,"_monsterinsights_sitenote_active":false,"_monsterinsights_sitenote_note":"","_monsterinsights_sitenote_category":0},"product_brand":[],"product_cat":[12291,12711],"product_tag":[],"class_list":{"0":"post-748901","1":"product","2":"type-product","3":"status-publish","5":"product_cat-edebiyat","6":"product_cat-roman-oyku","7":"pa_cilt-ciltsiz","8":"pa_tur-kitap","9":"pa_yayinevi-epsilon-yayinlari","10":"pa_yazar-tessa-dare","12":"first","13":"instock","14":"sale","15":"shipping-taxable","16":"purchasable","17":"product-type-simple"},"_links":{"self":[{"href":"https:\/\/roveyayinevi.com.tr\/index.php\/wp-json\/wp\/v2\/product\/748901","targetHints":{"allow":["GET"]}}],"collection":[{"href":"https:\/\/roveyayinevi.com.tr\/index.php\/wp-json\/wp\/v2\/product"}],"about":[{"href":"https:\/\/roveyayinevi.com.tr\/index.php\/wp-json\/wp\/v2\/types\/product"}],"wp:attachment":[{"href":"https:\/\/roveyayinevi.com.tr\/index.php\/wp-json\/wp\/v2\/media?parent=748901"}],"wp:term":[{"taxonomy":"product_brand","embeddable":true,"href":"https:\/\/roveyayinevi.com.tr\/index.php\/wp-json\/wp\/v2\/product_brand?post=748901"},{"taxonomy":"product_cat","embeddable":true,"href":"https:\/\/roveyayinevi.com.tr\/index.php\/wp-json\/wp\/v2\/product_cat?post=748901"},{"taxonomy":"product_tag","embeddable":true,"href":"https:\/\/roveyayinevi.com.tr\/index.php\/wp-json\/wp\/v2\/product_tag?post=748901"}],"curies":[{"name":"wp","href":"https:\/\/api.w.org\/{rel}","templated":true}]}}