{"id":748898,"date":"2025-08-28T03:42:08","date_gmt":"2025-08-28T00:42:08","guid":{"rendered":"https:\/\/roveyayinevi.com.tr\/index.php\/urun\/kan-su-boya\/"},"modified":"2026-04-16T03:01:39","modified_gmt":"2026-04-16T00:01:39","slug":"kan-su-boya","status":"publish","type":"product","link":"https:\/\/roveyayinevi.com.tr\/index.php\/urun\/kan-su-boya\/","title":{"rendered":"Kan Su Boya"},"content":{"rendered":"<p>S\u0131n\u0131rlar\u0131 y\u0131kan ressam Artemisia Gentileschi\u2019nin hayat\u0131na dair nefes kesen bir hik\u00e2ye   On iki ya\u015f\u0131ndayken annesini kaybeden Artemisia Gentileschi&#8217;nin \u00f6n\u00fcnde iki se\u00e7enek vard\u0131: Ya bir manast\u0131rda rahibe hayat\u0131 s\u00fcrecek ya da babas\u0131n\u0131n resim at\u00f6lyesinde ayak i\u015flerini yapacakt\u0131.   Ve o resmi se\u00e7ti.   On yedisine geldi\u011finde, kimse ad\u0131n\u0131 bilmese de \u015fehrin en yetenekli ressamlar\u0131ndan biriydi. Ama 1610 y\u0131l\u0131nda Roma, erkeklerin kad\u0131nlardan ne isterlerse alabildikleri bir yerdi. Hayat\u0131ndaki herkes taraf\u0131ndan istismar edilen Artemisia&#8217;n\u0131nsa daha fazla susacak g\u00fcc\u00fc kalmam\u0131\u015ft\u0131.   Ben bir ressam\u0131m.Resim yapaca\u011f\u0131m.   Size bir kad\u0131n\u0131nneler yapabilece\u011fini g\u00f6sterece\u011fim.   \u2022 WILLIAM C. MORRIS \u0130LK K\u0130TAP \u00d6D\u00dcL\u00dc Finalisti \u2022 WASHINGTON EYALET K\u0130TAP \u00d6D\u00dcL\u00dc Kazanan\u0131 \u2022 \u015eiir dal\u0131nda 2018 GOODREADS OKUR \u00d6D\u00dcLLER\u0130 aday\u0131   \u201cKan Su Boya s\u0131radan bir tarihi roman gibi de\u011fil. Duygular\u0131n en saf h\u00e2liyle dolup ta\u015f\u0131yor ve McCullough, erkek egemen bir toplumda nas\u0131l davran\u0131lmas\u0131 gerekti\u011fini \u00f6\u011frenme ve sonra bunun d\u0131\u015f\u0131na \u00e7\u0131kma tecr\u00fcbesini ustaca anlat\u0131yor.\u201d \u2014 New Yorker   \u201cGizli bir utanc\u0131n pen\u00e7esinde ya\u015famay\u0131 reddeden gen\u00e7 bir kad\u0131n\u0131n co\u015fkulu, nefes kesen hik\u00e2yesi. Kan Su Boya, #MeToo hareketinin etraf\u0131nda d\u00f6nen g\u00fcncel tart\u0131\u015fmalara tam oturuyor.\u201d \u2014Chicago Tribune   \u2605 \u201cMcCullough, kad\u0131nlar\u0131n kendi hayatlar\u0131 \u00fczerinde hi\u00e7 haklar\u0131 olmad\u0131\u011f\u0131 bir d\u00f6nemde bir ikona d\u00f6n\u00fc\u015fen cesur, diren\u00e7li bir feministi t\u00fcm canl\u0131l\u0131\u011f\u0131yla anlatmay\u0131 ba\u015farm\u0131\u015f. Hik\u00e2yesi ve o hik\u00e2yenin anlat\u0131m\u0131nda kullan\u0131lan \u00e7arp\u0131c\u0131 \u015fiirler g\u00fcn\u00fcm\u00fcz okurlar\u0131nda g\u00fc\u00e7l\u00fc bir yank\u0131 uyand\u0131racak.\u201d \u2014Booklist, starred review   \u2605 \u201cMcCullough&#8217;nun \u015fahane i\u015flenmi\u015f metni, gen\u00e7 okurlar\u0131 bu g\u00fc\u00e7l\u00fc hik\u00e2yenin asl\u0131n\u0131 ara\u015ft\u0131rmaya te\u015fvik edecek. Karakterin \u00e7etrefilli yap\u0131s\u0131 onu kendi d\u00f6neminde oldu\u011fu kadar bizim zaman\u0131m\u0131zda da g\u00f6z \u00f6n\u00fcnde bulundurulmas\u0131 gereken bir g\u00fcce d\u00f6n\u00fc\u015ft\u00fcr\u00fcyor.\u201d \u2014School Library Journal, starred review   \u2605 \u201cUnutulmaz bir kad\u0131n\u0131n ak\u0131llardan \u00e7\u0131kmayacak, heyecan verici bir tasviri. Artemisia&#8217;n\u0131n hik\u00e2yesi hem bug\u00fcn\u00fcn hem de yar\u0131n\u0131n okurlar\u0131nda derin bir iz b\u0131rakacak.\u201d \u2014Publishers Weekly, starred review   \u201cBitirdikten \u00e7ok sonra bile sizinle kalacak g\u00fcncel bir hik\u00e2ye.\u201d \u2014Buzzfeed   \u201cZamans\u0131z ve ne yaz\u0131k ki h\u00e2l\u00e2 g\u00fcncel.\u201d \u2014Kirkus   \u201cModern feministlerde yank\u0131 uyand\u0131racak.\u201d \u2014BookPage   \u201cKad\u0131nlar\u0131n\u0131n susturulamayaca\u011f\u0131na dair umut dolu ve \u00f6nemli bir mesaj.\u201d \u2014BookRiot   \u201cKad\u0131nlar\u0131n ya\u015famlar\u0131na, hik\u00e2yelerine, ger\u00e7eklerine ve g\u00fcc\u00fcne dair fazlas\u0131yla tutkulu ve g\u00fc\u00e7l\u00fc bu anlat\u0131 tam bir ba\u015fyap\u0131t.\u201d \u2014Teen Librarian Toolbox   \u201cArtemisia Gentileschi&#8217;nin hik\u00e2yesi bana hayat\u0131m boyunca g\u00fc\u00e7 verecek.\u201d \u2014Amanda Lovelace   \u201cKad\u0131nlar\u0131n \u00e7a\u011flar boyunca \u00e7ektikleri ac\u0131lara ve nas\u0131l g\u00fc\u00e7l\u00fc durduklar\u0131na dair i\u00e7g\u00fcd\u00fcsel bir hat\u0131rlatma.\u201d \u2014Mindy McGinnis   \u201cHem ne kadar az \u015feyin de\u011fi\u015fti\u011fini hem de \u00e7ok daha fazlas\u0131n\u0131 ba\u015farabilece\u011fimizi g\u00f6zler \u00f6n\u00fcne seriyor.\u201d \u2014Gae Polisner   \u201cKan Su Boya ustaca kaleme al\u0131nm\u0131\u015f, \u00e7ok \u00f6zel ve de fazlas\u0131yla evrensel bir portre.\u201d \u2014Melanie Crowder     \u2022 AMELIA ELIZABETH WALDEN \u00d6D\u00dcL\u00dc Finalisti \u2022 BOSTON GLOBE En \u0130yi Kitaplar se\u00e7kisi \u2022 BOOK PAGE Y\u0131l\u0131n En \u0130yisi \u2022 BUSTLE Y\u0131l\u0131n En \u0130yisi \u2022 CHICAGO PUBLIC LIBRARY En \u0130yiler se\u00e7kisi \u2022 GLOBE&amp;MAIL Y\u0131l\u0131n Favori Kitab\u0131 \u2022 ULUSAL KITAP \u00d6D\u00dcL\u00dc Uzun Liste \u2022 PUBLISHERS WEEKLY Y\u0131l\u0131n En \u0130yi \u00c7\u0131k\u0131\u015f Yapan\u0131 \u2022 SCHOOL LIBRARY JOURNAL Y\u0131l\u0131n En \u0130yisi \u2022 SHELF AWARENESS Y\u0131l\u0131n En \u0130yi \u00c7ocuk &amp; Gen\u00e7 Kitaplar\u0131 se\u00e7kisi \u2022 YALSA En \u0130yi Gen\u00e7 Yeti\u015fkin Kurgu <\/p>\n","protected":false},"excerpt":{"rendered":"<p>S\u0131n\u0131rlar\u0131 y\u0131kan ressam Artemisia Gentileschi\u2019nin hayat\u0131na dair nefes kesen bir hik\u00e2ye On iki ya\u015f\u0131ndayken annesini kaybeden Artemisia Gentileschi&#8217;nin \u00f6n\u00fcnde iki se\u00e7enek vard\u0131: Ya bir manast\u0131rda rahibe<span class=\"excerpt-hellip\"> [\u2026]<\/span><\/p>\n","protected":false},"featured_media":0,"template":"","meta":{"_monsterinsights_skip_tracking":false,"_monsterinsights_sitenote_active":false,"_monsterinsights_sitenote_note":"","_monsterinsights_sitenote_category":0},"product_brand":[],"product_cat":[12291,12711],"product_tag":[],"class_list":{"0":"post-748898","1":"product","2":"type-product","3":"status-publish","5":"product_cat-edebiyat","6":"product_cat-roman-oyku","7":"pa_cilt-ciltsiz","8":"pa_tur-kitap","9":"pa_yayinevi-yabanci-yayinevi","10":"pa_yazar-joy-mccullough","12":"first","13":"instock","14":"sale","15":"shipping-taxable","16":"purchasable","17":"product-type-simple"},"_links":{"self":[{"href":"https:\/\/roveyayinevi.com.tr\/index.php\/wp-json\/wp\/v2\/product\/748898","targetHints":{"allow":["GET"]}}],"collection":[{"href":"https:\/\/roveyayinevi.com.tr\/index.php\/wp-json\/wp\/v2\/product"}],"about":[{"href":"https:\/\/roveyayinevi.com.tr\/index.php\/wp-json\/wp\/v2\/types\/product"}],"wp:attachment":[{"href":"https:\/\/roveyayinevi.com.tr\/index.php\/wp-json\/wp\/v2\/media?parent=748898"}],"wp:term":[{"taxonomy":"product_brand","embeddable":true,"href":"https:\/\/roveyayinevi.com.tr\/index.php\/wp-json\/wp\/v2\/product_brand?post=748898"},{"taxonomy":"product_cat","embeddable":true,"href":"https:\/\/roveyayinevi.com.tr\/index.php\/wp-json\/wp\/v2\/product_cat?post=748898"},{"taxonomy":"product_tag","embeddable":true,"href":"https:\/\/roveyayinevi.com.tr\/index.php\/wp-json\/wp\/v2\/product_tag?post=748898"}],"curies":[{"name":"wp","href":"https:\/\/api.w.org\/{rel}","templated":true}]}}