{"id":748895,"date":"2025-08-28T03:42:02","date_gmt":"2025-08-28T00:42:02","guid":{"rendered":"https:\/\/roveyayinevi.com.tr\/index.php\/urun\/guzel-seferlerin-suvarisi\/"},"modified":"2026-04-16T03:01:39","modified_gmt":"2026-04-16T00:01:39","slug":"guzel-seferlerin-suvarisi","status":"publish","type":"product","link":"https:\/\/roveyayinevi.com.tr\/index.php\/urun\/guzel-seferlerin-suvarisi\/","title":{"rendered":"G\u00fczel Seferlerin S\u00fcvarisi"},"content":{"rendered":"<p>\u00c4gir, 1942 y\u0131l\u0131nda Naziler taraf\u0131ndan in\u015fa edildi.Sava\u015ftan sonra \u0130ngilizler ona Herk\u00fcl ad\u0131n\u0131 verdi.1950\u2019lerde Denizcilik Bankas\u0131 taraf\u0131ndan sat\u0131n al\u0131narak Hora ad\u0131yla kurtarma r\u00f6mork\u00f6r\u00fc oldu.1974\u2019te Yunanistan\u2019la ya\u015fanan k\u0131ta sahanl\u0131\u011f\u0131 sorunu nedeniyle emekliye ayr\u0131lmak \u00fczereyken petrol arama gemisine d\u00f6n\u00fc\u015ft\u00fcr\u00fcld\u00fc. Hora\u2019ya, Sismik-1 ad\u0131 konuldu.G\u00fczel Seferlerin S\u00fcvarisi, \u00f6yk\u00fc kitaplar\u0131yla tan\u0131d\u0131\u011f\u0131m\u0131z M. \u00d6zg\u00fcr Mutlu\u2019nun ilk roman\u0131. 1999 Marmara Depremi\u2019nin ard\u0131ndan b\u00f6lgedeki faylar\u0131 ara\u015ft\u0131rmak i\u00e7in kullan\u0131lan, \u015fimdilerde \u0130stanbul Teknik \u00dcniversitesi\u2019nin e\u011fitim gemisi olan Sismik-1\u2019in hik\u00e2yesini anlat\u0131yor Mutlu. Kaptan Naml\u0131\u2019n\u0131n ve biri kad\u0131n ikisi erkek olmak \u00fczere \u00fc\u00e7 ara\u015ft\u0131rmac\u0131n\u0131n gemide ve mahsur kald\u0131klar\u0131 yar\u0131madada ya\u015fad\u0131klar\u0131ndan Knidoslu Afrodit\u2019e uzanan bir tarihe tan\u0131kl\u0131k etmeye \u00e7a\u011f\u0131r\u0131yor okuru.\u201cAma ben buraday\u0131m, ayr\u0131lmayaca\u011f\u0131m. \u015eimdi b\u00f6yle paspal, bak\u0131ms\u0131z, ac\u0131nas\u0131 h\u00e2lde dursa da Hora, denize indirilirken ne ihti\u015faml\u0131yd\u0131, tanr\u0131lar\u0131n \u015ferefine \u015farap d\u00f6k\u00fclmedi mi karalara ve denizlere, sponde, sponde. Kocay\u0131nca k\u00f6peklerin maskaras\u0131 olacak bir kurt de\u011fil o. Yaln\u0131z b\u0131rakmayaca\u011f\u0131m ne pahas\u0131na olursa olsun. Bir kaptan\u0131n yeri k\u00f6pr\u00fc \u00fcst\u00fcd\u00fcr. \u00c7\u0131k\u0131p orada oturaca\u011f\u0131m gerekirse y\u0131llarca, bir \u00f6m\u00fcr boyu.\u201d<\/p>\n","protected":false},"excerpt":{"rendered":"<p>\u00c4gir, 1942 y\u0131l\u0131nda Naziler taraf\u0131ndan in\u015fa edildi.Sava\u015ftan sonra \u0130ngilizler ona Herk\u00fcl ad\u0131n\u0131 verdi.1950\u2019lerde Denizcilik Bankas\u0131 taraf\u0131ndan sat\u0131n al\u0131narak Hora ad\u0131yla kurtarma r\u00f6mork\u00f6r\u00fc oldu.1974\u2019te Yunanistan\u2019la ya\u015fanan k\u0131ta<span class=\"excerpt-hellip\"> [\u2026]<\/span><\/p>\n","protected":false},"featured_media":0,"template":"","meta":{"_monsterinsights_skip_tracking":false,"_monsterinsights_sitenote_active":false,"_monsterinsights_sitenote_note":"","_monsterinsights_sitenote_category":0},"product_brand":[],"product_cat":[12291,12711],"product_tag":[],"class_list":{"0":"post-748895","1":"product","2":"type-product","3":"status-publish","5":"product_cat-edebiyat","6":"product_cat-roman-oyku","7":"pa_cilt-ciltsiz","8":"pa_tur-kitap","9":"pa_yayinevi-ithaki-yayinlari","10":"pa_yazar-m-ozgur-mutlu","12":"first","13":"instock","14":"sale","15":"shipping-taxable","16":"purchasable","17":"product-type-simple"},"_links":{"self":[{"href":"https:\/\/roveyayinevi.com.tr\/index.php\/wp-json\/wp\/v2\/product\/748895","targetHints":{"allow":["GET"]}}],"collection":[{"href":"https:\/\/roveyayinevi.com.tr\/index.php\/wp-json\/wp\/v2\/product"}],"about":[{"href":"https:\/\/roveyayinevi.com.tr\/index.php\/wp-json\/wp\/v2\/types\/product"}],"wp:attachment":[{"href":"https:\/\/roveyayinevi.com.tr\/index.php\/wp-json\/wp\/v2\/media?parent=748895"}],"wp:term":[{"taxonomy":"product_brand","embeddable":true,"href":"https:\/\/roveyayinevi.com.tr\/index.php\/wp-json\/wp\/v2\/product_brand?post=748895"},{"taxonomy":"product_cat","embeddable":true,"href":"https:\/\/roveyayinevi.com.tr\/index.php\/wp-json\/wp\/v2\/product_cat?post=748895"},{"taxonomy":"product_tag","embeddable":true,"href":"https:\/\/roveyayinevi.com.tr\/index.php\/wp-json\/wp\/v2\/product_tag?post=748895"}],"curies":[{"name":"wp","href":"https:\/\/api.w.org\/{rel}","templated":true}]}}