{"id":748894,"date":"2025-08-28T03:42:00","date_gmt":"2025-08-28T00:42:00","guid":{"rendered":"https:\/\/roveyayinevi.com.tr\/index.php\/urun\/kuru-dallar-yangini\/"},"modified":"2026-04-16T03:01:39","modified_gmt":"2026-04-16T00:01:39","slug":"kuru-dallar-yangini","status":"publish","type":"product","link":"https:\/\/roveyayinevi.com.tr\/index.php\/urun\/kuru-dallar-yangini\/","title":{"rendered":"Kuru Dallar Yang\u0131n\u0131"},"content":{"rendered":"<p>Daha \u00f6nce Ak\u0131p Giden G\u00fcnlerimiz ad\u0131yla \u00f6yk\u00fcleri yay\u0131mlanan \u00d6zcan Y\u0131lmaz, bu defa bir romanla okur kar\u015f\u0131s\u0131nda.Kitab\u0131n\u0131n yarat\u0131m s\u00fcrecinde \u201cTindersticks\u201d adl\u0131 grubun \u015fark\u0131 s\u00f6zlerinden, alb\u00fcm isimlerinden ve alb\u00fcmlerde yer alan \u015fark\u0131lar\u0131n s\u0131ralamas\u0131ndan faydalanan Y\u0131lmaz, anlatt\u0131\u011f\u0131 hik\u00e2yeyi \u00e7oky\u00fczl\u00fc cisimlerden yola \u00e7\u0131karak in\u015fa ediyor ve hik\u00e2yenin sonunda bi\u00e7imsel bir b\u00fct\u00fcnl\u00fc\u011f\u00fcn pe\u015fine d\u00fc\u015f\u00fcyor. B\u00fct\u00fcn\u00fc olu\u015fturan par\u00e7alar aras\u0131nda yazar\u0131n anlat\u0131c\u0131 tercihi dikkat \u00e7ekiyor.Kuru Dallar Yang\u0131n\u0131, melankolik bir d\u00fcnyan\u0131n ve o d\u00fcnyay\u0131 d\u00f6nd\u00fcren \u015fark\u0131lar\u0131n yiti\u015fine dair bir roman.\u201c\u0130kimiz de hayat\u0131m\u0131za devam etmeliydik, dedim, ba\u015fka ne olabilirdi ki. Ah, hakl\u0131s\u0131n elbet, dedi, akl\u0131na yeni bir \u015fey gelmi\u015f gibi duraksad\u0131, iyi vakit ge\u00e7irdik ama de\u011fil mi, diye sordu ve bir yan\u0131t beklemeden, benden nefret etmiyorsundur umar\u0131m, diyerek k\u0131k\u0131rdad\u0131. Bana nas\u0131l ac\u0131 verdi\u011fini fark edemiyor olamazd\u0131. Bak\u0131\u015flar\u0131m\u0131 ondan al\u0131p \u00e7atal\u0131m\u0131n ucunda yuvarlad\u0131\u011f\u0131m spagettiye diktim, a\u011fz\u0131ma g\u00f6t\u00fcr\u00fcp uzun uzun \u00e7i\u011fnedim. Lokmam\u0131 yuttuktan sonra pe\u00e7etenin ucuyla a\u011fz\u0131mdaki ya\u011f\u0131 sildim, y\u00fcz\u00fcne bakt\u0131m, art\u0131k kimse kimseden nefret etmiyor, dedim. T\u0131pk\u0131 kimsenin kimseyi sevmedi\u011fi, affetmedi\u011fi, ger\u00e7ekten \u00f6nemsemedi\u011fi ve kendisinden \u00f6ne koyamad\u0131\u011f\u0131 gibi. Hep ba\u015fkalar\u0131n\u0131 d\u00fc\u015fl\u00fcyoruz ve hayalimize ula\u015fsak da ula\u015famasak da yas\u0131n\u0131 tutuyoruz. Bu bir lanet, dedim. Ya da beddua, dedi. Can\u0131na k\u0131ym\u0131\u015flar\u0131n yazd\u0131\u011f\u0131 \u015fark\u0131lardan bula\u015fan k\u00f6t\u00fc b\u00fcy\u00fc. Belki de \u00f6yledir, dedim, ama yarat\u0131c\u0131lar\u0131n\u0131 \u00f6ld\u00fcren \u015fark\u0131lar de\u011fildi, bizdik.\u201d<\/p>\n","protected":false},"excerpt":{"rendered":"<p>Daha \u00f6nce Ak\u0131p Giden G\u00fcnlerimiz ad\u0131yla \u00f6yk\u00fcleri yay\u0131mlanan \u00d6zcan Y\u0131lmaz, bu defa bir romanla okur kar\u015f\u0131s\u0131nda.Kitab\u0131n\u0131n yarat\u0131m s\u00fcrecinde \u201cTindersticks\u201d adl\u0131 grubun \u015fark\u0131 s\u00f6zlerinden, alb\u00fcm isimlerinden ve<span class=\"excerpt-hellip\"> [\u2026]<\/span><\/p>\n","protected":false},"featured_media":0,"template":"","meta":{"_monsterinsights_skip_tracking":false,"_monsterinsights_sitenote_active":false,"_monsterinsights_sitenote_note":"","_monsterinsights_sitenote_category":0},"product_brand":[],"product_cat":[12291,12711],"product_tag":[],"class_list":{"0":"post-748894","1":"product","2":"type-product","3":"status-publish","5":"product_cat-edebiyat","6":"product_cat-roman-oyku","7":"pa_cilt-ciltsiz","8":"pa_tur-kitap","9":"pa_yayinevi-ithaki-yayinlari","10":"pa_yazar-ozcan-yilmaz-sutcu","12":"first","13":"instock","14":"sale","15":"shipping-taxable","16":"purchasable","17":"product-type-simple"},"_links":{"self":[{"href":"https:\/\/roveyayinevi.com.tr\/index.php\/wp-json\/wp\/v2\/product\/748894","targetHints":{"allow":["GET"]}}],"collection":[{"href":"https:\/\/roveyayinevi.com.tr\/index.php\/wp-json\/wp\/v2\/product"}],"about":[{"href":"https:\/\/roveyayinevi.com.tr\/index.php\/wp-json\/wp\/v2\/types\/product"}],"wp:attachment":[{"href":"https:\/\/roveyayinevi.com.tr\/index.php\/wp-json\/wp\/v2\/media?parent=748894"}],"wp:term":[{"taxonomy":"product_brand","embeddable":true,"href":"https:\/\/roveyayinevi.com.tr\/index.php\/wp-json\/wp\/v2\/product_brand?post=748894"},{"taxonomy":"product_cat","embeddable":true,"href":"https:\/\/roveyayinevi.com.tr\/index.php\/wp-json\/wp\/v2\/product_cat?post=748894"},{"taxonomy":"product_tag","embeddable":true,"href":"https:\/\/roveyayinevi.com.tr\/index.php\/wp-json\/wp\/v2\/product_tag?post=748894"}],"curies":[{"name":"wp","href":"https:\/\/api.w.org\/{rel}","templated":true}]}}