{"id":748893,"date":"2025-08-28T03:41:58","date_gmt":"2025-08-28T00:41:58","guid":{"rendered":"https:\/\/roveyayinevi.com.tr\/index.php\/urun\/duello-5\/"},"modified":"2026-04-16T03:01:38","modified_gmt":"2026-04-16T00:01:38","slug":"duello-5","status":"publish","type":"product","link":"https:\/\/roveyayinevi.com.tr\/index.php\/urun\/duello-5\/","title":{"rendered":"D\u00fcello"},"content":{"rendered":"<p>\u201cAleksandr Kuprin, Anton \u00c7ehov\u2019un ger\u00e7ek v\u00e2rislerinden biridir.\u201d \u2013Lev TolstoyHayranlar\u0131 aras\u0131nda \u00c7ehov, Tolstoy, Gorki, Bunin gibi Rus edebiyat\u0131n\u0131n b\u00fcy\u00fck isimleri de bulunan D\u00fcello, Aleksandr Kuprin\u2019in en me\u015fhur eseri say\u0131l\u0131yor. Romanda, kendisi i\u00e7in askerlik d\u0131\u015f\u0131nda bir hayat hayal edemeyen, bir yandan da i\u00e7inde bulundu\u011fu d\u00fczene ayak uydurmakta g\u00fc\u00e7l\u00fck \u00e7eken bir subay\u0131n hik\u00e2yesi anlat\u0131l\u0131yor.Rusya\u2019n\u0131n g\u00fcneyi, Rus-Japon Sava\u015f\u0131 sonras\u0131. Aste\u011fmen Rama\u015fov ama\u00e7s\u0131z bir ordu d\u00fczeni i\u00e7inde k\u0131s\u0131l\u0131 kalm\u0131\u015f, gen\u00e7 bir subayd\u0131r. Sonu gelmez talimlerin yap\u0131ld\u0131\u011f\u0131, askerlerin zorlu \u015fartlara uyum sa\u011flamaya \u00e7al\u0131\u015ft\u0131\u011f\u0131 bu orduda askeri hayat\u0131n ac\u0131mas\u0131zl\u0131\u011f\u0131yla ba\u015fa \u00e7\u0131kmakta zorlanan Rama\u015fov g\u00fcnlerini romantik g\u00fcnd\u00fcz d\u00fc\u015fleri kurarak ge\u00e7irir. Ancak yapaca\u011f\u0131 bir hata, hayat\u0131n\u0131n gidi\u015fat\u0131n\u0131 de\u011fi\u015ftirecektir.<\/p>\n","protected":false},"excerpt":{"rendered":"<p>\u201cAleksandr Kuprin, Anton \u00c7ehov\u2019un ger\u00e7ek v\u00e2rislerinden biridir.\u201d \u2013Lev TolstoyHayranlar\u0131 aras\u0131nda \u00c7ehov, Tolstoy, Gorki, Bunin gibi Rus edebiyat\u0131n\u0131n b\u00fcy\u00fck isimleri de bulunan D\u00fcello, Aleksandr Kuprin\u2019in en me\u015fhur<span class=\"excerpt-hellip\"> [\u2026]<\/span><\/p>\n","protected":false},"featured_media":0,"template":"","meta":{"_monsterinsights_skip_tracking":false,"_monsterinsights_sitenote_active":false,"_monsterinsights_sitenote_note":"","_monsterinsights_sitenote_category":0},"product_brand":[],"product_cat":[12291,13872],"product_tag":[],"class_list":{"0":"post-748893","1":"product","2":"type-product","3":"status-publish","5":"product_cat-edebiyat","6":"product_cat-klasikler","7":"pa_cilt-ciltsiz","8":"pa_tur-kitap","9":"pa_yayinevi-ithaki-yayinlari","10":"pa_yazar-aleksandr-ivanovic-kuprin","12":"first","13":"instock","14":"sale","15":"shipping-taxable","16":"purchasable","17":"product-type-simple"},"_links":{"self":[{"href":"https:\/\/roveyayinevi.com.tr\/index.php\/wp-json\/wp\/v2\/product\/748893","targetHints":{"allow":["GET"]}}],"collection":[{"href":"https:\/\/roveyayinevi.com.tr\/index.php\/wp-json\/wp\/v2\/product"}],"about":[{"href":"https:\/\/roveyayinevi.com.tr\/index.php\/wp-json\/wp\/v2\/types\/product"}],"wp:attachment":[{"href":"https:\/\/roveyayinevi.com.tr\/index.php\/wp-json\/wp\/v2\/media?parent=748893"}],"wp:term":[{"taxonomy":"product_brand","embeddable":true,"href":"https:\/\/roveyayinevi.com.tr\/index.php\/wp-json\/wp\/v2\/product_brand?post=748893"},{"taxonomy":"product_cat","embeddable":true,"href":"https:\/\/roveyayinevi.com.tr\/index.php\/wp-json\/wp\/v2\/product_cat?post=748893"},{"taxonomy":"product_tag","embeddable":true,"href":"https:\/\/roveyayinevi.com.tr\/index.php\/wp-json\/wp\/v2\/product_tag?post=748893"}],"curies":[{"name":"wp","href":"https:\/\/api.w.org\/{rel}","templated":true}]}}