{"id":748891,"date":"2025-08-28T03:41:56","date_gmt":"2025-08-28T00:41:56","guid":{"rendered":"https:\/\/roveyayinevi.com.tr\/index.php\/urun\/kisa-babil-tarihi\/"},"modified":"2026-04-13T03:07:47","modified_gmt":"2026-04-13T00:07:47","slug":"kisa-babil-tarihi","status":"publish","type":"product","link":"https:\/\/roveyayinevi.com.tr\/index.php\/urun\/kisa-babil-tarihi\/","title":{"rendered":"K\u0131sa Babil Tarihi"},"content":{"rendered":"<p>Antik Mezopotamya\u2019n\u0131n en \u00f6nemli kentlerinden Babil Hammurabi, Kassitler ve Nebukadnezzar taraf\u0131ndan y\u00f6netilen \u00fc\u00e7 b\u00fcy\u00fck imparatorlu\u011fa ev sahipli\u011fi yapt\u0131ktan sonra Persler taraf\u0131ndan fethedildi. B\u00fcy\u00fck \u0130skender\u2019in \u00f6nemli bir zafer kazanarak girdi\u011fi ve daha sonras\u0131nda ya\u015fam\u0131n\u0131 yitirdi\u011fi yer olan Babil bundan sonraki d\u00f6nemlerde \u0130skender\u2019in miras\u00e7\u0131lar\u0131, Romal\u0131lar ve Parthlar aras\u0131nda el de\u011fi\u015ftirdikten sonra eski g\u00f6rkemini yitirdi. K\u0131sa Babil Tarihi\u2019nde TrevorBryce bizleri 2000 y\u0131l\u0131 a\u015fan bir yolculu\u011fa \u00e7\u0131kar\u0131yor. Birbiri ard\u0131na gelen zaferler, gerilemeler ve yeniden dirili\u015f hik\u00e2yelerinin yan\u0131 s\u0131ra s\u0131radan bir Babillinin g\u00fcnl\u00fck ya\u015fam\u0131na dair ayr\u0131nt\u0131lar tarihin en \u00f6nemli uygarl\u0131klar\u0131ndan biri hakk\u0131nda kapsaml\u0131 bir rehber sunuyor. <\/p>\n","protected":false},"excerpt":{"rendered":"<p>Antik Mezopotamya\u2019n\u0131n en \u00f6nemli kentlerinden Babil Hammurabi, Kassitler ve Nebukadnezzar taraf\u0131ndan y\u00f6netilen \u00fc\u00e7 b\u00fcy\u00fck imparatorlu\u011fa ev sahipli\u011fi yapt\u0131ktan sonra Persler taraf\u0131ndan fethedildi. B\u00fcy\u00fck \u0130skender\u2019in \u00f6nemli bir<span class=\"excerpt-hellip\"> [\u2026]<\/span><\/p>\n","protected":false},"featured_media":0,"template":"","meta":{"_monsterinsights_skip_tracking":false,"_monsterinsights_sitenote_active":false,"_monsterinsights_sitenote_note":"","_monsterinsights_sitenote_category":0},"product_brand":[],"product_cat":[12304],"product_tag":[],"class_list":{"0":"post-748891","1":"product","2":"type-product","3":"status-publish","5":"product_cat-tarih","6":"pa_cilt-ciltsiz","7":"pa_tur-kitap","8":"pa_yayinevi-say-yayinlari","9":"pa_yazar-trevor-bryce","11":"first","12":"instock","13":"sale","14":"shipping-taxable","15":"purchasable","16":"product-type-simple"},"_links":{"self":[{"href":"https:\/\/roveyayinevi.com.tr\/index.php\/wp-json\/wp\/v2\/product\/748891","targetHints":{"allow":["GET"]}}],"collection":[{"href":"https:\/\/roveyayinevi.com.tr\/index.php\/wp-json\/wp\/v2\/product"}],"about":[{"href":"https:\/\/roveyayinevi.com.tr\/index.php\/wp-json\/wp\/v2\/types\/product"}],"wp:attachment":[{"href":"https:\/\/roveyayinevi.com.tr\/index.php\/wp-json\/wp\/v2\/media?parent=748891"}],"wp:term":[{"taxonomy":"product_brand","embeddable":true,"href":"https:\/\/roveyayinevi.com.tr\/index.php\/wp-json\/wp\/v2\/product_brand?post=748891"},{"taxonomy":"product_cat","embeddable":true,"href":"https:\/\/roveyayinevi.com.tr\/index.php\/wp-json\/wp\/v2\/product_cat?post=748891"},{"taxonomy":"product_tag","embeddable":true,"href":"https:\/\/roveyayinevi.com.tr\/index.php\/wp-json\/wp\/v2\/product_tag?post=748891"}],"curies":[{"name":"wp","href":"https:\/\/api.w.org\/{rel}","templated":true}]}}