{"id":748888,"date":"2025-08-28T03:41:52","date_gmt":"2025-08-28T00:41:52","guid":{"rendered":"https:\/\/roveyayinevi.com.tr\/index.php\/urun\/yahudi-mezhepleri-ferisilik-ve-sadukilik-giris\/"},"modified":"2026-04-16T03:01:38","modified_gmt":"2026-04-16T00:01:38","slug":"yahudi-mezhepleri-ferisilik-ve-sadukilik-giris","status":"publish","type":"product","link":"https:\/\/roveyayinevi.com.tr\/index.php\/urun\/yahudi-mezhepleri-ferisilik-ve-sadukilik-giris\/","title":{"rendered":"Yahudi Mezhepleri Ferisilik ve Sadukilik Giri\u015f"},"content":{"rendered":"<p>Milletlerin tarihinin belli bir evresinden sonra g\u00f6r\u00fclmeye ba\u015flayan f\u0131rkalar neyin nesidir ve i\u00e7timai b\u00fcnyede hangi ihtiyaca cevap olarak ortaya \u00e7\u0131karlar? Bu f\u0131rkalar aras\u0131nda hangi araz\u0131n bir ar\u0131zas\u0131 olarak bir m\u00fcddet sonra tefrika ba\u015f g\u00f6sterir ve o ne olur da ger\u00e7e\u011fi ger\u00e7ekli\u011fi i\u00e7erisinde g\u00fcn y\u00fcz\u00fcne \u00e7\u0131kmaya b\u0131rakmayan tefrikac\u0131l\u0131\u011fa d\u00f6n\u00fc\u015f\u00fcr? Veya bunlar\u0131n n\u00fcveleri daha derinde, kuvve olarak olsa bile, bizzat insan tabiat\u0131nda m\u0131 mevcuttur? \u00d6yle ise o insan tabiat\u0131nda hangi temay\u00fcl\u00fcn marazi meyli veya hangi \u00e7atla\u011f\u0131n s\u0131z\u0131nt\u0131s\u0131 olarak ortaya \u00e7\u0131kar? Yoksa o i\u00e7timai b\u00fcnyede i\u00e7eriden bir illetin de\u011fil de d\u0131\u015far\u0131dan, devletleri hatta milletleri de a\u015fan seviyede bir m\u00fcdahalenin neticesi olarak m\u0131 v\u00fccut bulur? Kitap \u00e7a\u011f\u0131m\u0131z\u0131n m\u00fczmin hastal\u0131\u011f\u0131 tefrikac\u0131l\u0131k, onun ka\u00e7\u0131n\u0131lmaz sonucu merkezin \u00e7\u00f6k\u00fc\u015f\u00fc ile her nevi milli ve i\u00e7timai meselenin sahipsiz kal\u0131\u015f\u0131 aras\u0131ndaki ba\u011f\u0131 S\u00fcrg\u00fcn Sonras\u0131 Yahudilik Tarihi\u2019nin a\u00e7t\u0131\u011f\u0131 aral\u0131ktan g\u00f6rmeye ve yukar\u0131daki sorular\u0131n cevaplar\u0131n\u0131 o aral\u0131ktan s\u00fcz\u00fclen \u0131\u015f\u0131k alt\u0131nda aramaya \u00e7al\u0131\u015f\u0131yor. Ve bu aray\u0131\u015f i\u00e7erisinde Yahudi f\u0131rkalar\u0131n\u0131 vaktiyle Roma\u2019n\u0131n \u00e7\u00f6z\u00fcc\u00fc da\u011f\u0131t\u0131c\u0131 imperiumu kar\u015f\u0131s\u0131nda ayakta kalabilmek i\u00e7in \u00f6nlerine \u00e7\u0131kan hal tarzlar\u0131n\u0131n tezah\u00fcr\u00fc olarak anlamaya \u00e7al\u0131\u015f\u0131rken bug\u00fcn bile devletler aras\u0131 m\u00fcnasebetlerde g\u00fcncelli\u011finden bir \u015fey kaybetmemi\u015f \u015fu soru ile kar\u015f\u0131la\u015f\u0131yor: Azg\u0131nl\u0131k ve ta\u015fk\u0131nl\u0131k i\u00e7erisinde had bilmez hukuk tan\u0131maz hale gelmi\u015f bir imperium ve onun \u00f6n\u00fcne \u00e7\u0131kana tasallutta bulunup boyun e\u011fdirmeye \u00e7al\u0131\u015fan imp\u00e9rialismei neden yasaya h\u00fcrmet, yasaklar\u0131na riayet ederek nizam intizam i\u00e7erisinde ya\u015fayan bir kavmi kendi haline b\u0131rakmaz da kendisi i\u00e7in en b\u00fcy\u00fck tehlike olarak g\u00f6r\u00fcr? Kendisi had bilmedi\u011fi hukuk tan\u0131mad\u0131\u011f\u0131 gibi tan\u0131yan\u0131 neden b\u0131rakmaz ki tan\u0131s\u0131n ve hududu i\u00e7inde ya\u015fas\u0131n? \u0130ster insanlar ister kavimler aras\u0131nda hadde ve tahdide kar\u015f\u0131 \u00e7\u0131kan, keyfilik ve ba\u015f\u0131na buyrukluk pe\u015finde ko\u015fan kimdir? <\/p>\n","protected":false},"excerpt":{"rendered":"<p>Milletlerin tarihinin belli bir evresinden sonra g\u00f6r\u00fclmeye ba\u015flayan f\u0131rkalar neyin nesidir ve i\u00e7timai b\u00fcnyede hangi ihtiyaca cevap olarak ortaya \u00e7\u0131karlar? Bu f\u0131rkalar aras\u0131nda hangi araz\u0131n bir<span class=\"excerpt-hellip\"> [\u2026]<\/span><\/p>\n","protected":false},"featured_media":0,"template":"","meta":{"_monsterinsights_skip_tracking":false,"_monsterinsights_sitenote_active":false,"_monsterinsights_sitenote_note":"","_monsterinsights_sitenote_category":0},"product_brand":[],"product_cat":[12312,12304],"product_tag":[],"class_list":{"0":"post-748888","1":"product","2":"type-product","3":"status-publish","5":"product_cat-diger","6":"product_cat-tarih","7":"pa_cilt-ciltsiz","8":"pa_tur-kitap","9":"pa_yayinevi-say-yayinlari","10":"pa_yazar-julius-wellhausen-l-finkelstein-s-zeitlin","12":"first","13":"instock","14":"sale","15":"shipping-taxable","16":"purchasable","17":"product-type-simple"},"_links":{"self":[{"href":"https:\/\/roveyayinevi.com.tr\/index.php\/wp-json\/wp\/v2\/product\/748888","targetHints":{"allow":["GET"]}}],"collection":[{"href":"https:\/\/roveyayinevi.com.tr\/index.php\/wp-json\/wp\/v2\/product"}],"about":[{"href":"https:\/\/roveyayinevi.com.tr\/index.php\/wp-json\/wp\/v2\/types\/product"}],"wp:attachment":[{"href":"https:\/\/roveyayinevi.com.tr\/index.php\/wp-json\/wp\/v2\/media?parent=748888"}],"wp:term":[{"taxonomy":"product_brand","embeddable":true,"href":"https:\/\/roveyayinevi.com.tr\/index.php\/wp-json\/wp\/v2\/product_brand?post=748888"},{"taxonomy":"product_cat","embeddable":true,"href":"https:\/\/roveyayinevi.com.tr\/index.php\/wp-json\/wp\/v2\/product_cat?post=748888"},{"taxonomy":"product_tag","embeddable":true,"href":"https:\/\/roveyayinevi.com.tr\/index.php\/wp-json\/wp\/v2\/product_tag?post=748888"}],"curies":[{"name":"wp","href":"https:\/\/api.w.org\/{rel}","templated":true}]}}