{"id":748884,"date":"2025-08-28T03:41:47","date_gmt":"2025-08-28T00:41:47","guid":{"rendered":"https:\/\/roveyayinevi.com.tr\/index.php\/urun\/oda-muzigi-toplu-siirler\/"},"modified":"2026-04-16T03:01:38","modified_gmt":"2026-04-16T00:01:38","slug":"oda-muzigi-toplu-siirler","status":"publish","type":"product","link":"https:\/\/roveyayinevi.com.tr\/index.php\/urun\/oda-muzigi-toplu-siirler\/","title":{"rendered":"Oda M\u00fczi\u011fi: Toplu \u015eiirler"},"content":{"rendered":"<p>Modern edebiyat\u0131n en \u00e7etrefil, dilin, anlat\u0131n\u0131n s\u0131n\u0131rlar\u0131n\u0131 y\u0131k\u0131p ge\u00e7en, roman t\u00fcr\u00fcn\u00fc bamba\u015fka ihtimallerle tan\u0131\u015ft\u0131ran yazar\u0131 Joyce i\u00e7in, Beckett \u201conun eserleri \u015feyle ilgili de\u011fil, o \u015feyin ta kendisidir,\u201d der. Jorge Luis Borges, Flann O\u2019Brien, David Foster Wallace, Gabriel Garc\u00eda M\u00e1rquez ve ba\u015fka say\u0131s\u0131z yazar\u0131 etkileyen Joyce, sadece Dublin\u2019i ve \u0130rlanda\u2019y\u0131 anlatarak evrensel ve zamans\u0131z bir edebiyat b\u0131rakt\u0131 ard\u0131nda.   Joyce, usta bir roman yazar\u0131 olarak tarihe ge\u00e7se de ayn\u0131 zamanda \u015fark\u0131 s\u00f6ylemeyi seven, m\u00fczikle i\u00e7li d\u0131\u015fl\u0131 bir \u015fairdi. \u00d6zellikle yirmili ya\u015flar\u0131nda m\u00fczi\u011fin hayat\u0131nda \u00f6nemli bir yer kaplad\u0131\u011f\u0131 d\u00f6nemde, otuz alt\u0131 a\u015fk \u015fiirinden olu\u015fan ilk kitab\u0131 Oda M\u00fczi\u011fi\u2019ni yay\u0131mlad\u0131. Joyce\u2019un \u015fiirlerinin bir araya geldi\u011fi bu derlemede ise Oda M\u00fczi\u011fi\u2019nin yan\u0131 s\u0131ra ikinci \u015fiir kitab\u0131 Bi\u2019tekli\u011fe Dans Pabu\u00e7lar\u0131 ve buna ek olarak \u201cEcce Puer\u201d, \u201cEngizisyon\u201d ve \u201cHavagaz\u0131\u201d gibi di\u011fer ba\u011f\u0131ms\u0131z \u015fiirleri de yer al\u0131yor. Oda M\u00fczi\u011fi: Toplu \u015eiirler, \u015fair James Joyce\u2019un hayat\u0131nda yer eden i\u00e7 sesler ile d\u0131\u015f seslere kulak verebildi\u011fimiz bir alb\u00fcm. \u201cBu \u015fiirler, birinin ak\u015fam vakti hava karar\u0131rken \u00e7ald\u0131\u011f\u0131 f\u0131s\u0131ldayan bir klavsen gibi\u2026 Eski bir m\u00fczik aletinden \u00e7\u0131kan, hi\u00e7 gen\u00e7 olmam\u0131\u015f ve asla ya\u015flanmayacak, ruhani, eski t\u0131n\u0131larla dolular.\u201d \u2013Arthur Symons   \u201c\u00d6zellikle ilk k\u0131s\u0131mdaki \u015fiirlerin niteli\u011fi ve \u00fcst\u00fcnl\u00fc\u011f\u00fc Joyce\u2019un titiz m\u00fczik e\u011fitiminden kaynaklan\u0131yor.\u201d \u2013Ezra Pound <\/p>\n","protected":false},"excerpt":{"rendered":"<p>Modern edebiyat\u0131n en \u00e7etrefil, dilin, anlat\u0131n\u0131n s\u0131n\u0131rlar\u0131n\u0131 y\u0131k\u0131p ge\u00e7en, roman t\u00fcr\u00fcn\u00fc bamba\u015fka ihtimallerle tan\u0131\u015ft\u0131ran yazar\u0131 Joyce i\u00e7in, Beckett \u201conun eserleri \u015feyle ilgili de\u011fil, o \u015feyin ta<span class=\"excerpt-hellip\"> [\u2026]<\/span><\/p>\n","protected":false},"featured_media":0,"template":"","meta":{"_monsterinsights_skip_tracking":false,"_monsterinsights_sitenote_active":false,"_monsterinsights_sitenote_note":"","_monsterinsights_sitenote_category":0},"product_brand":[],"product_cat":[12291,12509],"product_tag":[],"class_list":{"0":"post-748884","1":"product","2":"type-product","3":"status-publish","5":"product_cat-edebiyat","6":"product_cat-siir","7":"pa_cilt-ciltsiz","8":"pa_tur-kitap","9":"pa_yayinevi-ithaki-yayinlari","10":"pa_yazar-james-joyce","12":"first","13":"instock","14":"sale","15":"shipping-taxable","16":"purchasable","17":"product-type-simple"},"_links":{"self":[{"href":"https:\/\/roveyayinevi.com.tr\/index.php\/wp-json\/wp\/v2\/product\/748884","targetHints":{"allow":["GET"]}}],"collection":[{"href":"https:\/\/roveyayinevi.com.tr\/index.php\/wp-json\/wp\/v2\/product"}],"about":[{"href":"https:\/\/roveyayinevi.com.tr\/index.php\/wp-json\/wp\/v2\/types\/product"}],"wp:attachment":[{"href":"https:\/\/roveyayinevi.com.tr\/index.php\/wp-json\/wp\/v2\/media?parent=748884"}],"wp:term":[{"taxonomy":"product_brand","embeddable":true,"href":"https:\/\/roveyayinevi.com.tr\/index.php\/wp-json\/wp\/v2\/product_brand?post=748884"},{"taxonomy":"product_cat","embeddable":true,"href":"https:\/\/roveyayinevi.com.tr\/index.php\/wp-json\/wp\/v2\/product_cat?post=748884"},{"taxonomy":"product_tag","embeddable":true,"href":"https:\/\/roveyayinevi.com.tr\/index.php\/wp-json\/wp\/v2\/product_tag?post=748884"}],"curies":[{"name":"wp","href":"https:\/\/api.w.org\/{rel}","templated":true}]}}