{"id":748881,"date":"2025-08-28T03:41:41","date_gmt":"2025-08-28T00:41:41","guid":{"rendered":"https:\/\/roveyayinevi.com.tr\/index.php\/urun\/kiz\/"},"modified":"2026-04-16T03:01:38","modified_gmt":"2026-04-16T00:01:38","slug":"kiz","status":"publish","type":"product","link":"https:\/\/roveyayinevi.com.tr\/index.php\/urun\/kiz\/","title":{"rendered":"K\u0131z"},"content":{"rendered":"<p>Bir zamanlar bir k\u0131z \u00e7ocu\u011fuydum ama art\u0131k de\u011filim.   Bir gece vakti, uykusundan silah sesleriyle uyand\u0131r\u0131lan Maryam, okul arkada\u015flar\u0131yla birlikte Boko Haram \u00f6rg\u00fct\u00fc taraf\u0131ndan ka\u00e7\u0131r\u0131l\u0131r ve orman\u0131n derinliklerinde, tamamen erkeklerin egemenlik kurdu\u011fu bir kampta her t\u00fcrl\u00fc barbarl\u0131\u011f\u0131, deh\u015feti deneyimler. Militanlardan biriyle zorla evlendirilir, hamile kal\u0131r. Nihayet oradan ka\u00e7\u0131p tehlikelerle dolu bitmek bilmez bir yolu a\u015ft\u0131ktan sonraysa kendisini bekleyen s\u0131cak bir kar\u015f\u0131lama de\u011fil, toplumsal yarg\u0131lar ve b\u00fcrokratik a\u00e7mazlard\u0131r.   \u0130ngiliz dilinin ya\u015fayan en b\u00fcy\u00fck yazarlar\u0131ndan biri olan Edna O\u2019Brien, Kuzeydo\u011fu Nijerya&#8217;n\u0131n ac\u0131mas\u0131z, vah\u015fi do\u011fas\u0131nda din ad\u0131na i\u015flenen insanl\u0131k su\u00e7lar\u0131n\u0131 ve kad\u0131n d\u00fc\u015fmanl\u0131\u011f\u0131n\u0131 ele alarak rahats\u0131z edici ve t\u00fcyler \u00fcrpertici bir trajedinin roman\u0131n\u0131 yaz\u0131yor.   \u201cO\u2019Brien, Nijeryal\u0131 cihat\u00e7\u0131lar taraf\u0131ndan ka\u00e7\u0131r\u0131l\u0131p korkun\u00e7 tacizlere maruz kald\u0131ktan sonra oradan kurtulmay\u0131 ba\u015faran ve inat\u00e7\u0131 bir \u0131srarla par\u00e7alanm\u0131\u015f hayat\u0131n\u0131 yeniden kurmaya ba\u015flayan gen\u00e7 bir kad\u0131n\u0131n i\u00e7 d\u00fcnyas\u0131n\u0131 anlat\u0131yor. Cesur bir ruh hakk\u0131nda yaz\u0131lm\u0131\u015f cesur bir kitap.\u201d                                                                             J.M. Coetzee   <\/p>\n","protected":false},"excerpt":{"rendered":"<p>Bir zamanlar bir k\u0131z \u00e7ocu\u011fuydum ama art\u0131k de\u011filim. Bir gece vakti, uykusundan silah sesleriyle uyand\u0131r\u0131lan Maryam, okul arkada\u015flar\u0131yla birlikte Boko Haram \u00f6rg\u00fct\u00fc taraf\u0131ndan ka\u00e7\u0131r\u0131l\u0131r ve orman\u0131n<span class=\"excerpt-hellip\"> [\u2026]<\/span><\/p>\n","protected":false},"featured_media":0,"template":"","meta":{"_monsterinsights_skip_tracking":false,"_monsterinsights_sitenote_active":false,"_monsterinsights_sitenote_note":"","_monsterinsights_sitenote_category":0},"product_brand":[],"product_cat":[12291,12711],"product_tag":[],"class_list":{"0":"post-748881","1":"product","2":"type-product","3":"status-publish","5":"product_cat-edebiyat","6":"product_cat-roman-oyku","7":"pa_cilt-ciltsiz","8":"pa_tur-kitap","9":"pa_yayinevi-can-yayinlari","10":"pa_yazar-edna-obrien","12":"first","13":"instock","14":"sale","15":"shipping-taxable","16":"purchasable","17":"product-type-simple"},"_links":{"self":[{"href":"https:\/\/roveyayinevi.com.tr\/index.php\/wp-json\/wp\/v2\/product\/748881","targetHints":{"allow":["GET"]}}],"collection":[{"href":"https:\/\/roveyayinevi.com.tr\/index.php\/wp-json\/wp\/v2\/product"}],"about":[{"href":"https:\/\/roveyayinevi.com.tr\/index.php\/wp-json\/wp\/v2\/types\/product"}],"wp:attachment":[{"href":"https:\/\/roveyayinevi.com.tr\/index.php\/wp-json\/wp\/v2\/media?parent=748881"}],"wp:term":[{"taxonomy":"product_brand","embeddable":true,"href":"https:\/\/roveyayinevi.com.tr\/index.php\/wp-json\/wp\/v2\/product_brand?post=748881"},{"taxonomy":"product_cat","embeddable":true,"href":"https:\/\/roveyayinevi.com.tr\/index.php\/wp-json\/wp\/v2\/product_cat?post=748881"},{"taxonomy":"product_tag","embeddable":true,"href":"https:\/\/roveyayinevi.com.tr\/index.php\/wp-json\/wp\/v2\/product_tag?post=748881"}],"curies":[{"name":"wp","href":"https:\/\/api.w.org\/{rel}","templated":true}]}}