{"id":748879,"date":"2025-08-28T03:41:37","date_gmt":"2025-08-28T00:41:37","guid":{"rendered":"https:\/\/roveyayinevi.com.tr\/index.php\/urun\/kimsenin-bundan-bahsettigi-yok\/"},"modified":"2026-04-16T03:01:38","modified_gmt":"2026-04-16T00:01:38","slug":"kimsenin-bundan-bahsettigi-yok","status":"publish","type":"product","link":"https:\/\/roveyayinevi.com.tr\/index.php\/urun\/kimsenin-bundan-bahsettigi-yok\/","title":{"rendered":"Kimsenin Bundan Bahsetti\u011fi Yok"},"content":{"rendered":"<p>Yeti\u015fkinlik hayat\u0131n\u0131n tamam\u0131n\u0131 Proustvari bir tav\u0131rla, her g\u00fcn, yatak-masas\u0131nda yaz\u0131 yazarak ge\u00e7iren Patricia Lockwood, g\u00fcn\u00fcm\u00fcz\u00fcn \u00f6nde gelen Amerikal\u0131 \u015fair ve yazarlar\u0131ndan biri. Edebiyat d\u00fcnyas\u0131nda ses getiren eserlerinin yan\u0131nda Twitter\u2019da \u00e7izdi\u011fi profille de dikkatleri \u00fczerine \u00e7eken Lockwood\u2019un ilk roman\u0131 Kimsenin Bundan Bahsetti\u011fi Yok ise Booker \u00d6d\u00fcl\u00fc ile Dublin Edebiyat \u00d6d\u00fcl\u00fc k\u0131sa listelerine giren, 2022 Dylan Thomas \u00d6d\u00fcl\u00fc\u2019n\u00fc kazanan bir yap\u0131t.Sosyal medya payla\u015f\u0131mlar\u0131yla \u00f6ne \u00e7\u0131kan bir kad\u0131n, hayranlar\u0131yla tan\u0131\u015fmak i\u00e7in d\u00fcnyay\u0131 dola\u015f\u0131r. Portal olarak adland\u0131r\u0131lan \u00e7evrimi\u00e7i d\u00fcnyan\u0131n \u00e7ivisi \u00e7\u0131kmak \u00fczeredir. Derken, annesinden gelen ailevi bir haber her \u015feyi alt\u00fcst eder. Ger\u00e7ek hayat ile dijital portal\u0131n giderek tuhafla\u015fan d\u00fcnyas\u0131 \u00e7at\u0131\u015f\u0131rken, evrende iyilik, empati ve adaletin var oldu\u011funa dair kan\u0131tlarla kar\u015f\u0131la\u015fan kad\u0131n, maalesef bunlar\u0131n yoklu\u011fuyla da y\u00fczle\u015fecektir.Kimsenin Bundan Bahsetti\u011fi Yok, internet sonras\u0131 hayat\u0131 sorgulayan, metaforlarla y\u00fckl\u00fc, duygusal oldu\u011fu kadar ger\u00e7ek\u00e7i de olan bir g\u00f6zlem roman\u0131.\u201cD\u00fczyaz\u0131 \u015fiir gibi okunabilecek, g\u00f6rkemli, i\u00e7ten, felsefi, zeki ve en nihayetinde de dokunakl\u0131 bir kitap.\u201d \u2013New York Times\u201cBu kitaba ger\u00e7ekten hayran\u0131m. Patricia Lockwood tam anlam\u0131yla e\u015fsiz bir yetenek ve bu onun en iyi, en e\u011flenceli, en tuhaf ve en etkileyici eseri.\u201d \u2013Sally Rooney<\/p>\n","protected":false},"excerpt":{"rendered":"<p>Yeti\u015fkinlik hayat\u0131n\u0131n tamam\u0131n\u0131 Proustvari bir tav\u0131rla, her g\u00fcn, yatak-masas\u0131nda yaz\u0131 yazarak ge\u00e7iren Patricia Lockwood, g\u00fcn\u00fcm\u00fcz\u00fcn \u00f6nde gelen Amerikal\u0131 \u015fair ve yazarlar\u0131ndan biri. Edebiyat d\u00fcnyas\u0131nda ses getiren<span class=\"excerpt-hellip\"> [\u2026]<\/span><\/p>\n","protected":false},"featured_media":0,"template":"","meta":{"_monsterinsights_skip_tracking":false,"_monsterinsights_sitenote_active":false,"_monsterinsights_sitenote_note":"","_monsterinsights_sitenote_category":0},"product_brand":[],"product_cat":[12291,12711],"product_tag":[],"class_list":{"0":"post-748879","1":"product","2":"type-product","3":"status-publish","5":"product_cat-edebiyat","6":"product_cat-roman-oyku","7":"pa_cilt-ciltsiz","8":"pa_tur-kitap","9":"pa_yayinevi-ithaki-yayinlari","10":"pa_yazar-patricia-lockwood","12":"first","13":"instock","14":"sale","15":"shipping-taxable","16":"purchasable","17":"product-type-simple"},"_links":{"self":[{"href":"https:\/\/roveyayinevi.com.tr\/index.php\/wp-json\/wp\/v2\/product\/748879","targetHints":{"allow":["GET"]}}],"collection":[{"href":"https:\/\/roveyayinevi.com.tr\/index.php\/wp-json\/wp\/v2\/product"}],"about":[{"href":"https:\/\/roveyayinevi.com.tr\/index.php\/wp-json\/wp\/v2\/types\/product"}],"wp:attachment":[{"href":"https:\/\/roveyayinevi.com.tr\/index.php\/wp-json\/wp\/v2\/media?parent=748879"}],"wp:term":[{"taxonomy":"product_brand","embeddable":true,"href":"https:\/\/roveyayinevi.com.tr\/index.php\/wp-json\/wp\/v2\/product_brand?post=748879"},{"taxonomy":"product_cat","embeddable":true,"href":"https:\/\/roveyayinevi.com.tr\/index.php\/wp-json\/wp\/v2\/product_cat?post=748879"},{"taxonomy":"product_tag","embeddable":true,"href":"https:\/\/roveyayinevi.com.tr\/index.php\/wp-json\/wp\/v2\/product_tag?post=748879"}],"curies":[{"name":"wp","href":"https:\/\/api.w.org\/{rel}","templated":true}]}}