{"id":748878,"date":"2025-08-28T03:41:35","date_gmt":"2025-08-28T00:41:35","guid":{"rendered":"https:\/\/roveyayinevi.com.tr\/index.php\/urun\/candide-ya-da-iyimserlik-3\/"},"modified":"2026-04-16T03:01:38","modified_gmt":"2026-04-16T00:01:38","slug":"candide-ya-da-iyimserlik-3","status":"publish","type":"product","link":"https:\/\/roveyayinevi.com.tr\/index.php\/urun\/candide-ya-da-iyimserlik-3\/","title":{"rendered":"Candide ya da \u0130yimserlik"},"content":{"rendered":"<p>Frans\u0131z edebiyat\u0131n\u0131n belki de en \u00e7ok okunan bu eserini, Leibniz\u2019in \u201cm\u00fcmk\u00fcn d\u00fcnyalar\u0131n en iyisi\u201dnde ya\u015fad\u0131\u011f\u0131m\u0131z felsefesine, Pope\u2019un \u201cher \u015fey iyidir\u201d d\u00fc\u015f\u00fcncesine bir kar\u015f\u0131l\u0131k olarak yazar Voltaire. Bir pikaresk roman olarak yaz\u0131lan Candide\u2019de iyilik, erdem, \u00f6zg\u00fcrl\u00fck gibi kavramlar sorgulan\u0131r; farkl\u0131 \u00fclke, h\u00fck\u00fcmdarl\u0131k, kral ve toplumlar\u0131 ele\u015ftiren, yer yer hicveden bir \u00fcslupla ele al\u0131n\u0131r.   \u0130yimser d\u00fc\u015f\u00fcncelerle ya\u015fam\u0131n\u0131 s\u00fcrd\u00fcren gen\u00e7 Candide, bir g\u00f6n\u00fcl meselesi y\u00fcz\u00fcnden Baron de Thunder-ten-tronckh\u2019un \u015fatosundan kovulunca, iyimser ak\u0131l hocas\u0131 Pangloss ve karamsar filozof Martin\u2019le uzun bir yolculu\u011fa \u00e7\u0131kar. Yollar\u0131 Paris\u2019ten El Dorado\u2019ya, Paraguay\u2019dan T\u00fcrkiye\u2019ye ve daha pek \u00e7ok gizemli diyara d\u00fc\u015fen \u00fc\u00e7l\u00fc, yolculuk boyunca tan\u0131\u015ft\u0131klar\u0131 k\u00f6yl\u00fcler, h\u00fck\u00fcmdarlar, t\u00fcccarlar ve daha pek \u00e7ok farkl\u0131 insandan ya\u015fama dair \u00f6\u011fretiler toplad\u0131klar\u0131 uzun bir maceraya at\u0131l\u0131r. Candide bu maceran\u0131n sonunda ya\u015fam\u0131 ve insan\u0131 tan\u0131yacak, varolu\u015f amac\u0131n\u0131 bulacakt\u0131r. <\/p>\n","protected":false},"excerpt":{"rendered":"<p>Frans\u0131z edebiyat\u0131n\u0131n belki de en \u00e7ok okunan bu eserini, Leibniz\u2019in \u201cm\u00fcmk\u00fcn d\u00fcnyalar\u0131n en iyisi\u201dnde ya\u015fad\u0131\u011f\u0131m\u0131z felsefesine, Pope\u2019un \u201cher \u015fey iyidir\u201d d\u00fc\u015f\u00fcncesine bir kar\u015f\u0131l\u0131k olarak yazar Voltaire.<span class=\"excerpt-hellip\"> [\u2026]<\/span><\/p>\n","protected":false},"featured_media":0,"template":"","meta":{"_monsterinsights_skip_tracking":false,"_monsterinsights_sitenote_active":false,"_monsterinsights_sitenote_note":"","_monsterinsights_sitenote_category":0},"product_brand":[],"product_cat":[12291,18202],"product_tag":[],"class_list":{"0":"post-748878","1":"product","2":"type-product","3":"status-publish","5":"product_cat-edebiyat","6":"product_cat-hikaye","7":"pa_cilt-ciltsiz","8":"pa_tur-kitap","9":"pa_yayinevi-can-yayinlari","10":"pa_yazar-voltaire","12":"first","13":"instock","14":"sale","15":"shipping-taxable","16":"purchasable","17":"product-type-simple"},"_links":{"self":[{"href":"https:\/\/roveyayinevi.com.tr\/index.php\/wp-json\/wp\/v2\/product\/748878","targetHints":{"allow":["GET"]}}],"collection":[{"href":"https:\/\/roveyayinevi.com.tr\/index.php\/wp-json\/wp\/v2\/product"}],"about":[{"href":"https:\/\/roveyayinevi.com.tr\/index.php\/wp-json\/wp\/v2\/types\/product"}],"wp:attachment":[{"href":"https:\/\/roveyayinevi.com.tr\/index.php\/wp-json\/wp\/v2\/media?parent=748878"}],"wp:term":[{"taxonomy":"product_brand","embeddable":true,"href":"https:\/\/roveyayinevi.com.tr\/index.php\/wp-json\/wp\/v2\/product_brand?post=748878"},{"taxonomy":"product_cat","embeddable":true,"href":"https:\/\/roveyayinevi.com.tr\/index.php\/wp-json\/wp\/v2\/product_cat?post=748878"},{"taxonomy":"product_tag","embeddable":true,"href":"https:\/\/roveyayinevi.com.tr\/index.php\/wp-json\/wp\/v2\/product_tag?post=748878"}],"curies":[{"name":"wp","href":"https:\/\/api.w.org\/{rel}","templated":true}]}}