{"id":748877,"date":"2025-08-28T03:41:34","date_gmt":"2025-08-28T00:41:34","guid":{"rendered":"https:\/\/roveyayinevi.com.tr\/index.php\/urun\/pal-sokagi-cocuklari\/"},"modified":"2026-04-16T03:01:38","modified_gmt":"2026-04-16T00:01:38","slug":"pal-sokagi-cocuklari","status":"publish","type":"product","link":"https:\/\/roveyayinevi.com.tr\/index.php\/urun\/pal-sokagi-cocuklari\/","title":{"rendered":"Pal Soka\u011f\u0131 \u00c7ocuklar\u0131"},"content":{"rendered":"<p>Arsa&#8230; \u00c7\u00fcr\u00fck tahta perdelerle ve g\u00f6\u011fe y\u00fckselen apartmanlarla s\u0131n\u0131rland\u0131r\u0131lm\u0131\u015f bu k\u00fc\u00e7\u00fck toprak par\u00e7as\u0131, Pal Soka\u011f\u0131 \u00c7ocuklar\u0131 i\u00e7in oyun alan\u0131ndan \u00f6te, bir yurttur, sonsuzluk ve \u00f6zg\u00fcrl\u00fck demektir. Boka, Neme\u00e7ek, \u00c7onako\u015f ve di\u011fer Pal Sokakl\u0131lar, arsalar\u0131n\u0131 ele ge\u00e7irmek isteyen varl\u0131kl\u0131 \u00e7ocuklar olan K\u0131z\u0131l G\u00f6mlekliler&#8217;le k\u0131yas\u0131ya bir m\u00fccadeleye giri\u015firler. Bu m\u00fccadelenin unutulmaz kahramas\u0131ysa beklenmedik bir bi\u00e7imde Pal Soka\u011f\u0131&#8217;n\u0131n en k\u00fc\u00e7\u00fck ve \u00e7elimsiz \u00e7ocu\u011fu Neme\u00e7ek olacakt\u0131r.    Ku\u015faklard\u0131r heyecanla okunan \u201cPal Soka\u011f\u0131 \u00c7ocuklar\u0131\u201d, dayan\u0131\u015fma, arkada\u015fl\u0131k, cesaret ve fedak\u00e2rl\u0131k \u00fczerine b\u00fcy\u00fcs\u00fcn\u00fc hi\u00e7 kaybetmeyen bir \u00e7ocuk klasi\u011fi. <\/p>\n","protected":false},"excerpt":{"rendered":"<p>Arsa&#8230; \u00c7\u00fcr\u00fck tahta perdelerle ve g\u00f6\u011fe y\u00fckselen apartmanlarla s\u0131n\u0131rland\u0131r\u0131lm\u0131\u015f bu k\u00fc\u00e7\u00fck toprak par\u00e7as\u0131, Pal Soka\u011f\u0131 \u00c7ocuklar\u0131 i\u00e7in oyun alan\u0131ndan \u00f6te, bir yurttur, sonsuzluk ve \u00f6zg\u00fcrl\u00fck demektir.<span class=\"excerpt-hellip\"> [\u2026]<\/span><\/p>\n","protected":false},"featured_media":0,"template":"","meta":{"_monsterinsights_skip_tracking":false,"_monsterinsights_sitenote_active":false,"_monsterinsights_sitenote_note":"","_monsterinsights_sitenote_category":0},"product_brand":[],"product_cat":[12416,12291],"product_tag":[],"class_list":{"0":"post-748877","1":"product","2":"type-product","3":"status-publish","5":"product_cat-cizgi-roman","6":"product_cat-edebiyat","7":"pa_cilt-ciltsiz","8":"pa_tur-kitap","9":"pa_yayinevi-can-cocuk-yayinlari","10":"pa_yazar-ferenc-molnar","12":"first","13":"instock","14":"sale","15":"shipping-taxable","16":"purchasable","17":"product-type-simple"},"_links":{"self":[{"href":"https:\/\/roveyayinevi.com.tr\/index.php\/wp-json\/wp\/v2\/product\/748877","targetHints":{"allow":["GET"]}}],"collection":[{"href":"https:\/\/roveyayinevi.com.tr\/index.php\/wp-json\/wp\/v2\/product"}],"about":[{"href":"https:\/\/roveyayinevi.com.tr\/index.php\/wp-json\/wp\/v2\/types\/product"}],"wp:attachment":[{"href":"https:\/\/roveyayinevi.com.tr\/index.php\/wp-json\/wp\/v2\/media?parent=748877"}],"wp:term":[{"taxonomy":"product_brand","embeddable":true,"href":"https:\/\/roveyayinevi.com.tr\/index.php\/wp-json\/wp\/v2\/product_brand?post=748877"},{"taxonomy":"product_cat","embeddable":true,"href":"https:\/\/roveyayinevi.com.tr\/index.php\/wp-json\/wp\/v2\/product_cat?post=748877"},{"taxonomy":"product_tag","embeddable":true,"href":"https:\/\/roveyayinevi.com.tr\/index.php\/wp-json\/wp\/v2\/product_tag?post=748877"}],"curies":[{"name":"wp","href":"https:\/\/api.w.org\/{rel}","templated":true}]}}