{"id":748870,"date":"2025-08-28T03:41:22","date_gmt":"2025-08-28T00:41:22","guid":{"rendered":"https:\/\/roveyayinevi.com.tr\/index.php\/urun\/nikolay-vasilyevic-gogol-kitap-seti-2-kitap\/"},"modified":"2026-04-16T03:01:38","modified_gmt":"2026-04-16T00:01:38","slug":"nikolay-vasilyevic-gogol-kitap-seti-2-kitap","status":"publish","type":"product","link":"https:\/\/roveyayinevi.com.tr\/index.php\/urun\/nikolay-vasilyevic-gogol-kitap-seti-2-kitap\/","title":{"rendered":"Nikolay Vasilyevi\u00e7 Gogol Kitap Seti (2 Kitap)"},"content":{"rendered":"<p>PALTO Dostoyevski&#8217;nin Rus edebiyat\u0131na y\u00f6nelik &#8221;Hepimiz onun Palto&#8217;sundan \u00e7\u0131kt\u0131k&#8221; s\u00f6z\u00fcyle Gogol&#8217;u ve eserini ta\u00e7land\u0131rd\u0131\u011f\u0131, en \u00fcnl\u00fc eserlerden biridir. Rus halk\u0131n\u0131n sefaletini, bir Rus bakanl\u0131\u011f\u0131nda \u00e7al\u0131\u015fan bir katibin g\u00f6z\u00fcnden anlatan \u00fcnl\u00fc Rus yazar; d\u00f6nemin Rusya b\u00fcrokrasisine, amir-memur ili\u015fkilerine ve s\u0131radan insanlar\u0131n u\u011frad\u0131\u011f\u0131 e\u015fitsizliklere yergisel bir bak\u0131\u015f a\u00e7\u0131s\u0131yla yakla\u015f\u0131p insan\u0131n i\u00e7ini ac\u0131tan &#8221;yoksullu\u011fu&#8221;, kurmaca bir ger\u00e7eklik d\u00fczleminde somutla\u015ft\u0131r\u0131yor.  B\u0130R DEL\u0130N\u0130N HATIRA DEFTER\u0130 Gogol eserinde s\u0131k\u0131c\u0131 hayat\u0131 olan bir devlet memurunun g\u00f6z\u00fcnden \u00c7ar I. Nikolay D\u00f6nemi Rusya&#8217;s\u0131n\u0131 anlat\u0131r. Ev sahibesiyle ya\u015fayan kahraman\u0131m\u0131z, ayn\u0131 zamanda y\u00f6neticisi olan albay\u0131n k\u0131z\u0131na deli gibi a\u015f\u0131kt\u0131r ve bir g\u00fcn onu takip ederken iki k\u00f6pe\u011fin birbiriyle konu\u015ftu\u011funu duymas\u0131 \u00fczerine t\u00fcm hayat\u0131 alt \u00fcst olur.<\/p>\n","protected":false},"excerpt":{"rendered":"<p>PALTO Dostoyevski&#8217;nin Rus edebiyat\u0131na y\u00f6nelik &#8221;Hepimiz onun Palto&#8217;sundan \u00e7\u0131kt\u0131k&#8221; s\u00f6z\u00fcyle Gogol&#8217;u ve eserini ta\u00e7land\u0131rd\u0131\u011f\u0131, en \u00fcnl\u00fc eserlerden biridir. Rus halk\u0131n\u0131n sefaletini, bir Rus bakanl\u0131\u011f\u0131nda \u00e7al\u0131\u015fan bir<span class=\"excerpt-hellip\"> [\u2026]<\/span><\/p>\n","protected":false},"featured_media":0,"template":"","meta":{"_monsterinsights_skip_tracking":false,"_monsterinsights_sitenote_active":false,"_monsterinsights_sitenote_note":"","_monsterinsights_sitenote_category":0},"product_brand":[],"product_cat":[12291,13872],"product_tag":[],"class_list":{"0":"post-748870","1":"product","2":"type-product","3":"status-publish","5":"product_cat-edebiyat","6":"product_cat-klasikler","7":"pa_cilt-ciltsiz","8":"pa_tur-kitap","9":"pa_yayinevi-kitap-muptelasi-yayinlari","10":"pa_yazar-nikolay-vasilyevic-gogol","12":"first","13":"instock","14":"sale","15":"shipping-taxable","16":"purchasable","17":"product-type-simple"},"_links":{"self":[{"href":"https:\/\/roveyayinevi.com.tr\/index.php\/wp-json\/wp\/v2\/product\/748870","targetHints":{"allow":["GET"]}}],"collection":[{"href":"https:\/\/roveyayinevi.com.tr\/index.php\/wp-json\/wp\/v2\/product"}],"about":[{"href":"https:\/\/roveyayinevi.com.tr\/index.php\/wp-json\/wp\/v2\/types\/product"}],"wp:attachment":[{"href":"https:\/\/roveyayinevi.com.tr\/index.php\/wp-json\/wp\/v2\/media?parent=748870"}],"wp:term":[{"taxonomy":"product_brand","embeddable":true,"href":"https:\/\/roveyayinevi.com.tr\/index.php\/wp-json\/wp\/v2\/product_brand?post=748870"},{"taxonomy":"product_cat","embeddable":true,"href":"https:\/\/roveyayinevi.com.tr\/index.php\/wp-json\/wp\/v2\/product_cat?post=748870"},{"taxonomy":"product_tag","embeddable":true,"href":"https:\/\/roveyayinevi.com.tr\/index.php\/wp-json\/wp\/v2\/product_tag?post=748870"}],"curies":[{"name":"wp","href":"https:\/\/api.w.org\/{rel}","templated":true}]}}