{"id":748868,"date":"2025-08-28T03:41:20","date_gmt":"2025-08-28T00:41:20","guid":{"rendered":"https:\/\/roveyayinevi.com.tr\/index.php\/urun\/narsisizm\/"},"modified":"2026-04-16T03:01:38","modified_gmt":"2026-04-16T00:01:38","slug":"narsisizm","status":"publish","type":"product","link":"https:\/\/roveyayinevi.com.tr\/index.php\/urun\/narsisizm\/","title":{"rendered":"Narsisizm"},"content":{"rendered":"<p>\u201cSizi bakmas\u0131 en zor aynan\u0131n derinliklerine \u00e7a\u011f\u0131ran, anla\u015f\u0131l\u0131r ve d\u00f6n\u00fc\u015ft\u00fcr\u00fcc\u00fc bir rehber.\u201d \u2014Cem Mumcu   \u201cNarsisizmin en \u00f6nemli \u00f6zelliklerinden biri, kendini bilmekten ne pahas\u0131na olursa olsun ka\u00e7\u0131n\u0131lmas\u0131 gerekti\u011fidir.\u201d   Narsisizm kendini sevmekten \u00e7ok, insan ili\u015fkileri d\u00fcnyas\u0131ndan soyutlanmakla ilgilidir. Ac\u0131ya veya korkuya kar\u015f\u0131 savunmac\u0131 bir tepkidir ve muhtemelen ya\u015fam\u0131n olduk\u00e7a erken d\u00f6nemlerinde ba\u015flar. Di\u011fer savunma bi\u00e7imleriyle ortak olarak, duygusal ve ruhsal geli\u015fim \u00fczerinde \u00f6ld\u00fcr\u00fcc\u00fc bir etkiye sahip olma e\u011filimindedir. Duygusal b\u00fcy\u00fcme ve geli\u015fmemizin \u00f6n\u00fcndeki temel engel olarak g\u00f6rd\u00fc\u011f\u00fc narsisizm \u00fczerine yapt\u0131\u011f\u0131 \u00e7al\u0131\u015fmalarla tan\u0131nan \u0130ngiliz psikanalist Neville Symington, bu kitapla narsisizmi yaln\u0131zca birka\u00e7 rahats\u0131z ki\u015fiyi etkileyen dar bir klinik durum olarak ele alm\u0131yor. Aksine, insanl\u0131\u011f\u0131n ka\u00e7\u0131n\u0131lmaz bir y\u00f6n\u00fc oldu\u011funu ve bir dereceye kadar hepimizde bulundu\u011funu ifade ediyor. Narsisizmin \u00fcstesinden gelmenin, yarat\u0131c\u0131 \u00f6z\u00fcm\u00fczle temasa ge\u00e7meyi i\u00e7erdi\u011finin alt\u0131n\u0131 \u00e7iziyor; faydal\u0131 bir yol haritas\u0131 geli\u015ftirmemize yard\u0131mc\u0131 oluyor ve i\u015fler zorla\u015ft\u0131\u011f\u0131nda g\u00fc\u00e7l\u00fc kalmam\u0131z i\u00e7in bize ilham veriyor. \u201c\u00c7a\u011fda\u015f psikanalizle ilgilenen herkes, Neville Symington\u2019\u0131n narsisizmin do\u011fas\u0131na ili\u015fkin kendi kavramlar\u0131n\u0131 hem teorik hem de her \u015feyden \u00f6nce klinik olarak okumal\u0131d\u0131r. Uygulamas\u0131ndan bir\u00e7ok klinik \u00f6rne\u011fe ek olarak, tezini farkl\u0131 a\u00e7\u0131lardan a\u00e7\u0131klamak i\u00e7in Tolstoy\u2019un Anna Karenina\u2019s\u0131ndan kapsaml\u0131 bir \u015fekilde yararlan\u0131yor.\u201d \u2014 William Gillespie \u201cBu, s\u00fcr\u00fckleyici ve herkesin d\u00fc\u015f\u00fcncelerine \u0131\u015f\u0131k tutacak bir kitap, \u00e7\u00fcnk\u00fc yazar \u00e7o\u011fumuzun payla\u015ft\u0131\u011f\u0131 bir sorunla bo\u011fu\u015fuyor. Narsisizmin ne oldu\u011fundan emin olmad\u0131\u011f\u0131n\u0131 fark ettikten sonra Symington, \u00f6vg\u00fcye de\u011fer bir \u00f6zdisiplinle bu konu \u00fczerinde d\u00fc\u015f\u00fcnmek i\u00e7in her g\u00fcn yirmi dakikas\u0131n\u0131 ay\u0131r\u0131yor ve notlar\u0131n\u0131 meslekta\u015flar\u0131yla tart\u0131\u015f\u0131yor. Bu kitap da bu d\u00fc\u015f\u00fcncenin \u00fcr\u00fcn\u00fc. B\u00f6ylece sanki yazar\u0131n yan\u0131nda oturuyormu\u015fuz ve onunla narsisizmi tart\u0131\u015f\u0131yormu\u015fuz gibi bir dolays\u0131zl\u0131\u011f\u0131 ve yak\u0131nl\u0131\u011f\u0131 var.\u201d \u2014 Frances Tustin <\/p>\n","protected":false},"excerpt":{"rendered":"<p>\u201cSizi bakmas\u0131 en zor aynan\u0131n derinliklerine \u00e7a\u011f\u0131ran, anla\u015f\u0131l\u0131r ve d\u00f6n\u00fc\u015ft\u00fcr\u00fcc\u00fc bir rehber.\u201d \u2014Cem Mumcu \u201cNarsisizmin en \u00f6nemli \u00f6zelliklerinden biri, kendini bilmekten ne pahas\u0131na olursa olsun ka\u00e7\u0131n\u0131lmas\u0131<span class=\"excerpt-hellip\"> [\u2026]<\/span><\/p>\n","protected":false},"featured_media":0,"template":"","meta":{"_monsterinsights_skip_tracking":false,"_monsterinsights_sitenote_active":false,"_monsterinsights_sitenote_note":"","_monsterinsights_sitenote_category":0},"product_brand":[],"product_cat":[12357],"product_tag":[],"class_list":{"0":"post-748868","1":"product","2":"type-product","3":"status-publish","5":"product_cat-psikoloji","6":"pa_cilt-ciltsiz","7":"pa_tur-kitap","8":"pa_yayinevi-okuyan-us-yayin","9":"pa_yazar-neville-symington","11":"first","12":"instock","13":"sale","14":"shipping-taxable","15":"purchasable","16":"product-type-simple"},"_links":{"self":[{"href":"https:\/\/roveyayinevi.com.tr\/index.php\/wp-json\/wp\/v2\/product\/748868","targetHints":{"allow":["GET"]}}],"collection":[{"href":"https:\/\/roveyayinevi.com.tr\/index.php\/wp-json\/wp\/v2\/product"}],"about":[{"href":"https:\/\/roveyayinevi.com.tr\/index.php\/wp-json\/wp\/v2\/types\/product"}],"wp:attachment":[{"href":"https:\/\/roveyayinevi.com.tr\/index.php\/wp-json\/wp\/v2\/media?parent=748868"}],"wp:term":[{"taxonomy":"product_brand","embeddable":true,"href":"https:\/\/roveyayinevi.com.tr\/index.php\/wp-json\/wp\/v2\/product_brand?post=748868"},{"taxonomy":"product_cat","embeddable":true,"href":"https:\/\/roveyayinevi.com.tr\/index.php\/wp-json\/wp\/v2\/product_cat?post=748868"},{"taxonomy":"product_tag","embeddable":true,"href":"https:\/\/roveyayinevi.com.tr\/index.php\/wp-json\/wp\/v2\/product_tag?post=748868"}],"curies":[{"name":"wp","href":"https:\/\/api.w.org\/{rel}","templated":true}]}}