{"id":748863,"date":"2025-08-28T03:41:13","date_gmt":"2025-08-28T00:41:13","guid":{"rendered":"https:\/\/roveyayinevi.com.tr\/index.php\/urun\/kasem\/"},"modified":"2026-04-16T03:01:38","modified_gmt":"2026-04-16T00:01:38","slug":"kasem","status":"publish","type":"product","link":"https:\/\/roveyayinevi.com.tr\/index.php\/urun\/kasem\/","title":{"rendered":"Kasem"},"content":{"rendered":"<p>\u201cSenden olanlar ile yola \u00e7\u0131k. \u0130\u00e7inizden hi\u00e7 kimse geriye d\u00f6n\u00fcp bakmas\u0131n!\u201d   And olsun ki yeni ba\u015fl\u0131yoruz! B\u00fcy\u00fck Taarruzun 100. y\u0131l\u0131n\u0131 a\u015ft\u0131\u011f\u0131m\u0131z bu g\u00fcnlerde duam\u0131z, bu kutlu zaferin sahiplerine oldu\u011fu kadar, yeni bir kurtulu\u015f sava\u015f\u0131 s\u0131n\u0131r\u0131nda olman\u0131n uyan\u0131\u015f\u0131nad\u0131r. D\u00fc\u015fman ve ihanet boyut de\u011fi\u015ftirmi\u015f, d\u00fc\u011fmeye basm\u0131\u015f, her yere s\u0131zm\u0131\u015f ve maskesi k\u00f6r olana tan\u0131nmaz hale gelmi\u015ftir. Kurtulu\u015f, \u015fimdi \u00e7ok daha \u00f6nemli. Tek D\u00fcnya Devleti sapk\u0131nl\u0131\u011f\u0131n\u0131 kurma \u00fczerine, y\u00fcz y\u0131ll\u0131k planlar\u0131n\u0131 devreye sokanlar, hi\u00e7 \u015f\u00fcphesiz insanl\u0131\u011f\u0131 \u00e7ok daha fazla kana bulayacaklar. T\u00fcrkiye\u2019de ise bu s\u00fcrecin tam ortas\u0131nda! Bu s\u00fcrecin art\u0131k \u00fc\u00e7\u00fcnc\u00fc d\u00fcnya sava\u015f\u0131 oldu\u011funu s\u00f6ylesek abartm\u0131\u015f olmay\u0131z, \u00e7\u00fcnk\u00fc durum tam olarak bu!   Biz d\u00fcnyay\u0131 konvansiyonel bir ak\u0131lla okuyup \u015feytan\u0131 eski usuller ile beklerken, \u015feytan tabi ki bo\u015f durmad\u0131 ve her k\u0131l\u0131\u011fa girdi. Hi\u00e7 olmad\u0131\u011f\u0131 kadar, insanl\u0131\u011f\u0131 ele ge\u00e7irmek i\u00e7in her \u015feyi tek tek planlad\u0131. Oyunun kurallar\u0131ndan \u00e7ok, kendisini yerle bir etti. Sava\u015f ba\u015flad\u0131 ve geriye d\u00f6n\u00fc\u015f yok!   Okuyana ve okutana Yazd\u0131klar\u0131ma ve yazacaklar\u0131ma Yazana ve yazd\u0131rana \u0130nsanlar\u0131n vebalini ta\u015f\u0131yan iki y\u00fczl\u00fclere Yalana uyana ve korkana Masum kalpleri ya\u011fmalayanlara Uyuyan ve uyananlara G\u00f6rene ve k\u00f6r olana G\u00f6rd\u00fcklerine ve g\u00f6rmezden gelinenlere Ah alan ve utanmayana YEM\u0130N OLSUN! <\/p>\n","protected":false},"excerpt":{"rendered":"<p>\u201cSenden olanlar ile yola \u00e7\u0131k. \u0130\u00e7inizden hi\u00e7 kimse geriye d\u00f6n\u00fcp bakmas\u0131n!\u201d And olsun ki yeni ba\u015fl\u0131yoruz! B\u00fcy\u00fck Taarruzun 100. y\u0131l\u0131n\u0131 a\u015ft\u0131\u011f\u0131m\u0131z bu g\u00fcnlerde duam\u0131z, bu kutlu<span class=\"excerpt-hellip\"> [\u2026]<\/span><\/p>\n","protected":false},"featured_media":0,"template":"","meta":{"_monsterinsights_skip_tracking":false,"_monsterinsights_sitenote_active":false,"_monsterinsights_sitenote_note":"","_monsterinsights_sitenote_category":0},"product_brand":[],"product_cat":[12337],"product_tag":[],"class_list":{"0":"post-748863","1":"product","2":"type-product","3":"status-publish","5":"product_cat-politika-siyaset","6":"pa_cilt-ciltsiz","7":"pa_tur-kitap","8":"pa_yayinevi-hayykitap","9":"pa_yazar-eray-haciosmanoglu","11":"first","12":"instock","13":"sale","14":"shipping-taxable","15":"purchasable","16":"product-type-simple"},"_links":{"self":[{"href":"https:\/\/roveyayinevi.com.tr\/index.php\/wp-json\/wp\/v2\/product\/748863","targetHints":{"allow":["GET"]}}],"collection":[{"href":"https:\/\/roveyayinevi.com.tr\/index.php\/wp-json\/wp\/v2\/product"}],"about":[{"href":"https:\/\/roveyayinevi.com.tr\/index.php\/wp-json\/wp\/v2\/types\/product"}],"wp:attachment":[{"href":"https:\/\/roveyayinevi.com.tr\/index.php\/wp-json\/wp\/v2\/media?parent=748863"}],"wp:term":[{"taxonomy":"product_brand","embeddable":true,"href":"https:\/\/roveyayinevi.com.tr\/index.php\/wp-json\/wp\/v2\/product_brand?post=748863"},{"taxonomy":"product_cat","embeddable":true,"href":"https:\/\/roveyayinevi.com.tr\/index.php\/wp-json\/wp\/v2\/product_cat?post=748863"},{"taxonomy":"product_tag","embeddable":true,"href":"https:\/\/roveyayinevi.com.tr\/index.php\/wp-json\/wp\/v2\/product_tag?post=748863"}],"curies":[{"name":"wp","href":"https:\/\/api.w.org\/{rel}","templated":true}]}}