{"id":748861,"date":"2025-08-28T03:41:11","date_gmt":"2025-08-28T00:41:11","guid":{"rendered":"https:\/\/roveyayinevi.com.tr\/index.php\/urun\/gunes-duasi\/"},"modified":"2026-04-16T03:01:38","modified_gmt":"2026-04-16T00:01:38","slug":"gunes-duasi","status":"publish","type":"product","link":"https:\/\/roveyayinevi.com.tr\/index.php\/urun\/gunes-duasi\/","title":{"rendered":"G\u00fcne\u015f Duas\u0131"},"content":{"rendered":"<p>\u0130brahim Utku Ba\u015fyaz\u0131c\u0131, G\u00fcne\u015f Duas\u0131\u2019nda \u00fc\u00e7 arkada\u015f\u0131n i\u00e7 i\u00e7e ge\u00e7en kaderlerinin izini s\u00fcr\u00fcyor. \u0130nsanlar\u0131n, dinlerin, imparatorluklar\u0131n birbiriyle sava\u015ft\u0131\u011f\u0131, do\u011fan\u0131n bencillik ve tamahk\u00e2rl\u0131\u011f\u0131 hep yendi\u011fi bir k\u0131s\u0131rd\u00f6ng\u00fcy\u00fc k\u0131rmaya \u00e7abal\u0131yor. Bir asra uzanan, d\u00f6rt ku\u015fak aras\u0131nda gidip gelen ve soya\u00e7ekimi imleyen roman, bu d\u00f6ng\u00fcde rastlant\u0131lara bir liman gibi s\u0131\u011f\u0131n\u0131yor. Nefesini ve bak\u0131\u015f\u0131n\u0131 masals\u0131 \u00f6\u011felerden yararlanarak tazeleyen bu maceran\u0131n tek bir kahraman\u0131 yok, atalar\u0131n\u0131n kaderini miras alan, kendilerini ba\u015fka suretlerde var edenler ba\u015frolde. Ba\u015fyaz\u0131c\u0131, kadim ya\u015fanm\u0131\u015fl\u0131klar\u0131n k\u0131ymetinin kalmad\u0131\u011f\u0131 bir \u00e7a\u011fda, her yere benzeyen bir kasaba \u00fczerinden genel haf\u0131zas\u0131zl\u0131\u011f\u0131m\u0131z\u0131n ele\u015ftirisini yap\u0131yor. Rum tekne ustalar\u0131ndan K\u0131r\u0131ml\u0131 pastac\u0131lara, G\u00fcrc\u00fc akordeonculardan yunus avc\u0131lar\u0131na dokundu\u011fu her yerden hat\u0131ralar\u0131m\u0131z\u0131 kurtarmak i\u00e7in bize bir f\u0131rsat sunuyor. M\u00fcbadele, d\u00fcnya sava\u015flar\u0131, \u00c7ernobil facias\u0131 gibi tarihi ve ekolojik konular\u0131 didaktik bir ger\u00e7ek\u00e7ilikle de\u011fil, ger\u00e7ek\u00fcst\u00fc \u00f6\u011felerin yard\u0131m\u0131yla anlat\u0131yor. G\u00fcne\u015f Duas\u0131, unuttuklar\u0131m\u0131zdan efsunlu bir ger\u00e7eklik yarat\u0131rken okuru Karadeniz\u2019in puslu ikliminde biraz g\u00fclerek biraz h\u00fcz\u00fcnlenerek gezinmeye \u00e7a\u011f\u0131r\u0131yor.<\/p>\n","protected":false},"excerpt":{"rendered":"<p>\u0130brahim Utku Ba\u015fyaz\u0131c\u0131, G\u00fcne\u015f Duas\u0131\u2019nda \u00fc\u00e7 arkada\u015f\u0131n i\u00e7 i\u00e7e ge\u00e7en kaderlerinin izini s\u00fcr\u00fcyor. \u0130nsanlar\u0131n, dinlerin, imparatorluklar\u0131n birbiriyle sava\u015ft\u0131\u011f\u0131, do\u011fan\u0131n bencillik ve tamahk\u00e2rl\u0131\u011f\u0131 hep yendi\u011fi bir k\u0131s\u0131rd\u00f6ng\u00fcy\u00fc<span class=\"excerpt-hellip\"> [\u2026]<\/span><\/p>\n","protected":false},"featured_media":0,"template":"","meta":{"_monsterinsights_skip_tracking":false,"_monsterinsights_sitenote_active":false,"_monsterinsights_sitenote_note":"","_monsterinsights_sitenote_category":0},"product_brand":[],"product_cat":[12291,12711],"product_tag":[],"class_list":{"0":"post-748861","1":"product","2":"type-product","3":"status-publish","5":"product_cat-edebiyat","6":"product_cat-roman-oyku","7":"pa_cilt-ciltsiz","8":"pa_tur-kitap","9":"pa_yayinevi-nemesis-kitap","10":"pa_yazar-ibrahim-utku-basyazici","12":"first","13":"instock","14":"sale","15":"shipping-taxable","16":"purchasable","17":"product-type-simple"},"_links":{"self":[{"href":"https:\/\/roveyayinevi.com.tr\/index.php\/wp-json\/wp\/v2\/product\/748861","targetHints":{"allow":["GET"]}}],"collection":[{"href":"https:\/\/roveyayinevi.com.tr\/index.php\/wp-json\/wp\/v2\/product"}],"about":[{"href":"https:\/\/roveyayinevi.com.tr\/index.php\/wp-json\/wp\/v2\/types\/product"}],"wp:attachment":[{"href":"https:\/\/roveyayinevi.com.tr\/index.php\/wp-json\/wp\/v2\/media?parent=748861"}],"wp:term":[{"taxonomy":"product_brand","embeddable":true,"href":"https:\/\/roveyayinevi.com.tr\/index.php\/wp-json\/wp\/v2\/product_brand?post=748861"},{"taxonomy":"product_cat","embeddable":true,"href":"https:\/\/roveyayinevi.com.tr\/index.php\/wp-json\/wp\/v2\/product_cat?post=748861"},{"taxonomy":"product_tag","embeddable":true,"href":"https:\/\/roveyayinevi.com.tr\/index.php\/wp-json\/wp\/v2\/product_tag?post=748861"}],"curies":[{"name":"wp","href":"https:\/\/api.w.org\/{rel}","templated":true}]}}