{"id":748859,"date":"2025-08-28T03:41:08","date_gmt":"2025-08-28T00:41:08","guid":{"rendered":"https:\/\/roveyayinevi.com.tr\/index.php\/urun\/mendil-altinda-hayat-ne-tatli-ve-diger-hikayeler-2\/"},"modified":"2026-04-16T03:01:38","modified_gmt":"2026-04-16T00:01:38","slug":"mendil-altinda-hayat-ne-tatli-ve-diger-hikayeler-2","status":"publish","type":"product","link":"https:\/\/roveyayinevi.com.tr\/index.php\/urun\/mendil-altinda-hayat-ne-tatli-ve-diger-hikayeler-2\/","title":{"rendered":"Mendil Alt\u0131nda , Hayat Ne Tatl\u0131 Ve Di\u011fer Hikayeler"},"content":{"rendered":"<p>Sicil M\u00fcd\u00fcr\u00fc Cavit Bey yemekten sonra y\u00fcz\u00fcne bir mendil sererek uyumaya \u00e7al\u0131\u015f\u0131r. Akl\u0131na \u00f6nce \u00e7ocuklar\u0131n\u0131n okul taksitleri ve kar\u0131s\u0131n\u0131n para i\u00e7in s\u0131zlanmas\u0131 gelir. Ard\u0131ndan, i\u015ften at\u0131lmak \u00fczere olan bir memurun durumunu amirine kar\u015f\u0131 ceng\u00e2verlikle savundu\u011funu d\u00fc\u015fler. S\u0131ra bu ceng\u00e2verli\u011fin onu milletvekilli\u011fine ta\u015f\u0131d\u0131\u011f\u0131na geldi\u011finde kurdu\u011fu d\u00fc\u015f\u00fcn heyecan\u0131ndan bo\u011fulacak gibi olur ve hizmet\u00e7isinden bir kahve ister.   ***   Mendil Alt\u0131nda Cumhuriyet d\u00f6nemi edebiyat\u0131nda T\u00fcrkiye\u2019nin ger\u00e7eklerine gittik\u00e7e geni\u015fleyen \u00f6l\u00e7\u00fcde e\u011filen bir durum \u00f6yk\u00fcs\u00fcd\u00fcr.. <\/p>\n","protected":false},"excerpt":{"rendered":"<p>Sicil M\u00fcd\u00fcr\u00fc Cavit Bey yemekten sonra y\u00fcz\u00fcne bir mendil sererek uyumaya \u00e7al\u0131\u015f\u0131r. Akl\u0131na \u00f6nce \u00e7ocuklar\u0131n\u0131n okul taksitleri ve kar\u0131s\u0131n\u0131n para i\u00e7in s\u0131zlanmas\u0131 gelir. Ard\u0131ndan, i\u015ften at\u0131lmak<span class=\"excerpt-hellip\"> [\u2026]<\/span><\/p>\n","protected":false},"featured_media":0,"template":"","meta":{"_monsterinsights_skip_tracking":false,"_monsterinsights_sitenote_active":false,"_monsterinsights_sitenote_note":"","_monsterinsights_sitenote_category":0},"product_brand":[],"product_cat":[12291,12711],"product_tag":[],"class_list":{"0":"post-748859","1":"product","2":"type-product","3":"status-publish","5":"product_cat-edebiyat","6":"product_cat-roman-oyku","7":"pa_cilt-ciltsiz","8":"pa_tur-kitap","9":"pa_yayinevi-mirhan-kitap","10":"pa_yazar-memduh-sevket-esendal","12":"first","13":"instock","14":"sale","15":"shipping-taxable","16":"purchasable","17":"product-type-simple"},"_links":{"self":[{"href":"https:\/\/roveyayinevi.com.tr\/index.php\/wp-json\/wp\/v2\/product\/748859","targetHints":{"allow":["GET"]}}],"collection":[{"href":"https:\/\/roveyayinevi.com.tr\/index.php\/wp-json\/wp\/v2\/product"}],"about":[{"href":"https:\/\/roveyayinevi.com.tr\/index.php\/wp-json\/wp\/v2\/types\/product"}],"wp:attachment":[{"href":"https:\/\/roveyayinevi.com.tr\/index.php\/wp-json\/wp\/v2\/media?parent=748859"}],"wp:term":[{"taxonomy":"product_brand","embeddable":true,"href":"https:\/\/roveyayinevi.com.tr\/index.php\/wp-json\/wp\/v2\/product_brand?post=748859"},{"taxonomy":"product_cat","embeddable":true,"href":"https:\/\/roveyayinevi.com.tr\/index.php\/wp-json\/wp\/v2\/product_cat?post=748859"},{"taxonomy":"product_tag","embeddable":true,"href":"https:\/\/roveyayinevi.com.tr\/index.php\/wp-json\/wp\/v2\/product_tag?post=748859"}],"curies":[{"name":"wp","href":"https:\/\/api.w.org\/{rel}","templated":true}]}}