{"id":748854,"date":"2025-08-28T03:40:59","date_gmt":"2025-08-28T00:40:59","guid":{"rendered":"https:\/\/roveyayinevi.com.tr\/index.php\/urun\/basima-gelen-en-iyi-sey\/"},"modified":"2026-04-16T03:01:37","modified_gmt":"2026-04-16T00:01:37","slug":"basima-gelen-en-iyi-sey","status":"publish","type":"product","link":"https:\/\/roveyayinevi.com.tr\/index.php\/urun\/basima-gelen-en-iyi-sey\/","title":{"rendered":"Ba\u015f\u0131ma Gelen En \u0130yi \u015eey"},"content":{"rendered":"<p>DostlukM\u00fccadele\u015eefkatAzimBa\u015far\u0131Melis\u2019in kaykay yar\u0131\u015fmas\u0131na kat\u0131labilmesi i\u00e7in ailesini ikna etmesi gerekir. Buna \u00e7\u00f6z\u00fcm ararken hi\u00e7 beklemedi\u011fi bir anda kar\u015f\u0131 dairelerine birileri ta\u015f\u0131n\u0131r. Melis yeni arkada\u015f\u0131yla \u00e7ok \u00f6zel bir ba\u011f kurar. Farkl\u0131l\u0131klar\u0131yla birbirlerine destek olan iki arkada\u015f, hayallerimizden vazge\u00e7mezsek neleri ba\u015farabilece\u011fimizi g\u00f6zler \u00f6n\u00fcne seriyor.<\/p>\n","protected":false},"excerpt":{"rendered":"<p>DostlukM\u00fccadele\u015eefkatAzimBa\u015far\u0131Melis\u2019in kaykay yar\u0131\u015fmas\u0131na kat\u0131labilmesi i\u00e7in ailesini ikna etmesi gerekir. Buna \u00e7\u00f6z\u00fcm ararken hi\u00e7 beklemedi\u011fi bir anda kar\u015f\u0131 dairelerine birileri ta\u015f\u0131n\u0131r. Melis yeni arkada\u015f\u0131yla \u00e7ok \u00f6zel bir<span class=\"excerpt-hellip\"> [\u2026]<\/span><\/p>\n","protected":false},"featured_media":0,"template":"","meta":{"_monsterinsights_skip_tracking":false,"_monsterinsights_sitenote_active":false,"_monsterinsights_sitenote_note":"","_monsterinsights_sitenote_category":0},"product_brand":[],"product_cat":[12274,12284],"product_tag":[],"class_list":{"0":"post-748854","1":"product","2":"type-product","3":"status-publish","5":"product_cat-cocuk-ve-genclik-kitaplari","6":"product_cat-hikayeler","7":"pa_cilt-ciltsiz","8":"pa_tur-kitap","9":"pa_yayinevi-masalperest","10":"pa_yazar-filiz-gundogan","12":"first","13":"instock","14":"sale","15":"shipping-taxable","16":"purchasable","17":"product-type-simple"},"_links":{"self":[{"href":"https:\/\/roveyayinevi.com.tr\/index.php\/wp-json\/wp\/v2\/product\/748854","targetHints":{"allow":["GET"]}}],"collection":[{"href":"https:\/\/roveyayinevi.com.tr\/index.php\/wp-json\/wp\/v2\/product"}],"about":[{"href":"https:\/\/roveyayinevi.com.tr\/index.php\/wp-json\/wp\/v2\/types\/product"}],"wp:attachment":[{"href":"https:\/\/roveyayinevi.com.tr\/index.php\/wp-json\/wp\/v2\/media?parent=748854"}],"wp:term":[{"taxonomy":"product_brand","embeddable":true,"href":"https:\/\/roveyayinevi.com.tr\/index.php\/wp-json\/wp\/v2\/product_brand?post=748854"},{"taxonomy":"product_cat","embeddable":true,"href":"https:\/\/roveyayinevi.com.tr\/index.php\/wp-json\/wp\/v2\/product_cat?post=748854"},{"taxonomy":"product_tag","embeddable":true,"href":"https:\/\/roveyayinevi.com.tr\/index.php\/wp-json\/wp\/v2\/product_tag?post=748854"}],"curies":[{"name":"wp","href":"https:\/\/api.w.org\/{rel}","templated":true}]}}