{"id":748853,"date":"2025-08-28T03:40:57","date_gmt":"2025-08-28T00:40:57","guid":{"rendered":"https:\/\/roveyayinevi.com.tr\/index.php\/urun\/filikadaki-yabanci\/"},"modified":"2026-04-16T03:01:37","modified_gmt":"2026-04-16T00:01:37","slug":"filikadaki-yabanci","status":"publish","type":"product","link":"https:\/\/roveyayinevi.com.tr\/index.php\/urun\/filikadaki-yabanci\/","title":{"rendered":"Filikadaki Yabanc\u0131"},"content":{"rendered":"<p>\u00d6l\u00fcmc\u00fcl bir gemi kazas\u0131n\u0131n ard\u0131ndan bir filikada s\u00fcr\u00fcklenen yolcular, hayatta kalma m\u00fccadelesi vermektedir. Aradan \u00fc\u00e7 g\u00fcn ge\u00e7er; su, yiyecek ve umut s\u0131k\u0131nt\u0131s\u0131 \u00e7ektikleri s\u0131rada, dalgalar\u0131n aras\u0131nda bir adam g\u00f6r\u00fcrler ve onu filikaya \u00e7ekerler. Yabanc\u0131, \u201cBen Tanr\u0131\u2019y\u0131m,\u201d diye f\u0131s\u0131ldar.Bu garip ve sessiz adam ger\u00e7ekten de iddia etti\u011fi ki\u015fi olabilir mi? Hayatta kalanlar cennette mi, yoksa cehennemde mi?Bo\u015f filika, bir y\u0131l sonra Montserrat adas\u0131na vurur. B\u00f6ylece kazazedelerden Benji\u2019nin tuttu\u011fu g\u00fcnl\u00fck ke\u015ffedilir. Ger\u00e7ekte neler oldu\u011funun gizemini \u00e7\u00f6zmek ise adan\u0131n ba\u015fkomiseri Jarty LeFleur\u2019a d\u00fc\u015fer.Mitch Albom, ilahi yard\u0131m i\u00e7in yalvard\u0131ktan sonra Tanr\u0131 ger\u00e7ekten kar\u015f\u0131m\u0131za \u00e7\u0131ksayd\u0131 ne yapard\u0131k, sorusunun cevab\u0131n\u0131 ar\u0131yor. Sizi en derin inan\u00e7lar\u0131n\u0131z \u00fczerinde d\u00fc\u015f\u00fcnmeye iten Filikadaki Yabanc\u0131, dualar\u0131n\u0131z\u0131n cevaplar\u0131n\u0131n hi\u00e7 beklemedi\u011finiz yerlerde bulunabilece\u011fini \u00f6ne s\u00fcr\u00fcyor.<\/p>\n","protected":false},"excerpt":{"rendered":"<p>\u00d6l\u00fcmc\u00fcl bir gemi kazas\u0131n\u0131n ard\u0131ndan bir filikada s\u00fcr\u00fcklenen yolcular, hayatta kalma m\u00fccadelesi vermektedir. Aradan \u00fc\u00e7 g\u00fcn ge\u00e7er; su, yiyecek ve umut s\u0131k\u0131nt\u0131s\u0131 \u00e7ektikleri s\u0131rada, dalgalar\u0131n aras\u0131nda<span class=\"excerpt-hellip\"> [\u2026]<\/span><\/p>\n","protected":false},"featured_media":0,"template":"","meta":{"_monsterinsights_skip_tracking":false,"_monsterinsights_sitenote_active":false,"_monsterinsights_sitenote_note":"","_monsterinsights_sitenote_category":0},"product_brand":[],"product_cat":[12291,12711],"product_tag":[],"class_list":{"0":"post-748853","1":"product","2":"type-product","3":"status-publish","5":"product_cat-edebiyat","6":"product_cat-roman-oyku","7":"pa_cilt-ciltsiz","8":"pa_tur-kitap","9":"pa_yayinevi-nemesis-kitap","10":"pa_yazar-mitch-albom","12":"first","13":"instock","14":"sale","15":"shipping-taxable","16":"purchasable","17":"product-type-simple"},"_links":{"self":[{"href":"https:\/\/roveyayinevi.com.tr\/index.php\/wp-json\/wp\/v2\/product\/748853","targetHints":{"allow":["GET"]}}],"collection":[{"href":"https:\/\/roveyayinevi.com.tr\/index.php\/wp-json\/wp\/v2\/product"}],"about":[{"href":"https:\/\/roveyayinevi.com.tr\/index.php\/wp-json\/wp\/v2\/types\/product"}],"wp:attachment":[{"href":"https:\/\/roveyayinevi.com.tr\/index.php\/wp-json\/wp\/v2\/media?parent=748853"}],"wp:term":[{"taxonomy":"product_brand","embeddable":true,"href":"https:\/\/roveyayinevi.com.tr\/index.php\/wp-json\/wp\/v2\/product_brand?post=748853"},{"taxonomy":"product_cat","embeddable":true,"href":"https:\/\/roveyayinevi.com.tr\/index.php\/wp-json\/wp\/v2\/product_cat?post=748853"},{"taxonomy":"product_tag","embeddable":true,"href":"https:\/\/roveyayinevi.com.tr\/index.php\/wp-json\/wp\/v2\/product_tag?post=748853"}],"curies":[{"name":"wp","href":"https:\/\/api.w.org\/{rel}","templated":true}]}}