{"id":748852,"date":"2025-08-28T03:40:56","date_gmt":"2025-08-28T00:40:56","guid":{"rendered":"https:\/\/roveyayinevi.com.tr\/index.php\/urun\/ahmet-nuroglu-kitaplari-7-kitap-set\/"},"modified":"2026-04-16T03:01:37","modified_gmt":"2026-04-16T00:01:37","slug":"ahmet-nuroglu-kitaplari-7-kitap-set","status":"publish","type":"product","link":"https:\/\/roveyayinevi.com.tr\/index.php\/urun\/ahmet-nuroglu-kitaplari-7-kitap-set\/","title":{"rendered":"Ahmet Nuro\u011flu Kitaplar\u0131 (7 Kitap Set)"},"content":{"rendered":"<p>LAST\u0130K\u00c7\u0130 HAB\u0130B K\u00fc\u00e7\u00fck g\u00f6rme ile ba\u015flayan uzakla\u015fma ayr\u0131l\u0131\u011fa kadar gidince, ard\u0131 ard\u0131na geli\u015fen olaylar, di\u011fer tarafta yar\u0131m kalm\u0131\u015f bir i\u015fin tamamlanmas\u0131 i\u00e7in \u00e7abalar. Hik\u00e2yede, irade zay\u0131fl\u0131\u011f\u0131, kararl\u0131l\u0131k, t\u00f6relere uymama ve uyma konular\u0131, sonucu meraklan\u0131lacak tarzda anlat\u0131lm\u0131\u015ft\u0131r. \u0130ntikam alma duygusunu yenemeyen insanlar\u0131 konu alan hik\u00e2yedeki yer ve \u015fah\u0131s isimleri hayalidir.       OTOB\u00dcS\u00c7\u00dc \u00d6MER Otob\u00fcs\u00e7\u00fc \u00d6mer, i\u015f hayat\u0131 bozulan mutlu \u00e7iftin birbirlerine kar\u015f\u0131 yapt\u0131klar\u0131 fedak\u00e2rl\u0131k ve ihanetin anlat\u0131ld\u0131\u011f\u0131 bir hik\u00e2yedir. Hik\u00e2yede, \u00d6mer\u2019in tefeciler, \u00fc\u00e7l\u00fc kumpas ve kabileci h\u0131s\u0131mlar\u0131yla yapt\u0131\u011f\u0131 amans\u0131z m\u00fccadeleyi heyecanla okuyacaks\u0131n\u0131z. \u00d6\u00e7 alma duygular\u0131n\u0131 kontrol edemeyenlerin, yapt\u0131klar\u0131na pi\u015fman olanlar\u0131n ve olmayanlar\u0131n, d\u00fc\u015ft\u00fckleri hayli zor durumlar\u0131n anlat\u0131ld\u0131\u011f\u0131 bu hik\u00e2yedeki yer ve \u015fah\u0131s isimleri hayalidir. H\u00dcLLE VESA\u0130RE H\u00fclle Vesaire\u2019de, toplumun b\u00fcy\u00fck bir kesiminin ya\u015fad\u0131\u011f\u0131 sorunlar\u0131, inand\u0131klar\u0131 vahiyle gelen kitaba ba\u015fvurmadan, arac\u0131lar\u0131n yazd\u0131klar\u0131 bir kesimin vahiy diye iddia etti\u011fi, birbirlerine tezat ve sa\u00e7mal\u0131klarla dolu kitaplarla fetva verenlere dan\u0131\u015fmalar\u0131n\u0131n neticesi ele al\u0131nd\u0131. H\u00fclle Vesaire, ya\u015fanm\u0131\u015f \u00f6rneklerin bir araya getirilip beraberce kurgulanmas\u0131yla anlat\u0131lm\u0131\u015f bir drama. Birka\u00e7 olay\u0131n birlikte anlat\u0131ld\u0131\u011f\u0131 bu hik\u00e2yedeki yer ve \u015fah\u0131s isimleri hayalidir.  H\u0130LAL&#8217;\u0130N \u00d6FKES\u0130 \u00d6fkeyle ba\u015flad\u0131\u011f\u0131 i\u015flerden hep zararl\u0131 \u00e7\u0131kan g\u00fczel h\u0131r\u00e7\u0131n ve sab\u0131rs\u0131z bir k\u0131z\u0131n hik\u00e2yesi. \u0130mam nik\u00e2hl\u0131 e\u015finin sonucunu d\u00fc\u015f\u00fcnmeden yapt\u0131\u011f\u0131 \u00e7\u0131lg\u0131nl\u0131klar, iki aile aras\u0131ndaki bozulmaz dostluk, her s\u00f6ylenene kolay inanman\u0131n sonu\u00e7lar\u0131 Hilal in \u00f6fkesi hik\u00e2yesinin ana konular\u0131. Bir\u00e7ok b\u00f6l\u00fcmleri heyecanl\u0131 olan hik\u00e2yedeki yer ve \u015fah\u0131s isimleri hayalidir.     REYHAN BEBE\u011e\u0130M Reyhan Bebe\u011fim, Do\u011fu Karadeniz\u2019in da\u011fl\u0131k i\u00e7 kesimlerinde ba\u015flayan ve \u0130zmir\u2019de devam eden g\u00fczel bir k\u0131z\u0131n hayat hik\u00e2yesidir. Hik\u00e2yede, Anadolu k\u00fclt\u00fcr\u00fcyle yeti\u015fip ya\u015fan\u0131lan bir hayattan, \u00f6zenilerek Avrupai \u00e7a\u011fda\u015f hayat ya\u015fama ba\u015flaman\u0131n getirdi\u011fi sonu\u00e7lar\u0131 anlat\u0131lm\u0131\u015f, geli\u015fen \u00f6nemli olaylarla birlikte inanma veya inanmaman\u0131n hayat tarz\u0131na olan etkileri konu olarak i\u015flenmi\u015ftir. Be\u011fenmeme, d\u0131\u015flanma, pi\u015fman olma, kabullenememe, gibi hislerin \u00f6n plana \u00e7\u0131kt\u0131\u011f\u0131 hik\u00e2yedeki yer ve \u015fah\u0131s isimleri hayalidir. D\u0130\u011eERLER\u0130 VE SEYHAN G\u00fc\u00e7l\u00fc ve yap\u0131l\u0131 bir delikanl\u0131n\u0131n ba\u015far\u0131s\u0131zl\u0131klarla sonu\u00e7lanan sevda hik\u00e2yeleri, Di\u011ferleri ve Seyhan\u2019\u0131n ana temas\u0131. G\u00f6r\u00fcn\u00fc\u015fe aldanma, uzak kal\u0131nca unutulma, kolay elde etmenin gururu ve neticesi, kolay elde edilemeyene rastlan\u0131nca bunal\u0131ma girme gibi konular da s\u0131k\u0131c\u0131 olmayan okurken haz duyulacak bir ser\u00fcven \u015feklinde anlat\u0131lm\u0131\u015ft\u0131r. Hik\u00e2yedeki yer ve \u015fah\u0131s isimleri hayalidir.    MELEK \u0130LE ASUMAN K\u00fclt\u00fcrel farkl\u0131l\u0131\u011f\u0131n iki sevgili aras\u0131nda yaratt\u0131\u011f\u0131 etkiler, i\u015f hayat\u0131nda ba\u015far\u0131 ve karizma i\u00e7in a\u015fkta araya sokulan \u00fc\u00e7\u00fcnc\u00fc bir ortak ve sonu\u00e7lar\u0131. Kadim dostluk, fedak\u00e2rl\u0131k, i\u015f hayat\u0131nda ba\u015far\u0131y\u0131 yakalama azmi ve kararl\u0131l\u0131\u011f\u0131. Ayn\u0131 ailede iki farkl\u0131 ya\u015fam ve bunun sonu\u00e7lar\u0131. Bu konular Melek ile Asuman\u2019da ak\u0131c\u0131 bir dille anlat\u0131lmaya \u00e7al\u0131\u015f\u0131lm\u0131\u015ft\u0131r, hik\u00e2yedeki yer ve \u015fah\u0131s isimleri hayalidir. <\/p>\n","protected":false},"excerpt":{"rendered":"<p>LAST\u0130K\u00c7\u0130 HAB\u0130B K\u00fc\u00e7\u00fck g\u00f6rme ile ba\u015flayan uzakla\u015fma ayr\u0131l\u0131\u011fa kadar gidince, ard\u0131 ard\u0131na geli\u015fen olaylar, di\u011fer tarafta yar\u0131m kalm\u0131\u015f bir i\u015fin tamamlanmas\u0131 i\u00e7in \u00e7abalar. Hik\u00e2yede, irade zay\u0131fl\u0131\u011f\u0131,<span class=\"excerpt-hellip\"> [\u2026]<\/span><\/p>\n","protected":false},"featured_media":0,"template":"","meta":{"_monsterinsights_skip_tracking":false,"_monsterinsights_sitenote_active":false,"_monsterinsights_sitenote_note":"","_monsterinsights_sitenote_category":0},"product_brand":[],"product_cat":[12291,18202],"product_tag":[],"class_list":{"0":"post-748852","1":"product","2":"type-product","3":"status-publish","5":"product_cat-edebiyat","6":"product_cat-hikaye","7":"pa_cilt-ciltsiz","8":"pa_tur-kitap","9":"pa_yayinevi-kitap-muptelasi-yayinlari","10":"pa_yazar-ahmet-nuroglu","12":"first","13":"instock","14":"sale","15":"shipping-taxable","16":"purchasable","17":"product-type-simple"},"_links":{"self":[{"href":"https:\/\/roveyayinevi.com.tr\/index.php\/wp-json\/wp\/v2\/product\/748852","targetHints":{"allow":["GET"]}}],"collection":[{"href":"https:\/\/roveyayinevi.com.tr\/index.php\/wp-json\/wp\/v2\/product"}],"about":[{"href":"https:\/\/roveyayinevi.com.tr\/index.php\/wp-json\/wp\/v2\/types\/product"}],"wp:attachment":[{"href":"https:\/\/roveyayinevi.com.tr\/index.php\/wp-json\/wp\/v2\/media?parent=748852"}],"wp:term":[{"taxonomy":"product_brand","embeddable":true,"href":"https:\/\/roveyayinevi.com.tr\/index.php\/wp-json\/wp\/v2\/product_brand?post=748852"},{"taxonomy":"product_cat","embeddable":true,"href":"https:\/\/roveyayinevi.com.tr\/index.php\/wp-json\/wp\/v2\/product_cat?post=748852"},{"taxonomy":"product_tag","embeddable":true,"href":"https:\/\/roveyayinevi.com.tr\/index.php\/wp-json\/wp\/v2\/product_tag?post=748852"}],"curies":[{"name":"wp","href":"https:\/\/api.w.org\/{rel}","templated":true}]}}