{"id":748851,"date":"2025-08-28T03:40:54","date_gmt":"2025-08-28T00:40:54","guid":{"rendered":"https:\/\/roveyayinevi.com.tr\/index.php\/urun\/adi-yeter-soyadi-yetmez\/"},"modified":"2026-04-16T03:01:37","modified_gmt":"2026-04-16T00:01:37","slug":"adi-yeter-soyadi-yetmez","status":"publish","type":"product","link":"https:\/\/roveyayinevi.com.tr\/index.php\/urun\/adi-yeter-soyadi-yetmez\/","title":{"rendered":"Ad\u0131 Yeter, Soyad\u0131 Yetmez"},"content":{"rendered":"<p>Karde\u015flerinden lokma \u00e7alamad\u0131\u011f\u0131 i\u00e7in zay\u0131f ve incecik bir k\u0131zd\u0131r, \u2018Yeter.\u2019 Y\u00fcz\u00fc kupkuru ve h\u00fcz\u00fcnl\u00fcd\u00fcr. \u0130yi beslenemedi\u011fi i\u00e7in, g\u00fczelli\u011fi firar etmemi\u015f olsa da gizlenmi\u015ftir. Az\u0131c\u0131k beslense, y\u00fcz\u00fcndeki kemikler etle dolsa belki de g\u00fczel bir k\u0131z olacakt\u0131r. Ne yaz\u0131k ki, sofradan lokma \u00e7alacak hali yoktur. Bu nedenle de kara kuru bir k\u0131zca\u011f\u0131zd\u0131r, iki arada bir derede dolan\u0131p duran bir garip k\u0131zca\u011f\u0131z hem de. Yeter, 16 ya\u015f\u0131na gelse de, yap\u0131s\u0131nda bir de\u011fi\u015fiklik yoktur. Boyu uzun olsa da sap gibi olmas\u0131, k\u0131z bakmaya gelenlerin ilgisini \u00e7ekmemektedir. Kimileri kendi aralar\u0131nda; \u201cBu kemik torbas\u0131 k\u0131z\u0131 al\u0131p ne yapacaks\u0131n\u201d dediler. Satm\u0131\u015ft\u0131 babas\u0131 karde\u015flerini. Her y\u0131l bir karde\u015fini sat\u0131yordu. Ald\u0131\u011f\u0131 paralarla yeni han\u0131mlar alm\u0131\u015f. Artan parayla da, insaf edip yiyecek sa\u011flam\u0131\u015ft\u0131 evde kalanlara. Giyim ku\u015fam zaten yoktu. Eve gelenler, ablas\u0131n\u0131 alacak yeterli paray\u0131 denkle\u015ftiremeyince babas\u0131, \u201cbu paraya ancak size \u2018Yeter\u2019 k\u0131z\u0131m\u0131 verebilirim. Yoksa di\u011fer iki k\u0131z\u0131m\u0131n kilosuna paran\u0131z yetmez\u201d diyerek kestirip atm\u0131\u015ft\u0131. Yeter, yeter diye ba\u011f\u0131ram\u0131yordu. Soyad\u0131 tesad\u00fcfen \u2018Yetmez\u2019 olunca, \u201cYeter YETMEZ\u201d ismi, hayat\u0131n\u0131n en b\u00fcy\u00fck \u00e7eli\u015fkisiydi asl\u0131nda. Sadece yeter bir can\u0131, yetmez bir ya\u015fant\u0131s\u0131 vard\u0131.<\/p>\n","protected":false},"excerpt":{"rendered":"<p>Karde\u015flerinden lokma \u00e7alamad\u0131\u011f\u0131 i\u00e7in zay\u0131f ve incecik bir k\u0131zd\u0131r, \u2018Yeter.\u2019 Y\u00fcz\u00fc kupkuru ve h\u00fcz\u00fcnl\u00fcd\u00fcr. \u0130yi beslenemedi\u011fi i\u00e7in, g\u00fczelli\u011fi firar etmemi\u015f olsa da gizlenmi\u015ftir. Az\u0131c\u0131k beslense, y\u00fcz\u00fcndeki<span class=\"excerpt-hellip\"> [\u2026]<\/span><\/p>\n","protected":false},"featured_media":0,"template":"","meta":{"_monsterinsights_skip_tracking":false,"_monsterinsights_sitenote_active":false,"_monsterinsights_sitenote_note":"","_monsterinsights_sitenote_category":0},"product_brand":[],"product_cat":[12291,18202],"product_tag":[],"class_list":{"0":"post-748851","1":"product","2":"type-product","3":"status-publish","5":"product_cat-edebiyat","6":"product_cat-hikaye","7":"pa_cilt-ciltsiz","8":"pa_tur-kitap","9":"pa_yayinevi-kitap-muptelasi-yayinlari","10":"pa_yazar-suayip-odabasi","12":"first","13":"instock","14":"sale","15":"shipping-taxable","16":"purchasable","17":"product-type-simple"},"_links":{"self":[{"href":"https:\/\/roveyayinevi.com.tr\/index.php\/wp-json\/wp\/v2\/product\/748851","targetHints":{"allow":["GET"]}}],"collection":[{"href":"https:\/\/roveyayinevi.com.tr\/index.php\/wp-json\/wp\/v2\/product"}],"about":[{"href":"https:\/\/roveyayinevi.com.tr\/index.php\/wp-json\/wp\/v2\/types\/product"}],"wp:attachment":[{"href":"https:\/\/roveyayinevi.com.tr\/index.php\/wp-json\/wp\/v2\/media?parent=748851"}],"wp:term":[{"taxonomy":"product_brand","embeddable":true,"href":"https:\/\/roveyayinevi.com.tr\/index.php\/wp-json\/wp\/v2\/product_brand?post=748851"},{"taxonomy":"product_cat","embeddable":true,"href":"https:\/\/roveyayinevi.com.tr\/index.php\/wp-json\/wp\/v2\/product_cat?post=748851"},{"taxonomy":"product_tag","embeddable":true,"href":"https:\/\/roveyayinevi.com.tr\/index.php\/wp-json\/wp\/v2\/product_tag?post=748851"}],"curies":[{"name":"wp","href":"https:\/\/api.w.org\/{rel}","templated":true}]}}