{"id":748848,"date":"2025-08-28T03:40:49","date_gmt":"2025-08-28T00:40:49","guid":{"rendered":"https:\/\/roveyayinevi.com.tr\/index.php\/urun\/cikmaz-sokak-2\/"},"modified":"2026-04-03T03:04:16","modified_gmt":"2026-04-03T00:04:16","slug":"cikmaz-sokak-2","status":"publish","type":"product","link":"https:\/\/roveyayinevi.com.tr\/index.php\/urun\/cikmaz-sokak-2\/","title":{"rendered":"\u00c7\u0131kmaz Sokak"},"content":{"rendered":"<p>Soka\u011f\u0131n sonuna \u00f6r\u00fclm\u00fc\u015f y\u00fcksek bir duvar. Yan yana s\u0131ralanm\u0131\u015f gecekondu evlerinin i\u00e7inde ayr\u0131 ayr\u0131 hik\u00e2yeler. Tertemiz insanlar\u0131n ya\u015fad\u0131\u011f\u0131 \u00c7\u0131kmaz Sokak\u2019ta herkes kendine ortak bir hayat bulacak.<\/p>\n","protected":false},"excerpt":{"rendered":"<p>Soka\u011f\u0131n sonuna \u00f6r\u00fclm\u00fc\u015f y\u00fcksek bir duvar. Yan yana s\u0131ralanm\u0131\u015f gecekondu evlerinin i\u00e7inde ayr\u0131 ayr\u0131 hik\u00e2yeler. Tertemiz insanlar\u0131n ya\u015fad\u0131\u011f\u0131 \u00c7\u0131kmaz Sokak\u2019ta herkes kendine ortak bir hayat bulacak.<\/p>\n","protected":false},"featured_media":0,"template":"","meta":{"_monsterinsights_skip_tracking":false,"_monsterinsights_sitenote_active":false,"_monsterinsights_sitenote_note":"","_monsterinsights_sitenote_category":0},"product_brand":[],"product_cat":[12291,12711],"product_tag":[],"class_list":{"0":"post-748848","1":"product","2":"type-product","3":"status-publish","5":"product_cat-edebiyat","6":"product_cat-roman-oyku","7":"pa_cilt-ciltsiz","8":"pa_tur-kitap","9":"pa_yayinevi-kitap-muptelasi-yayinlari","10":"pa_yazar-osman-komurcu","12":"first","13":"instock","14":"sale","15":"shipping-taxable","16":"purchasable","17":"product-type-simple"},"_links":{"self":[{"href":"https:\/\/roveyayinevi.com.tr\/index.php\/wp-json\/wp\/v2\/product\/748848","targetHints":{"allow":["GET"]}}],"collection":[{"href":"https:\/\/roveyayinevi.com.tr\/index.php\/wp-json\/wp\/v2\/product"}],"about":[{"href":"https:\/\/roveyayinevi.com.tr\/index.php\/wp-json\/wp\/v2\/types\/product"}],"wp:attachment":[{"href":"https:\/\/roveyayinevi.com.tr\/index.php\/wp-json\/wp\/v2\/media?parent=748848"}],"wp:term":[{"taxonomy":"product_brand","embeddable":true,"href":"https:\/\/roveyayinevi.com.tr\/index.php\/wp-json\/wp\/v2\/product_brand?post=748848"},{"taxonomy":"product_cat","embeddable":true,"href":"https:\/\/roveyayinevi.com.tr\/index.php\/wp-json\/wp\/v2\/product_cat?post=748848"},{"taxonomy":"product_tag","embeddable":true,"href":"https:\/\/roveyayinevi.com.tr\/index.php\/wp-json\/wp\/v2\/product_tag?post=748848"}],"curies":[{"name":"wp","href":"https:\/\/api.w.org\/{rel}","templated":true}]}}