{"id":748847,"date":"2025-08-28T03:40:47","date_gmt":"2025-08-28T00:40:47","guid":{"rendered":"https:\/\/roveyayinevi.com.tr\/index.php\/urun\/kirinti\/"},"modified":"2026-04-16T03:01:37","modified_gmt":"2026-04-16T00:01:37","slug":"kirinti","status":"publish","type":"product","link":"https:\/\/roveyayinevi.com.tr\/index.php\/urun\/kirinti\/","title":{"rendered":"K\u0131r\u0131nt\u0131"},"content":{"rendered":"<p>K\u00fc\u00e7\u00fcc\u00fck ayakkab\u0131 boyac\u0131 sand\u0131\u011f\u0131 omzunda. B\u00fct\u00fcn g\u00fcn caddeleri, parklar\u0131, kahvehaneleri gezer durur. Daha bu ya\u015fta elleri nas\u0131rl\u0131 ve simsiyah. Ne kadar y\u0131karsa y\u0131kas\u0131n ellerindeki siyahl\u0131\u011f\u0131 bir t\u00fcrl\u00fc temizleyemiyor\u2026<\/p>\n","protected":false},"excerpt":{"rendered":"<p>K\u00fc\u00e7\u00fcc\u00fck ayakkab\u0131 boyac\u0131 sand\u0131\u011f\u0131 omzunda. B\u00fct\u00fcn g\u00fcn caddeleri, parklar\u0131, kahvehaneleri gezer durur. Daha bu ya\u015fta elleri nas\u0131rl\u0131 ve simsiyah. Ne kadar y\u0131karsa y\u0131kas\u0131n ellerindeki siyahl\u0131\u011f\u0131 bir<span class=\"excerpt-hellip\"> [\u2026]<\/span><\/p>\n","protected":false},"featured_media":0,"template":"","meta":{"_monsterinsights_skip_tracking":false,"_monsterinsights_sitenote_active":false,"_monsterinsights_sitenote_note":"","_monsterinsights_sitenote_category":0},"product_brand":[],"product_cat":[12291,12711],"product_tag":[],"class_list":{"0":"post-748847","1":"product","2":"type-product","3":"status-publish","5":"product_cat-edebiyat","6":"product_cat-roman-oyku","7":"pa_cilt-ciltsiz","8":"pa_tur-kitap","9":"pa_yayinevi-kitap-muptelasi-yayinlari","10":"pa_yazar-osman-komurcu","12":"first","13":"instock","14":"sale","15":"shipping-taxable","16":"purchasable","17":"product-type-simple"},"_links":{"self":[{"href":"https:\/\/roveyayinevi.com.tr\/index.php\/wp-json\/wp\/v2\/product\/748847","targetHints":{"allow":["GET"]}}],"collection":[{"href":"https:\/\/roveyayinevi.com.tr\/index.php\/wp-json\/wp\/v2\/product"}],"about":[{"href":"https:\/\/roveyayinevi.com.tr\/index.php\/wp-json\/wp\/v2\/types\/product"}],"wp:attachment":[{"href":"https:\/\/roveyayinevi.com.tr\/index.php\/wp-json\/wp\/v2\/media?parent=748847"}],"wp:term":[{"taxonomy":"product_brand","embeddable":true,"href":"https:\/\/roveyayinevi.com.tr\/index.php\/wp-json\/wp\/v2\/product_brand?post=748847"},{"taxonomy":"product_cat","embeddable":true,"href":"https:\/\/roveyayinevi.com.tr\/index.php\/wp-json\/wp\/v2\/product_cat?post=748847"},{"taxonomy":"product_tag","embeddable":true,"href":"https:\/\/roveyayinevi.com.tr\/index.php\/wp-json\/wp\/v2\/product_tag?post=748847"}],"curies":[{"name":"wp","href":"https:\/\/api.w.org\/{rel}","templated":true}]}}