{"id":748843,"date":"2025-08-28T03:40:40","date_gmt":"2025-08-28T00:40:40","guid":{"rendered":"https:\/\/roveyayinevi.com.tr\/index.php\/urun\/coban-atesi-2\/"},"modified":"2026-04-03T03:04:16","modified_gmt":"2026-04-03T00:04:16","slug":"coban-atesi-2","status":"publish","type":"product","link":"https:\/\/roveyayinevi.com.tr\/index.php\/urun\/coban-atesi-2\/","title":{"rendered":"\u00c7oban Ate\u015fi"},"content":{"rendered":"<p>Bilmedikleri bir \u015fey vard\u0131, o da \u00f6l\u00fcm da\u011flar\u0131na yava\u015f yava\u015f yakla\u015f\u0131yor olmalar\u0131yd\u0131. Oradaki kan ve \u00f6l\u00fcm sa\u00e7an gencecik insanlar\u0131n canlar\u0131n\u0131 bu hayattan ac\u0131mas\u0131zca s\u00f6k\u00fcp alan da\u011flar\u0131n zirvesini g\u00f6remezsiniz \u00e7\u00fcnk\u00fc zirveleri yoktur. Saatlerce yol alsan\u0131z bile bulutlar\u0131 delen o h\u0131r\u00e7\u0131n, keskin da\u011flar\u0131n zirvelerine ula\u015famazs\u0131n\u0131z. Bu sava\u015fta kazanan taraf yok. Bu sava\u015f\u0131 herkes kaybetti. <\/p>\n","protected":false},"excerpt":{"rendered":"<p>Bilmedikleri bir \u015fey vard\u0131, o da \u00f6l\u00fcm da\u011flar\u0131na yava\u015f yava\u015f yakla\u015f\u0131yor olmalar\u0131yd\u0131. Oradaki kan ve \u00f6l\u00fcm sa\u00e7an gencecik insanlar\u0131n canlar\u0131n\u0131 bu hayattan ac\u0131mas\u0131zca s\u00f6k\u00fcp alan da\u011flar\u0131n<span class=\"excerpt-hellip\"> [\u2026]<\/span><\/p>\n","protected":false},"featured_media":0,"template":"","meta":{"_monsterinsights_skip_tracking":false,"_monsterinsights_sitenote_active":false,"_monsterinsights_sitenote_note":"","_monsterinsights_sitenote_category":0},"product_brand":[],"product_cat":[12291,12711],"product_tag":[],"class_list":{"0":"post-748843","1":"product","2":"type-product","3":"status-publish","5":"product_cat-edebiyat","6":"product_cat-roman-oyku","7":"pa_cilt-ciltsiz","8":"pa_tur-kitap","9":"pa_yayinevi-kitap-muptelasi-yayinlari","10":"pa_yazar-osman-komurcu","12":"first","13":"instock","14":"sale","15":"shipping-taxable","16":"purchasable","17":"product-type-simple"},"_links":{"self":[{"href":"https:\/\/roveyayinevi.com.tr\/index.php\/wp-json\/wp\/v2\/product\/748843","targetHints":{"allow":["GET"]}}],"collection":[{"href":"https:\/\/roveyayinevi.com.tr\/index.php\/wp-json\/wp\/v2\/product"}],"about":[{"href":"https:\/\/roveyayinevi.com.tr\/index.php\/wp-json\/wp\/v2\/types\/product"}],"wp:attachment":[{"href":"https:\/\/roveyayinevi.com.tr\/index.php\/wp-json\/wp\/v2\/media?parent=748843"}],"wp:term":[{"taxonomy":"product_brand","embeddable":true,"href":"https:\/\/roveyayinevi.com.tr\/index.php\/wp-json\/wp\/v2\/product_brand?post=748843"},{"taxonomy":"product_cat","embeddable":true,"href":"https:\/\/roveyayinevi.com.tr\/index.php\/wp-json\/wp\/v2\/product_cat?post=748843"},{"taxonomy":"product_tag","embeddable":true,"href":"https:\/\/roveyayinevi.com.tr\/index.php\/wp-json\/wp\/v2\/product_tag?post=748843"}],"curies":[{"name":"wp","href":"https:\/\/api.w.org\/{rel}","templated":true}]}}