{"id":748842,"date":"2025-08-28T03:40:39","date_gmt":"2025-08-28T00:40:39","guid":{"rendered":"https:\/\/roveyayinevi.com.tr\/index.php\/urun\/goc-5\/"},"modified":"2026-04-16T03:01:37","modified_gmt":"2026-04-16T00:01:37","slug":"goc-5","status":"publish","type":"product","link":"https:\/\/roveyayinevi.com.tr\/index.php\/urun\/goc-5\/","title":{"rendered":"G\u00f6\u00e7"},"content":{"rendered":"<p>K\u0131rm\u0131z\u0131 erik a\u011fac\u0131 Ye\u015fil erik a\u011fac\u0131 Yan yana k\u00fc\u00e7\u00fcc\u00fck fidanlard\u0131. Ye\u015fil erik a\u011fac\u0131 daha k\u00fc\u00e7\u00fcc\u00fck fidanken be\u011fenmemi\u015fti yerini. S\u00f6ylenip durmu\u015ftu kendi kendine. K\u0131skanm\u0131\u015ft\u0131 k\u0131rm\u0131z\u0131 erik a\u011fac\u0131n\u0131n yerini. G\u00f6\u00e7, hik\u00e2yeleri \u015fiirle harmanlay\u0131p yaz\u0131lm\u0131\u015f masals\u0131 bir kitapt\u0131r. <\/p>\n","protected":false},"excerpt":{"rendered":"<p>K\u0131rm\u0131z\u0131 erik a\u011fac\u0131 Ye\u015fil erik a\u011fac\u0131 Yan yana k\u00fc\u00e7\u00fcc\u00fck fidanlard\u0131. Ye\u015fil erik a\u011fac\u0131 daha k\u00fc\u00e7\u00fcc\u00fck fidanken be\u011fenmemi\u015fti yerini. S\u00f6ylenip durmu\u015ftu kendi kendine. K\u0131skanm\u0131\u015ft\u0131 k\u0131rm\u0131z\u0131 erik a\u011fac\u0131n\u0131n<span class=\"excerpt-hellip\"> [\u2026]<\/span><\/p>\n","protected":false},"featured_media":0,"template":"","meta":{"_monsterinsights_skip_tracking":false,"_monsterinsights_sitenote_active":false,"_monsterinsights_sitenote_note":"","_monsterinsights_sitenote_category":0},"product_brand":[],"product_cat":[12291,12711],"product_tag":[],"class_list":{"0":"post-748842","1":"product","2":"type-product","3":"status-publish","5":"product_cat-edebiyat","6":"product_cat-roman-oyku","7":"pa_cilt-ciltsiz","8":"pa_tur-kitap","9":"pa_yayinevi-kitap-muptelasi-yayinlari","10":"pa_yazar-osman-komurcu","12":"first","13":"instock","14":"sale","15":"shipping-taxable","16":"purchasable","17":"product-type-simple"},"_links":{"self":[{"href":"https:\/\/roveyayinevi.com.tr\/index.php\/wp-json\/wp\/v2\/product\/748842","targetHints":{"allow":["GET"]}}],"collection":[{"href":"https:\/\/roveyayinevi.com.tr\/index.php\/wp-json\/wp\/v2\/product"}],"about":[{"href":"https:\/\/roveyayinevi.com.tr\/index.php\/wp-json\/wp\/v2\/types\/product"}],"wp:attachment":[{"href":"https:\/\/roveyayinevi.com.tr\/index.php\/wp-json\/wp\/v2\/media?parent=748842"}],"wp:term":[{"taxonomy":"product_brand","embeddable":true,"href":"https:\/\/roveyayinevi.com.tr\/index.php\/wp-json\/wp\/v2\/product_brand?post=748842"},{"taxonomy":"product_cat","embeddable":true,"href":"https:\/\/roveyayinevi.com.tr\/index.php\/wp-json\/wp\/v2\/product_cat?post=748842"},{"taxonomy":"product_tag","embeddable":true,"href":"https:\/\/roveyayinevi.com.tr\/index.php\/wp-json\/wp\/v2\/product_tag?post=748842"}],"curies":[{"name":"wp","href":"https:\/\/api.w.org\/{rel}","templated":true}]}}