{"id":748834,"date":"2025-08-28T03:40:25","date_gmt":"2025-08-28T00:40:25","guid":{"rendered":"https:\/\/roveyayinevi.com.tr\/index.php\/urun\/hayvan-ciftligi-31\/"},"modified":"2026-04-16T03:01:37","modified_gmt":"2026-04-16T00:01:37","slug":"hayvan-ciftligi-31","status":"publish","type":"product","link":"https:\/\/roveyayinevi.com.tr\/index.php\/urun\/hayvan-ciftligi-31\/","title":{"rendered":"Hayvan \u00c7iftli\u011fi"},"content":{"rendered":"<p>T\u00fcm hayvanlar e\u015fittir ama baz\u0131 hayvanlar di\u011ferlerinden daha e\u015fittir.  Beylik \u00c7iftli\u011fi\u2019nin ezilen hayvanlar\u0131, efendileri Mr. Jones\u2019u devirip \u00e7iftli\u011fin y\u00f6netimini ele ge\u00e7irdiklerinde, bunu \u00f6zg\u00fcr ve e\u015fitlik\u00e7i bir hayata at\u0131lan ilk ad\u0131m olarak g\u00f6r\u00fcrler. Fakat aralar\u0131ndan bir grup se\u00e7kin, Napolyon ve Kartopu isimli iki domuzun \u00f6nc\u00fcl\u00fc\u011f\u00fcnde yava\u015f yava\u015f kontrol\u00fc ele al\u0131r. Kendilerini bir zorbal\u0131ktan kurtulup ba\u015fka bir zorbal\u0131k alt\u0131nda ezilirken bulan hayvanlar, \u00e7ok ge\u00e7meden d\u00fc\u015f\u00fcnd\u00fckleri kadar e\u015fit olmad\u0131klar\u0131n\u0131 anlarlar. Orwell\u2019in, g\u00fc\u00e7 zehirlenmesi ve yozla\u015fma sonucunda h\u00fcsrana u\u011fram\u0131\u015f idealizme dair sars\u0131c\u0131 ta\u015flamas\u0131 Hayvan \u00c7iftli\u011fi, Brezilyal\u0131 \u00fcnl\u00fc \u00e7izer Odyr\u2019in \u00e7arp\u0131c\u0131 uyarlamas\u0131yla kendine yepyeni bir ifade alan\u0131 buluyor.    \u201cOrwell\u2019in g\u00fcncelli\u011fini asla yitirmeyen alegorisine g\u00f6z al\u0131c\u0131 bir sayg\u0131 duru\u015fu. Zincirlerinden kurtularak ba\u015flatt\u0131klar\u0131 devrimin sonu\u00e7lar\u0131n\u0131 g\u00f6\u011f\u00fcsleyen hayvanlar\u0131 f\u0131r\u00e7a darbeleriyle g\u00f6r\u00fcn\u00fcr k\u0131lan Odyr\u2019in tasvirleri \u00e7ok g\u00fc\u00e7l\u00fc.\u201d New York Times <\/p>\n","protected":false},"excerpt":{"rendered":"<p>T\u00fcm hayvanlar e\u015fittir ama baz\u0131 hayvanlar di\u011ferlerinden daha e\u015fittir. Beylik \u00c7iftli\u011fi\u2019nin ezilen hayvanlar\u0131, efendileri Mr. Jones\u2019u devirip \u00e7iftli\u011fin y\u00f6netimini ele ge\u00e7irdiklerinde, bunu \u00f6zg\u00fcr ve e\u015fitlik\u00e7i bir<span class=\"excerpt-hellip\"> [\u2026]<\/span><\/p>\n","protected":false},"featured_media":0,"template":"","meta":{"_monsterinsights_skip_tracking":false,"_monsterinsights_sitenote_active":false,"_monsterinsights_sitenote_note":"","_monsterinsights_sitenote_category":0},"product_brand":[],"product_cat":[12416,12291],"product_tag":[],"class_list":{"0":"post-748834","1":"product","2":"type-product","3":"status-publish","5":"product_cat-cizgi-roman","6":"product_cat-edebiyat","7":"pa_cilt-ciltsiz","8":"pa_tur-kitap","9":"pa_yayinevi-domingo-yayinevi","10":"pa_yazar-george-orwell","12":"first","13":"instock","14":"sale","15":"shipping-taxable","16":"purchasable","17":"product-type-simple"},"_links":{"self":[{"href":"https:\/\/roveyayinevi.com.tr\/index.php\/wp-json\/wp\/v2\/product\/748834","targetHints":{"allow":["GET"]}}],"collection":[{"href":"https:\/\/roveyayinevi.com.tr\/index.php\/wp-json\/wp\/v2\/product"}],"about":[{"href":"https:\/\/roveyayinevi.com.tr\/index.php\/wp-json\/wp\/v2\/types\/product"}],"wp:attachment":[{"href":"https:\/\/roveyayinevi.com.tr\/index.php\/wp-json\/wp\/v2\/media?parent=748834"}],"wp:term":[{"taxonomy":"product_brand","embeddable":true,"href":"https:\/\/roveyayinevi.com.tr\/index.php\/wp-json\/wp\/v2\/product_brand?post=748834"},{"taxonomy":"product_cat","embeddable":true,"href":"https:\/\/roveyayinevi.com.tr\/index.php\/wp-json\/wp\/v2\/product_cat?post=748834"},{"taxonomy":"product_tag","embeddable":true,"href":"https:\/\/roveyayinevi.com.tr\/index.php\/wp-json\/wp\/v2\/product_tag?post=748834"}],"curies":[{"name":"wp","href":"https:\/\/api.w.org\/{rel}","templated":true}]}}