{"id":748832,"date":"2025-08-28T03:40:23","date_gmt":"2025-08-28T00:40:23","guid":{"rendered":"https:\/\/roveyayinevi.com.tr\/index.php\/urun\/islamin-krizi\/"},"modified":"2026-04-16T03:01:37","modified_gmt":"2026-04-16T00:01:37","slug":"islamin-krizi","status":"publish","type":"product","link":"https:\/\/roveyayinevi.com.tr\/index.php\/urun\/islamin-krizi\/","title":{"rendered":"\u0130slam\u2019\u0131n Krizi"},"content":{"rendered":"<p>ORTADO\u011eU\u2019DA \u0130KT\u0130DAR M\u00dcCADELELER\u0130 ve B\u0130TMEYEN SAVA\u015e\u2026   &#8220;Bat\u0131 ile \u0130slam d\u00fcnyas\u0131 aras\u0131ndaki gerilimlere ili\u015fkin g\u00fcncel tart\u0131\u015fmalara tam zaman\u0131nda ve k\u0131\u015fk\u0131rt\u0131c\u0131 bir katk\u0131.&#8221; \u2013 Business Week \u201cDuayen Ortado\u011fu tarih\u00e7isi Lewis\u2019in kaleminden ola\u011fan\u00fcst\u00fc bir kavray\u0131\u015fla dolu \u00e7ok k\u0131ymetli bir eser.\u201d \u2013 The Wall Street Journal   Hata Neredeydi? ile Do\u011fu\u2019nun geri kal\u0131\u015f tarihini inceleyen \u00fcnl\u00fc tarih\u00e7i Bernard Lewis, devam kitab\u0131 niteli\u011findeki \u0130slam\u2019\u0131n Krizi\u2019yle bitmek bilmeyen iktidar m\u00fccadelelerinin \u0130slam d\u00fcnyas\u0131na ne denli zarar verdi\u011fini ortaya koyuyor. Lewis, siyasal \u0130slam\u2019\u0131n din\u00ee k\u00f6kenlerine bakarken \u0130ran, M\u0131s\u0131r ve Suudi Arabistan gibi \u00fclkelerde radikalizmin y\u00fckseli\u015fini, Vehhabi \u00f6\u011fretisinin ve Suudi petrol paras\u0131n\u0131n \u0130slam d\u00fcnyas\u0131n\u0131n geri kalan\u0131 \u00fczerindeki etkilerini inceliyor. \u0130slam\u2019\u0131n Krizi Hazreti Peygamber\u2019in sava\u015flar\u0131 ve komutanl\u0131\u011f\u0131ndan ba\u015flayarak \u0130slam\u2019\u0131n, kendisinden olmayanlarla m\u00fccadelesine bakan y\u00f6n\u00fcn\u00fc geni\u015f bir \u00e7er\u00e7evede ele al\u0131yor. \u0130srail\u2019in kurulu\u015fu, \u0130ran Devrimi, So\u011fuk Sava\u015f, Sovyetlerin Afganistan\u2019da ya\u015fad\u0131\u011f\u0131 ma\u011flubiyet, K\u00f6rfez Sava\u015f\u0131 ve 11 Eyl\u00fcl sald\u0131r\u0131lar\u0131 gibi Ortado\u011fu \u0130slam toplumu i\u00e7in \u00f6nemli olaylara ve sonras\u0131nda do\u011fan \u015fiddetli \u00e7at\u0131\u015fmalara odaklan\u0131yor. \u0130slam d\u00fcnyas\u0131nda on dokuzuncu y\u00fczy\u0131l\u0131n sonlar\u0131ndan itibaren s\u00fcregelen iktidar m\u00fccadeleleri ve siyasal \u0130slam\u00ee ak\u0131mlar\u0131n yol a\u00e7t\u0131\u011f\u0131 istikrars\u0131zl\u0131k, bir zamanlar bilimsel ara\u015ft\u0131rmalar ve felsefi sorgulamalarla d\u00fcnyaya y\u00f6n veren \u0130slam uygarl\u0131\u011f\u0131n\u0131n be\u015fi\u011fi olan bu co\u011frafyada daim\u00ee bir sava\u015f haline yol a\u00e7m\u0131\u015ft\u0131r. \u0130slam\u2019\u0131n Krizi\u2019nde Lewis, \u0130slam d\u00fcnyas\u0131n\u0131n bu rol\u00fcn\u00fc nas\u0131l ve ni\u00e7in kaybetti\u011fine odaklan\u0131yor ve siyasi a\u00e7\u0131dan durulamayan \u0130slam d\u00fcnyas\u0131ndaki sorunun kayna\u011f\u0131n\u0131 g\u00f6stermeye \u00e7al\u0131\u015f\u0131yor. Ortado\u011fu \u00e7al\u0131\u015fmalar\u0131n\u0131n en \u00f6nde gelen isimlerinden Bernard Lewis, \u0130slam\u2019\u0131n Krizi\u2019nde siyasal ve radikal \u0130slam\u2019\u0131n Ortado\u011fu ile modern Bat\u0131 d\u00fcnyas\u0131 aras\u0131ndaki ili\u015fkileri nas\u0131l kopard\u0131\u011f\u0131n\u0131 b\u00fcy\u00fck bir kalem maharetiyle anlat\u0131yor. <\/p>\n","protected":false},"excerpt":{"rendered":"<p>ORTADO\u011eU\u2019DA \u0130KT\u0130DAR M\u00dcCADELELER\u0130 ve B\u0130TMEYEN SAVA\u015e\u2026 &#8220;Bat\u0131 ile \u0130slam d\u00fcnyas\u0131 aras\u0131ndaki gerilimlere ili\u015fkin g\u00fcncel tart\u0131\u015fmalara tam zaman\u0131nda ve k\u0131\u015fk\u0131rt\u0131c\u0131 bir katk\u0131.&#8221; \u2013 Business Week \u201cDuayen Ortado\u011fu<span class=\"excerpt-hellip\"> [\u2026]<\/span><\/p>\n","protected":false},"featured_media":0,"template":"","meta":{"_monsterinsights_skip_tracking":false,"_monsterinsights_sitenote_active":false,"_monsterinsights_sitenote_note":"","_monsterinsights_sitenote_category":0},"product_brand":[],"product_cat":[12312,12304],"product_tag":[],"class_list":{"0":"post-748832","1":"product","2":"type-product","3":"status-publish","5":"product_cat-diger","6":"product_cat-tarih","7":"pa_cilt-ciltsiz","8":"pa_tur-kitap","9":"pa_yayinevi-kronik-kitap","10":"pa_yazar-bernard-lewis","12":"first","13":"instock","14":"sale","15":"shipping-taxable","16":"purchasable","17":"product-type-simple"},"_links":{"self":[{"href":"https:\/\/roveyayinevi.com.tr\/index.php\/wp-json\/wp\/v2\/product\/748832","targetHints":{"allow":["GET"]}}],"collection":[{"href":"https:\/\/roveyayinevi.com.tr\/index.php\/wp-json\/wp\/v2\/product"}],"about":[{"href":"https:\/\/roveyayinevi.com.tr\/index.php\/wp-json\/wp\/v2\/types\/product"}],"wp:attachment":[{"href":"https:\/\/roveyayinevi.com.tr\/index.php\/wp-json\/wp\/v2\/media?parent=748832"}],"wp:term":[{"taxonomy":"product_brand","embeddable":true,"href":"https:\/\/roveyayinevi.com.tr\/index.php\/wp-json\/wp\/v2\/product_brand?post=748832"},{"taxonomy":"product_cat","embeddable":true,"href":"https:\/\/roveyayinevi.com.tr\/index.php\/wp-json\/wp\/v2\/product_cat?post=748832"},{"taxonomy":"product_tag","embeddable":true,"href":"https:\/\/roveyayinevi.com.tr\/index.php\/wp-json\/wp\/v2\/product_tag?post=748832"}],"curies":[{"name":"wp","href":"https:\/\/api.w.org\/{rel}","templated":true}]}}