{"id":748830,"date":"2025-08-28T03:40:20","date_gmt":"2025-08-28T00:40:20","guid":{"rendered":"https:\/\/roveyayinevi.com.tr\/index.php\/urun\/yeni-roma\/"},"modified":"2026-04-16T03:01:37","modified_gmt":"2026-04-16T00:01:37","slug":"yeni-roma","status":"publish","type":"product","link":"https:\/\/roveyayinevi.com.tr\/index.php\/urun\/yeni-roma\/","title":{"rendered":"Yeni Roma"},"content":{"rendered":"<p>ROMA \u0130MPARATORLU\u011eU BATI\u2019DA \u00c7\u00d6KERKEN DO\u011eU\u2019DA B\u0130ZANS NASIL Y\u00dcKSELD\u0130? \u201cB\u00fcy\u00fcleyici&#8230; ayd\u0131nlat\u0131c\u0131&#8230; Paul Stephenson g\u00fcndelik hayat\u0131 inceleyerek canl\u0131 ve etkileyici bir tablo \u00e7iziyor.\u201d The Times \u201cBat\u0131 Roma \u0130mparatorlu\u011fu&#8217;nun \u00e7\u00f6k\u00fc\u015f\u00fc ve Bizans\u2019\u0131n ortaya \u00e7\u0131k\u0131\u015f\u0131 \u00fczerine kapsaml\u0131 bir inceleme&#8230; Paul Stephenson; iklim de\u011fi\u015fikli\u011fi, salg\u0131n hastal\u0131klar, istilac\u0131 kabileler ve neredeyse s\u00fcrekli devam eden sava\u015flar\u0131n antik \u015fehirlerin \u00e7\u00f6k\u00fc\u015f\u00fcne nas\u0131l yol a\u00e7t\u0131\u011f\u0131n\u0131 ortaya koymak i\u00e7in g\u00fcncel \u00e7al\u0131\u015fmalara ba\u015fvuruyor. Bu etkileyici tarih anlat\u0131s\u0131, dramatik bir de\u011fi\u015fim d\u00f6nemine ayd\u0131nlat\u0131c\u0131 bir bak\u0131\u015f a\u00e7\u0131s\u0131 sunuyor.\u201d Publishers Weekly Do\u011fu Akdeniz 4. ve 7. y\u00fczy\u0131llar aras\u0131nda iklim de\u011fi\u015fikli\u011fi, sava\u015flar, veba, din\u00ee \u00e7eki\u015fmeler, Klasik Antik \u00c7a\u011f&#8217;\u0131n sonu ve \u0130sl\u00e2m&#8217;\u0131n y\u00fckseli\u015fi gibi b\u00fcy\u00fck \u00e7alkant\u0131lara ve d\u00f6n\u00fc\u015f\u00fcmlere tan\u0131k oldu. Bu \u00e7arp\u0131c\u0131 kitapta Paul Stephenson bize, \u00e7evre bilimi ve Konstantinopolis halk\u0131n\u0131n geride b\u0131rakt\u0131\u011f\u0131 maddi kay\u0131tlardan beslenen bir Do\u011fu Roma \u0130mparatorlu\u011fu portresi sunuyor. En g\u00fcncel bilgiler ve ara\u015ft\u0131rma y\u00f6ntemleriyle kaleme al\u0131nan Yeni Roma sadece imparatorlar, piskoposlar, generaller ve b\u00fcrokratlardan bahseden al\u0131\u015f\u0131lagelmi\u015f merkeziyet\u00e7i tarih anlay\u0131\u015f\u0131n\u0131n d\u0131\u015f\u0131na \u00e7\u0131k\u0131yor: Tarih\u00ee ve arkeolojik veriler \u0131\u015f\u0131\u011f\u0131nda g\u00fcn\u00fcm\u00fcz \u0130stanbul, Antakya, \u0130zmir, \u0130skenderiye, Roma \u015fehirlerinin antik s\u00fctunlu caddelerinden ge\u00e7en, sohbet eden, \u00e2\u015f\u0131k olan, bo\u015fanan, hastalanan, yaralanan ve \u00f6len s\u0131radan insanlar\u0131n d\u00fcnyalar\u0131n\u0131 tarihsel ger\u00e7ekli\u011fe ba\u011fl\u0131 kalarak renkli bir \u015fekilde ele al\u0131yor. Bug\u00fcn Bizans olarak adland\u0131rd\u0131\u011f\u0131m\u0131z d\u00fcnyan\u0131n be\u015fi\u011finde ya\u015fayan saray mensuplar\u0131ndan, kilise g\u00f6revlilerinden, insan ile do\u011fan\u0131n m\u00fccadelesinden, salg\u0131nlardan, kurakl\u0131k ve deprem gibi do\u011fal afetlerden, istilalardan etkilenen; d\u00fcnyevi ve din\u00ee hayat aras\u0131nda s\u0131k\u0131\u015fan fakat ge\u00e7imini topraktan \u00e7\u0131karan k\u00fc\u00e7\u00fck insanlar\u0131 anlamaya davet ediyor. MS 395-700 y\u0131llar\u0131 aras\u0131ndaki Bizans d\u00fcnyas\u0131na odaklanan Yeni Roma, Roma&#8217;n\u0131n hangi par\u00e7alar\u0131n\u0131n do\u011fuya g\u00f6\u00e7 etti\u011fini ve onlara ne oldu\u011funu a\u00e7\u0131klamak i\u00e7in modern bilimsel y\u00f6ntemleri geleneksel tarihle birle\u015ftiriyor. 2022 y\u0131l\u0131n\u0131n en iyi tarih kitaplar\u0131 aras\u0131na giren Kronik Antik D\u00fcnya Tarihi Serisi\u2019nin yeni kitab\u0131 Yeni Roma: Do\u011fu\u2019daki Roma \u0130mparatorlu\u011fu (395-700) Constantinus taraf\u0131ndan kurulan ve kurulu\u015fundan bir as\u0131r sonra dahi idari otoritesi d\u0131\u015f\u0131nda di\u011fer \u015fehirlerle rekabet edemeyen k\u00fcstah Konstantinopolis\u2019in Antik \u00c7a\u011f\u2019\u0131n sonunda imparatorlu\u011fun di\u011fer b\u00fcy\u00fck \u015fehirlerini nas\u0131l dize getirdi\u011fini anlat\u0131yor. Yeni Roma \u015fehir hayat\u0131n\u0131n kalbinin att\u0131\u011f\u0131 heykellerle s\u00fcsl\u00fc kamu hamamlar\u0131na, revakl\u0131 caddelerine, kiliselerine, evlerine bir yolculuk sunuyor. <\/p>\n","protected":false},"excerpt":{"rendered":"<p>ROMA \u0130MPARATORLU\u011eU BATI\u2019DA \u00c7\u00d6KERKEN DO\u011eU\u2019DA B\u0130ZANS NASIL Y\u00dcKSELD\u0130? \u201cB\u00fcy\u00fcleyici&#8230; ayd\u0131nlat\u0131c\u0131&#8230; Paul Stephenson g\u00fcndelik hayat\u0131 inceleyerek canl\u0131 ve etkileyici bir tablo \u00e7iziyor.\u201d The Times \u201cBat\u0131 Roma \u0130mparatorlu\u011fu&#8217;nun<span class=\"excerpt-hellip\"> [\u2026]<\/span><\/p>\n","protected":false},"featured_media":0,"template":"","meta":{"_monsterinsights_skip_tracking":false,"_monsterinsights_sitenote_active":false,"_monsterinsights_sitenote_note":"","_monsterinsights_sitenote_category":0},"product_brand":[],"product_cat":[12312,12304],"product_tag":[],"class_list":{"0":"post-748830","1":"product","2":"type-product","3":"status-publish","5":"product_cat-diger","6":"product_cat-tarih","7":"pa_cilt-ciltsiz","8":"pa_tur-kitap","9":"pa_yayinevi-kronik-kitap","10":"pa_yazar-paul-stephenson","12":"first","13":"instock","14":"sale","15":"shipping-taxable","16":"purchasable","17":"product-type-simple"},"_links":{"self":[{"href":"https:\/\/roveyayinevi.com.tr\/index.php\/wp-json\/wp\/v2\/product\/748830","targetHints":{"allow":["GET"]}}],"collection":[{"href":"https:\/\/roveyayinevi.com.tr\/index.php\/wp-json\/wp\/v2\/product"}],"about":[{"href":"https:\/\/roveyayinevi.com.tr\/index.php\/wp-json\/wp\/v2\/types\/product"}],"wp:attachment":[{"href":"https:\/\/roveyayinevi.com.tr\/index.php\/wp-json\/wp\/v2\/media?parent=748830"}],"wp:term":[{"taxonomy":"product_brand","embeddable":true,"href":"https:\/\/roveyayinevi.com.tr\/index.php\/wp-json\/wp\/v2\/product_brand?post=748830"},{"taxonomy":"product_cat","embeddable":true,"href":"https:\/\/roveyayinevi.com.tr\/index.php\/wp-json\/wp\/v2\/product_cat?post=748830"},{"taxonomy":"product_tag","embeddable":true,"href":"https:\/\/roveyayinevi.com.tr\/index.php\/wp-json\/wp\/v2\/product_tag?post=748830"}],"curies":[{"name":"wp","href":"https:\/\/api.w.org\/{rel}","templated":true}]}}