{"id":748829,"date":"2025-08-28T03:40:14","date_gmt":"2025-08-28T00:40:14","guid":{"rendered":"https:\/\/roveyayinevi.com.tr\/index.php\/urun\/turk-istihbarati-ve-soguk-savas\/"},"modified":"2026-04-16T03:01:37","modified_gmt":"2026-04-16T00:01:37","slug":"turk-istihbarati-ve-soguk-savas","status":"publish","type":"product","link":"https:\/\/roveyayinevi.com.tr\/index.php\/urun\/turk-istihbarati-ve-soguk-savas\/","title":{"rendered":"T\u00fcrk \u0130stihbarat\u0131 ve So\u011fuk Sava\u015f"},"content":{"rendered":"<p>\u201cT\u00fcrk \u0130stihbarat\u0131 ve So\u011fuk Sava\u015f sadece istihbarat \u00e7al\u0131\u015fmalar\u0131yla de\u011fil ayn\u0131 zamanda Orta Do\u011fu tarihi, So\u011fuk Sava\u015f tarihi ve T\u00fcrkiye tarihiyle de ilgilenen akademisyenler ve \u00f6\u011frenciler i\u00e7in olduk\u00e7a faydal\u0131. Kitap, hem \u00fczerinde yeterince \u00e7al\u0131\u015f\u0131lmam\u0131\u015f bir konuya odaklan\u0131yor hem de geleneksel g\u00f6r\u00fc\u015flere meydan okuyarak literat\u00fcre \u00f6nemli bir katk\u0131 sa\u011fl\u0131yor.\u201d Middle Eastern Studies \u201cBu kitap T\u00fcrk istihbarat\u0131na dair okurlar\u0131n ufkunu a\u00e7acak\u2026\u201d Studies in Intelligence \u0130kinci D\u00fcnya Sava\u015f\u0131\u2019n\u0131n sonundan 27 May\u0131s 1960 darbesine kadar ABD, \u0130ngiltere ve T\u00fcrkiye aras\u0131nda Sovyetler Birli\u011fi\u2019ne ve Kom\u00fcnizme kar\u015f\u0131 olu\u015fturulan istihbarat i\u015fbirli\u011finin \u015fimdiye kadar g\u00fcn y\u00fcz\u00fcne \u00e7\u0131kmam\u0131\u015f tarihi\u2026 Uluslararas\u0131 ili\u015fkiler ve g\u00fcvenlik \u00fczerine \u00e7ok say\u0131da ses getiren \u00e7al\u0131\u015fman\u0131n sahibi Egemen Bezci kitab\u0131nda Osmanl\u0131\u2019n\u0131n son d\u00f6neminde k\u00f6kleri at\u0131lan ve T\u00fcrkiye Cumhuriyeti\u2019nin kurulu\u015fundan sonra geli\u015ftirilen modern T\u00fcrk istihbarat\u0131n\u0131n So\u011fuk Sava\u015f\u2019\u0131n ilk d\u00f6neminde ABD ve Birle\u015fik Krall\u0131k gizli servislerinin yan\u0131nda Sovyetler Birli\u011fi\u2019ne kar\u015f\u0131 g\u00f6rece konumunu, bu servislerle i\u015fbirliklerini, ters d\u00fc\u015ft\u00fc\u011f\u00fc veya fikir birli\u011finde oldu\u011fu hususlar\u0131 belirliyor. T\u00fcrkiye, Polonya, NATO, ABD ve \u0130ngiltere ar\u015fivlerinden ilk kez kullan\u0131lan belgelerden hareketle bu \u00fc\u00e7 devletin ulusal \u00e7\u0131karlar\u0131n\u0131 korumak ad\u0131na benimsedikleri pragmatik yakla\u015f\u0131mlar\u0131 g\u00f6steriyor.Sovyetler Birli\u011fi\u2019nin n\u00fckleer tehdidine kar\u015f\u0131 \u0130ngiltere ve ABD, T\u00fcrkiye\u2019yi nas\u0131l bir n\u00fckleer \u00fcs haline getirdi? T\u00fcrk istihbarat\u0131 Bulgaristan, Suriye ve Irak gibi imparatorluk bakiyesi co\u011frafyalarda ne gibi faaliyetlerde bulundu? Demokrat Parti h\u00fck\u00fcmetinin i\u00e7 politika in\u015fas\u0131nda NATO, CENTO, CIA ve MI6 gibi kurum ve kurulu\u015flar\u0131n ne gibi etkileri vard\u0131? T\u00fcrkiye\u2019nin \u201cistihbarat diplomasisi\u201d sayesinde kurdu\u011fu ortakl\u0131klar ve belirledi\u011fi ortak d\u00fc\u015fmanlar d\u0131\u015f politikas\u0131na nas\u0131l etki etti? Kronik Kitap Gizli Te\u015fkilatlar Serisi\u2019nin yeni kitab\u0131 T\u00fcrk \u0130stihbarat\u0131 ve So\u011fuk Sava\u015f T\u00fcrkiye ile Bat\u0131 aras\u0131nda y\u00fcr\u00fct\u00fclen istihbarat i\u015fbirli\u011fine \u0131\u015f\u0131k tutmakla kalm\u0131yor, ayn\u0131 zamanda So\u011fuk Sava\u015f s\u0131ras\u0131nda Bat\u0131 ittifak\u0131nda yer alan T\u00fcrkiye gibi oyuncular\u0131n potansiyel akt\u00f6rl\u00fc\u011f\u00fcn\u00fc vurgulayarak So\u011fuk Sava\u015f&#8217;\u0131n do\u011fas\u0131na ili\u015fkin tart\u0131\u015fmalara da yeni katk\u0131larda bulunuyor. <\/p>\n","protected":false},"excerpt":{"rendered":"<p>\u201cT\u00fcrk \u0130stihbarat\u0131 ve So\u011fuk Sava\u015f sadece istihbarat \u00e7al\u0131\u015fmalar\u0131yla de\u011fil ayn\u0131 zamanda Orta Do\u011fu tarihi, So\u011fuk Sava\u015f tarihi ve T\u00fcrkiye tarihiyle de ilgilenen akademisyenler ve \u00f6\u011frenciler i\u00e7in<span class=\"excerpt-hellip\"> [\u2026]<\/span><\/p>\n","protected":false},"featured_media":0,"template":"","meta":{"_monsterinsights_skip_tracking":false,"_monsterinsights_sitenote_active":false,"_monsterinsights_sitenote_note":"","_monsterinsights_sitenote_category":0},"product_brand":[],"product_cat":[12312,12304],"product_tag":[],"class_list":{"0":"post-748829","1":"product","2":"type-product","3":"status-publish","5":"product_cat-diger","6":"product_cat-tarih","7":"pa_cilt-ciltsiz","8":"pa_tur-kitap","9":"pa_yayinevi-kronik-kitap","10":"pa_yazar-egemen-bezci","12":"first","13":"instock","14":"sale","15":"shipping-taxable","16":"purchasable","17":"product-type-simple"},"_links":{"self":[{"href":"https:\/\/roveyayinevi.com.tr\/index.php\/wp-json\/wp\/v2\/product\/748829","targetHints":{"allow":["GET"]}}],"collection":[{"href":"https:\/\/roveyayinevi.com.tr\/index.php\/wp-json\/wp\/v2\/product"}],"about":[{"href":"https:\/\/roveyayinevi.com.tr\/index.php\/wp-json\/wp\/v2\/types\/product"}],"wp:attachment":[{"href":"https:\/\/roveyayinevi.com.tr\/index.php\/wp-json\/wp\/v2\/media?parent=748829"}],"wp:term":[{"taxonomy":"product_brand","embeddable":true,"href":"https:\/\/roveyayinevi.com.tr\/index.php\/wp-json\/wp\/v2\/product_brand?post=748829"},{"taxonomy":"product_cat","embeddable":true,"href":"https:\/\/roveyayinevi.com.tr\/index.php\/wp-json\/wp\/v2\/product_cat?post=748829"},{"taxonomy":"product_tag","embeddable":true,"href":"https:\/\/roveyayinevi.com.tr\/index.php\/wp-json\/wp\/v2\/product_tag?post=748829"}],"curies":[{"name":"wp","href":"https:\/\/api.w.org\/{rel}","templated":true}]}}