{"id":748826,"date":"2025-08-28T03:40:10","date_gmt":"2025-08-28T00:40:10","guid":{"rendered":"https:\/\/roveyayinevi.com.tr\/index.php\/urun\/dominion\/"},"modified":"2026-04-16T03:01:37","modified_gmt":"2026-04-16T00:01:37","slug":"dominion","status":"publish","type":"product","link":"https:\/\/roveyayinevi.com.tr\/index.php\/urun\/dominion\/","title":{"rendered":"Dominion"},"content":{"rendered":"<p>HR\u0130ST\u0130YANLIK PENCERES\u0130NDEN TAR\u0130HE VE MODERN D\u00dcNYAYA NEFES KES\u0130C\u0130 B\u0130R BAKI\u015e! \u201cM\u00fcthi\u015f: Cesur, istekli ve tutkulu.\u201d \u2015Peter Frankopan, \u0130pek Yolu kitab\u0131n\u0131n yazar\u0131 \u201cHarikulade bir anlat\u0131m\u2026 [Holland] inan\u0131lmaz detayc\u0131 bir g\u00f6ze sahip, ola\u011fan\u00fcst\u00fc bir hikayeci\u2026 M\u00fckemmel bir okuma deneyimi\u2026\u201d \u2015The Economist \u201cTarihe ve Hristiyanl\u0131\u011f\u0131n s\u00fcre\u011fen etkisine dair iddial\u0131 bir anlat\u0131m. Holland, modern d\u00fcnyan\u0131n \u0130sa\u2019n\u0131n ya\u015fam\u0131 ve \u00f6l\u00fcm\u00fcn\u00fcn neticeleriyle \u015fekillendi\u011fini savunuyor.\u201d \u2015Daily Mail 2000 y\u0131l \u00f6nce sadece bir avu\u00e7 insana ula\u015fabilen bir din, nas\u0131l oldu da k\u0131sa s\u00fcre i\u00e7erisinde k\u00f6kl\u00fc toplumsal ve tarihi d\u00f6n\u00fc\u015f\u00fcmlere yol a\u00e7t\u0131? Temelde bir Ortado\u011fu dini olmas\u0131na ra\u011fmen nas\u0131l Avrupa\u2019n\u0131n vazge\u00e7ilmez bir de\u011feri haline geldi? Modern d\u00fcnyan\u0131n kurulu\u015f temellerini nas\u0131l sa\u011flad\u0131? Asl\u0131nda yerel nitelikte olmalar\u0131na ra\u011fmen Bat\u0131l\u0131larca evrensel g\u00f6r\u00fclen ahlaki ve t\u00f6rel de\u011ferler, nas\u0131l oldu da t\u00fcm d\u00fcnyaya dayat\u0131ld\u0131 ve modernli\u011fin gere\u011fi say\u0131ld\u0131? Nas\u0131l oldu da sevginin esas kabul edildi\u011fi Hristiyanl\u0131k, d\u00fcnya \u00fczerindeki en b\u00fcy\u00fck k\u0131y\u0131mlarda ve sava\u015flarda ba\u015frol\u00fc oynad\u0131? Antik d\u00f6nem \u00e7al\u0131\u015fmalar\u0131yla me\u015fhur olan Britanyal\u0131 tarih\u00e7i Tom Holland\u2019\u0131n usta kaleminden, ortaya \u00e7\u0131k\u0131\u015f\u0131ndan g\u00fcn\u00fcm\u00fcze kadar teolojik, siyasi, k\u00fclt\u00fcrel, entelekt\u00fcel ve sosyal boyutlar\u0131yla yeni bir H\u0131ristiyanl\u0131k tarihi: Dominion. Holland, geni\u015f bir tarihsel ba\u011flam i\u00e7erisinde Hristiyanl\u0131k tarihini yeni ba\u015ftan ele al\u0131yor. M\u00d6 480\u2019de Perslerin Yunanistan\u2019\u0131 i\u015fgalinden g\u00fcn\u00fcm\u00fczde Avrupa\u2019da h\u00e2l\u00e2 devam eden g\u00f6\u00e7 krizine, Nebukadnezzar\u2019dan Beatles\u2019a, Katoliklik ve Ortodokslu\u011fun ortaya \u00e7\u0131k\u0131\u015f\u0131ndan Y\u00fcz\u00fcklerin Efendisi\u2019ne uzanan bir yelpazede Hristiyanl\u0131\u011f\u0131 hem devrimci hem de y\u0131k\u0131c\u0131 k\u0131lan \u015feyin tam olarak ne oldu\u011funu ke\u015ffediyor. \u00dcstelik bunu yaparken Hristiyanl\u0131\u011f\u0131n iddialar\u0131ndan g\u00fcn ge\u00e7tik\u00e7e daha fazla \u015f\u00fcphe duyan bir Bat\u0131\u2019da i\u00e7g\u00fcd\u00fclerin \u00e7o\u011funun ni\u00e7in \u00e7aresizce h\u00e2l\u00e2 Hristiyan k\u00f6kenli kald\u0131\u011f\u0131n\u0131n izini de s\u00fcr\u00fcyor. Canl\u0131 betimlerle, deh\u015fet verici \u00f6l\u00fcmlerle ve ahlaki tart\u0131\u015fmalarla dolu s\u00fcr\u00fckleyici bir inceleme sunan Dominion: Hristiyanl\u0131k Bat\u0131\u2019y\u0131 ve D\u00fcnyay\u0131 Nas\u0131l D\u00f6n\u00fc\u015ft\u00fcrd\u00fc?, Hristiyanl\u0131\u011f\u0131n g\u00fcn\u00fcm\u00fcze kadarki ser\u00fcveninin, kendisine has \u00f6zellikleriyle modern d\u00fcnyay\u0131 nas\u0131l d\u00f6n\u00fc\u015ft\u00fcrd\u00fc\u011f\u00fcn\u00fcn hikayesini anlat\u0131yor. <\/p>\n","protected":false},"excerpt":{"rendered":"<p>HR\u0130ST\u0130YANLIK PENCERES\u0130NDEN TAR\u0130HE VE MODERN D\u00dcNYAYA NEFES KES\u0130C\u0130 B\u0130R BAKI\u015e! \u201cM\u00fcthi\u015f: Cesur, istekli ve tutkulu.\u201d \u2015Peter Frankopan, \u0130pek Yolu kitab\u0131n\u0131n yazar\u0131 \u201cHarikulade bir anlat\u0131m\u2026 [Holland] inan\u0131lmaz<span class=\"excerpt-hellip\"> [\u2026]<\/span><\/p>\n","protected":false},"featured_media":0,"template":"","meta":{"_monsterinsights_skip_tracking":false,"_monsterinsights_sitenote_active":false,"_monsterinsights_sitenote_note":"","_monsterinsights_sitenote_category":0},"product_brand":[],"product_cat":[12312,12304],"product_tag":[],"class_list":{"0":"post-748826","1":"product","2":"type-product","3":"status-publish","5":"product_cat-diger","6":"product_cat-tarih","7":"pa_cilt-ciltsiz","8":"pa_tur-kitap","9":"pa_yayinevi-kronik-kitap","10":"pa_yazar-tom-holland","12":"first","13":"instock","14":"sale","15":"shipping-taxable","16":"purchasable","17":"product-type-simple"},"_links":{"self":[{"href":"https:\/\/roveyayinevi.com.tr\/index.php\/wp-json\/wp\/v2\/product\/748826","targetHints":{"allow":["GET"]}}],"collection":[{"href":"https:\/\/roveyayinevi.com.tr\/index.php\/wp-json\/wp\/v2\/product"}],"about":[{"href":"https:\/\/roveyayinevi.com.tr\/index.php\/wp-json\/wp\/v2\/types\/product"}],"wp:attachment":[{"href":"https:\/\/roveyayinevi.com.tr\/index.php\/wp-json\/wp\/v2\/media?parent=748826"}],"wp:term":[{"taxonomy":"product_brand","embeddable":true,"href":"https:\/\/roveyayinevi.com.tr\/index.php\/wp-json\/wp\/v2\/product_brand?post=748826"},{"taxonomy":"product_cat","embeddable":true,"href":"https:\/\/roveyayinevi.com.tr\/index.php\/wp-json\/wp\/v2\/product_cat?post=748826"},{"taxonomy":"product_tag","embeddable":true,"href":"https:\/\/roveyayinevi.com.tr\/index.php\/wp-json\/wp\/v2\/product_tag?post=748826"}],"curies":[{"name":"wp","href":"https:\/\/api.w.org\/{rel}","templated":true}]}}