{"id":748825,"date":"2025-08-28T03:40:09","date_gmt":"2025-08-28T00:40:09","guid":{"rendered":"https:\/\/roveyayinevi.com.tr\/index.php\/urun\/dogu-ulkeleri-tarihinin-altin-cagi\/"},"modified":"2026-04-16T03:01:37","modified_gmt":"2026-04-16T00:01:37","slug":"dogu-ulkeleri-tarihinin-altin-cagi","status":"publish","type":"product","link":"https:\/\/roveyayinevi.com.tr\/index.php\/urun\/dogu-ulkeleri-tarihinin-altin-cagi\/","title":{"rendered":"Do\u011fu \u00dclkeleri Tarihinin Alt\u0131n \u00c7a\u011f\u0131"},"content":{"rendered":"<p>Ha\u00e7l\u0131lar, Meml\u00fbkler ve Mo\u011follar\u0131n Tarihi Kesi\u015fiyor 1291\u2019de Akka\u2019n\u0131n d\u00fc\u015f\u00fc\u015f\u00fc Avrupa\u2019daki pek \u00e7ok entelekt\u00fceli, Ortado\u011fu\u2019da yeni bir Ha\u00e7l\u0131 idaresi kurulmas\u0131 y\u00f6n\u00fcnde \u00e7e\u015fitli planlar yapmaya y\u00f6nlendirdi. Bunlardan biri de 1307\u2019de Papa V. Clementis\u2019e bir Ha\u00e7l\u0131 seferi plan\u0131 sunan Korykoslu Hayton\u2019du. Ancak onun plan\u0131 kendisinden \u00f6nce kaleme al\u0131nan planlardan farkl\u0131yd\u0131. Plan\u0131n\u0131n \u00f6zg\u00fcnl\u00fc\u011f\u00fc, Ha\u00e7l\u0131 seferinin sadece bir asker\u00ee sefer olarak ele al\u0131nmamas\u0131, co\u011fraf\u00ee ve tarih\u00ee bir perspektifi de en az asker\u00ee meseleler kadar \u00f6nemsenmesinden ileri geliyordu. Haz\u0131rlad\u0131\u011f\u0131 planda Hayton, d\u00fc\u015fman\u0131 olarak g\u00f6rd\u00fc\u011f\u00fc Meml\u00fbk Sultanl\u0131\u011f\u0131 ile m\u00fcttefik olarak g\u00f6rd\u00fc\u011f\u00fc Mo\u011follar\u0131n tarihini ele ald\u0131\u011f\u0131 gibi onlar\u0131n ekonomisi, ordu te\u015fkilat\u0131 ve askeri yetenekleri, sosyolojik yap\u0131lar\u0131, gelenekleri ve tarihine ili\u015fkin bilgiler vermi\u015ftir. Ayr\u0131ca \u0130lhanl\u0131lardan Y\u00fcan hanedan\u0131na ve \u00c7a\u011fatayl\u0131lara e\u015fsiz bilgileri bar\u0131nd\u0131ran bu eserin dikkat \u00e7ekici bir di\u011fer y\u00f6n\u00fc de Alt\u0131n Orda Hanl\u0131\u011f\u0131\u2019na dair bilgileri i\u00e7ermesidir. Hayton\u2019un bu konulara hakim olmas\u0131 Meml\u00fbk s\u0131n\u0131r\u0131nda yer alan Kilikya Ermeni Kraliyet ailesinin bir ferdi olmas\u0131 ve tavsiyelerde bulundu\u011fu ortam\u0131 bizzat ya\u015famas\u0131ndan kaynaklan\u0131yordu. Dolay\u0131s\u0131yla ba\u015fard\u0131\u011f\u0131 \u015fey, Ortado\u011fu\u2019nun havas\u0131n\u0131 hi\u00e7 teneff\u00fcs etmeyerek eserlerini Fransa veya \u0130talya\u2019da kaleme alanlar\u0131n eri\u015febileceklerinin \u00e7ok \u00f6tesindeydi. Do\u011fu \u00dclkeleri Tarihinin Alt\u0131n \u00c7a\u011f\u0131, Mo\u011follarla m\u00fcttefik bir \u015fekilde Suriye seferine i\u015ftirak etmi\u015f, hayat\u0131n\u0131n \u00f6nemli bir k\u0131sm\u0131nda elinde k\u0131l\u0131\u00e7 tutmu\u015f ve anlatt\u0131\u011f\u0131 hadiseleri, yani \u201ctarihi ya\u015fayan\u201d bir ki\u015finin kaleminden \u00e7\u0131kmakla \u015f\u00f6hret bulmu\u015f bir eser. Bat\u0131dan Ha\u00e7l\u0131lar\u0131n, Do\u011fudan da Mo\u011follar\u0131n sald\u0131r\u0131s\u0131 ile Meml\u00fbkleri yok etmeyi ve b\u00f6ylelikle Ortado\u011fu\u2019da yeni bir H\u0131ristiyan d\u00fcnyay\u0131 yaratmay\u0131 d\u00fc\u015fleyen Hayton\u2019un tasar\u0131s\u0131 Orta \u00c7a\u011f\u2019\u0131n en \u00f6nemli tarih kaynaklar\u0131ndan biri. Altay Tayfun \u00d6zcan taraf\u0131ndan Latince asl\u0131ndan \u00e7evrilen ve kar\u015f\u0131la\u015ft\u0131r\u0131larak notland\u0131r\u0131lan Do\u011fu \u00dclkeleri Tarihinin Alt\u0131n \u00c7a\u011f\u0131 sizleri Ha\u00e7l\u0131lar, Meml\u00fbkler ve Mo\u011follar\u0131n tarihinin kesi\u015fti\u011fi zamana g\u00f6t\u00fcrecek\u2026 <\/p>\n","protected":false},"excerpt":{"rendered":"<p>Ha\u00e7l\u0131lar, Meml\u00fbkler ve Mo\u011follar\u0131n Tarihi Kesi\u015fiyor 1291\u2019de Akka\u2019n\u0131n d\u00fc\u015f\u00fc\u015f\u00fc Avrupa\u2019daki pek \u00e7ok entelekt\u00fceli, Ortado\u011fu\u2019da yeni bir Ha\u00e7l\u0131 idaresi kurulmas\u0131 y\u00f6n\u00fcnde \u00e7e\u015fitli planlar yapmaya y\u00f6nlendirdi. Bunlardan biri<span class=\"excerpt-hellip\"> [\u2026]<\/span><\/p>\n","protected":false},"featured_media":0,"template":"","meta":{"_monsterinsights_skip_tracking":false,"_monsterinsights_sitenote_active":false,"_monsterinsights_sitenote_note":"","_monsterinsights_sitenote_category":0},"product_brand":[],"product_cat":[12312,12304],"product_tag":[],"class_list":{"0":"post-748825","1":"product","2":"type-product","3":"status-publish","5":"product_cat-diger","6":"product_cat-tarih","7":"pa_cilt-ciltsiz","8":"pa_tur-kitap","9":"pa_yayinevi-kronik-kitap","10":"pa_yazar-korykoslu-hayton","12":"first","13":"instock","14":"sale","15":"shipping-taxable","16":"purchasable","17":"product-type-simple"},"_links":{"self":[{"href":"https:\/\/roveyayinevi.com.tr\/index.php\/wp-json\/wp\/v2\/product\/748825","targetHints":{"allow":["GET"]}}],"collection":[{"href":"https:\/\/roveyayinevi.com.tr\/index.php\/wp-json\/wp\/v2\/product"}],"about":[{"href":"https:\/\/roveyayinevi.com.tr\/index.php\/wp-json\/wp\/v2\/types\/product"}],"wp:attachment":[{"href":"https:\/\/roveyayinevi.com.tr\/index.php\/wp-json\/wp\/v2\/media?parent=748825"}],"wp:term":[{"taxonomy":"product_brand","embeddable":true,"href":"https:\/\/roveyayinevi.com.tr\/index.php\/wp-json\/wp\/v2\/product_brand?post=748825"},{"taxonomy":"product_cat","embeddable":true,"href":"https:\/\/roveyayinevi.com.tr\/index.php\/wp-json\/wp\/v2\/product_cat?post=748825"},{"taxonomy":"product_tag","embeddable":true,"href":"https:\/\/roveyayinevi.com.tr\/index.php\/wp-json\/wp\/v2\/product_tag?post=748825"}],"curies":[{"name":"wp","href":"https:\/\/api.w.org\/{rel}","templated":true}]}}