{"id":748824,"date":"2025-08-28T03:40:08","date_gmt":"2025-08-28T00:40:08","guid":{"rendered":"https:\/\/roveyayinevi.com.tr\/index.php\/urun\/dakikalar-icinde-isletme\/"},"modified":"2026-04-16T03:01:37","modified_gmt":"2026-04-16T00:01:37","slug":"dakikalar-icinde-isletme","status":"publish","type":"product","link":"https:\/\/roveyayinevi.com.tr\/index.php\/urun\/dakikalar-icinde-isletme\/","title":{"rendered":"Dakikalar \u0130\u00e7inde \u0130\u015fletme"},"content":{"rendered":"<p>ETK\u0130L\u0130 B\u0130R Y\u00d6NET\u0130M \u0130\u00c7\u0130N GEREKEN T\u00dcM ARA\u00c7LAR Teknoloji ve internet global bir pazar yaratt\u0131 ve i\u015fyerleri art\u0131k bir ofisten ibaret de\u011fil; bir ev, bir tren, herhangi bir yer ofis g\u00f6revini yerine getirebiliyor. Bir i\u015f g\u00fcn\u00fc de art\u0131k zamanla s\u0131n\u0131rland\u0131r\u0131lm\u0131yor; insanlar 7\/24 \u00e7al\u0131\u015fabiliyor. Bu fakt\u00f6rler y\u00f6neticinin etki alan\u0131n\u0131 geni\u015fletiyor, \u00f6nceliklerin s\u0131ralanmas\u0131n\u0131 hi\u00e7 olmad\u0131\u011f\u0131 kadar daha \u00f6nemli h\u00e2le getiriyor ve modern y\u00f6netim de\u011fi\u015fiyor. Bu da konuyu daha heyecanl\u0131 ayn\u0131 zamanda daha zorlu k\u0131l\u0131yor. \u0130\u015fte b\u00f6yle bir d\u00fcnyada Dakikalar \u0130\u00e7inde \u0130\u015fletme denenmi\u015f ve test edilmi\u015f 200 y\u00f6netim kavram\u0131n\u0131 ele al\u0131yor, bu kavramlar\u0131 g\u00fcn\u00fcm\u00fcze uygun ve ula\u015f\u0131labilir bir h\u00e2lde sizlere sunuyor. Etkili bir y\u00f6netim i\u00e7in gereken t\u00fcm ara\u00e7larla birlikte i\u00e7eri\u011fi yo\u011funla\u015ft\u0131r\u0131lm\u0131\u015f bu rehber kitap, etkin organizasyonlar\u0131n temellerinden ileti\u015fim ve karar vermenin sanat\u0131na ve bilimine, motivasyona, ili\u015fkiler a\u011f\u0131 kurmaya, de\u011fi\u015fimi y\u00f6netmeye, planlamaya, inovasyona, i\u015f zek\u00e2s\u0131na, ekip \u00e7al\u0131\u015fmas\u0131na, kurumsal k\u00fclt\u00fcre kadar temel y\u00f6netim kavramlar\u0131n\u0131 ve tekniklerini h\u0131zl\u0131ca kavraman\u0131z\u0131 sa\u011flayacak. Ezber bozan y\u00f6neticilerin ve \u00e7\u0131\u011f\u0131r a\u00e7an gurular\u0131n parlak biyografileri ile tamamlanm\u0131\u015f Dakikalar \u0130\u00e7inde \u0130\u015fletme h\u00e2l\u00e2 i\u015flerinin ba\u015f\u0131nda olan y\u00f6neticilere, y\u00f6netici olmak isteyenlere ve ayn\u0131 zamanda y\u00f6netim bilimi \u00f6\u011frenimi g\u00f6renlere kadar herkesin ilgisini \u00e7ekecek\u2026 <\/p>\n","protected":false},"excerpt":{"rendered":"<p>ETK\u0130L\u0130 B\u0130R Y\u00d6NET\u0130M \u0130\u00c7\u0130N GEREKEN T\u00dcM ARA\u00c7LAR Teknoloji ve internet global bir pazar yaratt\u0131 ve i\u015fyerleri art\u0131k bir ofisten ibaret de\u011fil; bir ev, bir tren, herhangi<span class=\"excerpt-hellip\"> [\u2026]<\/span><\/p>\n","protected":false},"featured_media":0,"template":"","meta":{"_monsterinsights_skip_tracking":false,"_monsterinsights_sitenote_active":false,"_monsterinsights_sitenote_note":"","_monsterinsights_sitenote_category":0},"product_brand":[],"product_cat":[13043,17647],"product_tag":[],"class_list":{"0":"post-748824","1":"product","2":"type-product","3":"status-publish","5":"product_cat-ekonomi","6":"product_cat-is-dunyasi","7":"pa_cilt-ciltsiz","8":"pa_tur-kitap","9":"pa_yayinevi-kronik-kitap","10":"pa_yazar-philippa-anderson","12":"first","13":"instock","14":"sale","15":"shipping-taxable","16":"purchasable","17":"product-type-simple"},"_links":{"self":[{"href":"https:\/\/roveyayinevi.com.tr\/index.php\/wp-json\/wp\/v2\/product\/748824","targetHints":{"allow":["GET"]}}],"collection":[{"href":"https:\/\/roveyayinevi.com.tr\/index.php\/wp-json\/wp\/v2\/product"}],"about":[{"href":"https:\/\/roveyayinevi.com.tr\/index.php\/wp-json\/wp\/v2\/types\/product"}],"wp:attachment":[{"href":"https:\/\/roveyayinevi.com.tr\/index.php\/wp-json\/wp\/v2\/media?parent=748824"}],"wp:term":[{"taxonomy":"product_brand","embeddable":true,"href":"https:\/\/roveyayinevi.com.tr\/index.php\/wp-json\/wp\/v2\/product_brand?post=748824"},{"taxonomy":"product_cat","embeddable":true,"href":"https:\/\/roveyayinevi.com.tr\/index.php\/wp-json\/wp\/v2\/product_cat?post=748824"},{"taxonomy":"product_tag","embeddable":true,"href":"https:\/\/roveyayinevi.com.tr\/index.php\/wp-json\/wp\/v2\/product_tag?post=748824"}],"curies":[{"name":"wp","href":"https:\/\/api.w.org\/{rel}","templated":true}]}}