{"id":748823,"date":"2025-08-28T03:40:07","date_gmt":"2025-08-28T00:40:07","guid":{"rendered":"https:\/\/roveyayinevi.com.tr\/index.php\/urun\/ulug-beg\/"},"modified":"2026-04-16T03:01:37","modified_gmt":"2026-04-16T00:01:37","slug":"ulug-beg","status":"publish","type":"product","link":"https:\/\/roveyayinevi.com.tr\/index.php\/urun\/ulug-beg\/","title":{"rendered":"Ulu\u011f Beg"},"content":{"rendered":"<p>Timur\u2019un Torunu, Mirza \u015eahruh\u2019un O\u011flu Bilge H\u00fck\u00fcmdar Ulu\u011f Beg 1394 y\u0131l\u0131nda Sultaniye\u2019de (Azerbaycan) do\u011fan Ulu\u011f Beg, Mirza \u015eahruh ile Gevher\u015fad Aga\u2019n\u0131n o\u011flu olup, kendisine Muhammed Turagay ad\u0131 konulmakla birlikte, daha dedesi Timur\u2019un sa\u011fl\u0131\u011f\u0131nda bu ad yerine, lakab\u0131 olan Ulu\u011f Beg diye an\u0131lm\u0131\u015ft\u0131r. Tarih\u00e7ilerin ifadesiyle \u201cEflatun\u2019un bilgisi ve Feridun\u2019un ha\u015fmetini\u201d \u015fahs\u0131nda toplam\u0131\u015f olan Timur\u2019un torunu Ulu\u011f Beg k\u00fc\u00e7\u00fck ya\u015ftan itibaren hayat\u0131n\u0131 matematik ve astronomiye adayan idealist bir bilgindi. D\u00f6neminde Ali Ku\u015f\u00e7u gibi fen bilimleri alan\u0131nda uzmanlar\u0131n toplanm\u0131\u015f bulundu\u011fu Semerkant\u2019ta ilm\u00ee \u00e7al\u0131\u015fma yapmak i\u00e7in her t\u00fcrl\u00fc imk\u00e2n sa\u011flanm\u0131\u015f, o ve \u00e7al\u0131\u015fma arkada\u015flar\u0131, \u00e7al\u0131\u015fmalar\u0131n\u0131n sonucunu Zic-i Ulu\u011f Beg adl\u0131 eser ile ortaya koymu\u015flard\u0131r ki, bu eser Orta \u00c7a\u011f\u2019da \u0130sl\u00e2m d\u00fcnyas\u0131nda astronominin son s\u00f6z\u00fc durumundayd\u0131. Ulu\u011f Beg\u2019e gelinceye kadar \u0130sl\u00e2m d\u00fcnyas\u0131nda bir bilginin tahtta oturdu\u011fu g\u00f6r\u00fclmedi\u011finden \u0130sl\u00e2m tarih\u00e7ileri taraf\u0131ndan \u201cAristo\u2019nun h\u00fck\u00fcmdar talebesi \u0130skender\u2019e\u201d benzetilmi\u015ftir. O, ana dili olan T\u00fcrk\u00e7eden ba\u015fka din\u00ee ilimlerde tart\u0131\u015facak derecede Arap\u00e7a yan\u0131nda, \u015fiir yazacak ve karde\u015fi Baysungur ile \u015fair Genceli Nizami ve Dehlili H\u00fcsrev\u2019in \u00fcst\u00fcnl\u00fc\u011f\u00fc hakk\u0131nda tart\u0131\u015facak \u00f6l\u00e7\u00fcde \u0130ran edebiyat\u0131nda bilgi sahibiydi. \u0130n\u015f\u00e2 ettirdi\u011fi eserlerin ilki \u201ckad\u0131n-erkek b\u00fct\u00fcn M\u00fcsl\u00fcmanlara ilim tahsil etmenin farz oldu\u011fu\u201d hadisinin kap\u0131s\u0131 \u00fczerinde yaz\u0131l\u0131 oldu\u011fu Buhara\u2019daki medreseydi. Semerkant\u2019ta da bir medrese in\u015fa ettirdi\u011fi gibi \u00f6zellikle rasathanesi me\u015fhurdur. Alan\u0131n duayenlerinden Prof. Dr. \u0130smail Aka\u2019n\u0131n kar\u015f\u0131la\u015ft\u0131rmal\u0131 olarak \u00e7evirdi\u011fi ve notland\u0131rd\u0131\u011f\u0131 V. V. Barthold\u2019un Ulu\u011f Beg: Bilge T\u00fcrk H\u00fck\u00fcmdar\u0131 adl\u0131 eseri Timurlular d\u00f6nemi R\u00f6nesans\u0131n\u0131 g\u00f6zler \u00f6n\u00fcne seriyor. <\/p>\n","protected":false},"excerpt":{"rendered":"<p>Timur\u2019un Torunu, Mirza \u015eahruh\u2019un O\u011flu Bilge H\u00fck\u00fcmdar Ulu\u011f Beg 1394 y\u0131l\u0131nda Sultaniye\u2019de (Azerbaycan) do\u011fan Ulu\u011f Beg, Mirza \u015eahruh ile Gevher\u015fad Aga\u2019n\u0131n o\u011flu olup, kendisine Muhammed Turagay<span class=\"excerpt-hellip\"> [\u2026]<\/span><\/p>\n","protected":false},"featured_media":0,"template":"","meta":{"_monsterinsights_skip_tracking":false,"_monsterinsights_sitenote_active":false,"_monsterinsights_sitenote_note":"","_monsterinsights_sitenote_category":0},"product_brand":[],"product_cat":[12312,12304],"product_tag":[],"class_list":{"0":"post-748823","1":"product","2":"type-product","3":"status-publish","5":"product_cat-diger","6":"product_cat-tarih","7":"pa_cilt-ciltsiz","8":"pa_tur-kitap","9":"pa_yayinevi-kronik-kitap","10":"pa_yazar-v-v-barthold","12":"first","13":"instock","14":"sale","15":"shipping-taxable","16":"purchasable","17":"product-type-simple"},"_links":{"self":[{"href":"https:\/\/roveyayinevi.com.tr\/index.php\/wp-json\/wp\/v2\/product\/748823","targetHints":{"allow":["GET"]}}],"collection":[{"href":"https:\/\/roveyayinevi.com.tr\/index.php\/wp-json\/wp\/v2\/product"}],"about":[{"href":"https:\/\/roveyayinevi.com.tr\/index.php\/wp-json\/wp\/v2\/types\/product"}],"wp:attachment":[{"href":"https:\/\/roveyayinevi.com.tr\/index.php\/wp-json\/wp\/v2\/media?parent=748823"}],"wp:term":[{"taxonomy":"product_brand","embeddable":true,"href":"https:\/\/roveyayinevi.com.tr\/index.php\/wp-json\/wp\/v2\/product_brand?post=748823"},{"taxonomy":"product_cat","embeddable":true,"href":"https:\/\/roveyayinevi.com.tr\/index.php\/wp-json\/wp\/v2\/product_cat?post=748823"},{"taxonomy":"product_tag","embeddable":true,"href":"https:\/\/roveyayinevi.com.tr\/index.php\/wp-json\/wp\/v2\/product_tag?post=748823"}],"curies":[{"name":"wp","href":"https:\/\/api.w.org\/{rel}","templated":true}]}}