{"id":748820,"date":"2025-08-28T03:40:03","date_gmt":"2025-08-28T00:40:03","guid":{"rendered":"https:\/\/roveyayinevi.com.tr\/index.php\/urun\/otoparktaki-yabanci\/"},"modified":"2026-04-16T03:01:36","modified_gmt":"2026-04-16T00:01:36","slug":"otoparktaki-yabanci","status":"publish","type":"product","link":"https:\/\/roveyayinevi.com.tr\/index.php\/urun\/otoparktaki-yabanci\/","title":{"rendered":"Otoparktaki Yabanc\u0131"},"content":{"rendered":"<p>\u201cHer \u015fey \u00f6z\u00fcnde \u00e7ok basittir; nefes almak basittir, a\u015fk basittir; bir t\u0131rt\u0131l i\u00e7in d\u00f6n\u00fc\u015f\u00fcm basittir. Basitlik do\u011fadad\u0131r. Bu basitliklerin kapsam\u0131, geleneksel kelimeler ve ifadelerle anlat\u0131lamayacak kadar geni\u015ftir ve bu da a\u00e7\u0131klanmalar\u0131n\u0131 zorla\u015ft\u0131r\u0131r. Basit, a\u00e7\u0131klanmak i\u00e7in de\u011fil, deneyimlenmek i\u00e7indir.\u201d   Bir ofis \u00e7al\u0131\u015fan\u0131n\u0131n dikkatini, her g\u00fcn otoparkta oturan bir adam \u00e7eker. Kendine Sanr\u0131l\u0131 Ke\u015fi\u015f diyen bu adamla tan\u0131\u015f\u0131r; ke\u015fi\u015fin hik\u00e2yeleri ona g\u00f6r\u00fcn\u00fcrde anlams\u0131z bir \u00e7aba olan ya\u015fam\u0131n alt\u0131ndaki katmanlarda nelerin sakl\u0131 olabilece\u011fine dair bir kap\u0131 a\u00e7ar. Sanr\u0131l\u0131 Ke\u015fi\u015fin \u00f6\u011fretileri beyindeki \u201cnormal\u201d d\u00fc\u015f\u00fcnce yollar\u0131n\u0131 devre d\u0131\u015f\u0131 b\u0131rakmay\u0131, ki\u015finin zihninde engin, merak uyand\u0131ran ve yan\u0131ts\u0131z sorular olu\u015fturmay\u0131 ama\u00e7lar. Bu, insan\u0131n m\u00fcmk\u00fcn oldu\u011funa inand\u0131\u011f\u0131n\u0131n \u00f6tesinde bir d\u00fcnyaya davettir\u2026        <\/p>\n","protected":false},"excerpt":{"rendered":"<p>\u201cHer \u015fey \u00f6z\u00fcnde \u00e7ok basittir; nefes almak basittir, a\u015fk basittir; bir t\u0131rt\u0131l i\u00e7in d\u00f6n\u00fc\u015f\u00fcm basittir. Basitlik do\u011fadad\u0131r. Bu basitliklerin kapsam\u0131, geleneksel kelimeler ve ifadelerle anlat\u0131lamayacak kadar<span class=\"excerpt-hellip\"> [\u2026]<\/span><\/p>\n","protected":false},"featured_media":0,"template":"","meta":{"_monsterinsights_skip_tracking":false,"_monsterinsights_sitenote_active":false,"_monsterinsights_sitenote_note":"","_monsterinsights_sitenote_category":0},"product_brand":[],"product_cat":[12364,12376],"product_tag":[],"class_list":{"0":"post-748820","1":"product","2":"type-product","3":"status-publish","5":"product_cat-genel-konular","6":"product_cat-kisisel-gelisim","7":"pa_cilt-ciltsiz","8":"pa_tur-kitap","9":"pa_yayinevi-dogan-novus","10":"pa_yazar-abdulvahid-coskun","12":"first","13":"instock","14":"sale","15":"shipping-taxable","16":"purchasable","17":"product-type-simple"},"_links":{"self":[{"href":"https:\/\/roveyayinevi.com.tr\/index.php\/wp-json\/wp\/v2\/product\/748820","targetHints":{"allow":["GET"]}}],"collection":[{"href":"https:\/\/roveyayinevi.com.tr\/index.php\/wp-json\/wp\/v2\/product"}],"about":[{"href":"https:\/\/roveyayinevi.com.tr\/index.php\/wp-json\/wp\/v2\/types\/product"}],"wp:attachment":[{"href":"https:\/\/roveyayinevi.com.tr\/index.php\/wp-json\/wp\/v2\/media?parent=748820"}],"wp:term":[{"taxonomy":"product_brand","embeddable":true,"href":"https:\/\/roveyayinevi.com.tr\/index.php\/wp-json\/wp\/v2\/product_brand?post=748820"},{"taxonomy":"product_cat","embeddable":true,"href":"https:\/\/roveyayinevi.com.tr\/index.php\/wp-json\/wp\/v2\/product_cat?post=748820"},{"taxonomy":"product_tag","embeddable":true,"href":"https:\/\/roveyayinevi.com.tr\/index.php\/wp-json\/wp\/v2\/product_tag?post=748820"}],"curies":[{"name":"wp","href":"https:\/\/api.w.org\/{rel}","templated":true}]}}