{"id":748817,"date":"2025-08-28T03:39:59","date_gmt":"2025-08-28T00:39:59","guid":{"rendered":"https:\/\/roveyayinevi.com.tr\/index.php\/urun\/cunku-o-daha-cocuk\/"},"modified":"2025-11-13T08:54:30","modified_gmt":"2025-11-13T05:54:30","slug":"cunku-o-daha-cocuk","status":"publish","type":"product","link":"https:\/\/roveyayinevi.com.tr\/index.php\/urun\/cunku-o-daha-cocuk\/","title":{"rendered":"\u00c7\u00fcnk\u00fc O Daha \u00c7ocuk"},"content":{"rendered":"<p>Kendi \u00e7ocuklu\u011fumuzla aram\u0131zda y\u0131llar varken hayata \u00e7ocu\u011fumuzun g\u00f6z\u00fcnden bakmak m\u00fcmk\u00fcn m\u00fc?   Ebeveynler olarak d\u00fcnyay\u0131 de\u011fi\u015ftirebilir, gelece\u011fi \u015fekillendirebilirsiniz. Bunun yolu, \u00e7ocu\u011funuzun geli\u015fimini ve duygular\u0131n\u0131 iyi anlamaktan ve onu \u015fefkatle b\u00fcy\u00fctmekten ge\u00e7iyor. Tart\u0131n\u0131n bir taraf\u0131na kendi ya\u015f\u0131n\u0131z\u0131, hayat tecr\u00fcbenizi ve ya\u015fad\u0131\u011f\u0131n\u0131z onca \u015feyi, di\u011fer taraf\u0131na da \u00e7ocu\u011funuzun birka\u00e7 senelik k\u0131sac\u0131k hik\u00e2yesini koyun. Aradaki fark, hayata \u00e7ocu\u011funuzun g\u00f6z\u00fcnden bakman\u0131z\u0131 sa\u011flayarak size yepyeni bir pencere a\u00e7acak. \u00c7ocu\u011funu b\u00fcy\u00fct\u00fcrken pek \u00e7ok ebeveynle ayn\u0131 kayg\u0131lar\u0131 ya\u015fayan, ayn\u0131 s\u00fcre\u00e7lerden ge\u00e7en uzman e\u011fitimci Senem Han Uysal, ebeveyn-\u00e7ocuk ili\u015fkisine dair e\u011flenceli bir bak\u0131\u015f a\u00e7\u0131s\u0131 sunuyor. S\u0131n\u0131r koyma, g\u00fcvenli ba\u011flanma, \u00e7ocu\u011funu ger\u00e7ek potansiyeline ula\u015ft\u0131rma, oyun, beslenme, \u00f6fke n\u00f6betleri gibi pek \u00e7ok konuya ger\u00e7ek\u00e7i bir yakla\u015f\u0131mla \u00f6neriler getiriyor. Anne babalar\u0131n hayat\u0131n\u0131 kolayla\u015ft\u0131racak bilgileri, uzman olarak ya\u015fad\u0131\u011f\u0131 deneyimler ile g\u00fcncel bilimsel ara\u015ft\u0131rma sonu\u00e7lar\u0131n\u0131 harmanlayarak aktar\u0131yor.    Ve size hep akl\u0131n\u0131z\u0131n bir k\u00f6\u015fesinde olacak sihirli c\u00fcmleyi f\u0131s\u0131ld\u0131yor: \u00c7\u00fcnk\u00fc O Daha \u00c7ocuk\u2026   <\/p>\n","protected":false},"excerpt":{"rendered":"<p>Kendi \u00e7ocuklu\u011fumuzla aram\u0131zda y\u0131llar varken hayata \u00e7ocu\u011fumuzun g\u00f6z\u00fcnden bakmak m\u00fcmk\u00fcn m\u00fc? Ebeveynler olarak d\u00fcnyay\u0131 de\u011fi\u015ftirebilir, gelece\u011fi \u015fekillendirebilirsiniz. Bunun yolu, \u00e7ocu\u011funuzun geli\u015fimini ve duygular\u0131n\u0131 iyi anlamaktan ve<span class=\"excerpt-hellip\"> [\u2026]<\/span><\/p>\n","protected":false},"featured_media":0,"template":"","meta":{"_monsterinsights_skip_tracking":false,"_monsterinsights_sitenote_active":false,"_monsterinsights_sitenote_note":"","_monsterinsights_sitenote_category":0},"product_brand":[],"product_cat":[12831,12324],"product_tag":[],"class_list":{"0":"post-748817","1":"product","2":"type-product","3":"status-publish","5":"product_cat-aile-ve-cocuk","6":"product_cat-sosyoloji","7":"pa_cilt-ciltsiz","8":"pa_tur-kitap","9":"pa_yayinevi-dogan-kitap","10":"pa_yazar-senem-uysal","12":"first","13":"instock","14":"sale","15":"shipping-taxable","16":"purchasable","17":"product-type-simple"},"_links":{"self":[{"href":"https:\/\/roveyayinevi.com.tr\/index.php\/wp-json\/wp\/v2\/product\/748817","targetHints":{"allow":["GET"]}}],"collection":[{"href":"https:\/\/roveyayinevi.com.tr\/index.php\/wp-json\/wp\/v2\/product"}],"about":[{"href":"https:\/\/roveyayinevi.com.tr\/index.php\/wp-json\/wp\/v2\/types\/product"}],"wp:attachment":[{"href":"https:\/\/roveyayinevi.com.tr\/index.php\/wp-json\/wp\/v2\/media?parent=748817"}],"wp:term":[{"taxonomy":"product_brand","embeddable":true,"href":"https:\/\/roveyayinevi.com.tr\/index.php\/wp-json\/wp\/v2\/product_brand?post=748817"},{"taxonomy":"product_cat","embeddable":true,"href":"https:\/\/roveyayinevi.com.tr\/index.php\/wp-json\/wp\/v2\/product_cat?post=748817"},{"taxonomy":"product_tag","embeddable":true,"href":"https:\/\/roveyayinevi.com.tr\/index.php\/wp-json\/wp\/v2\/product_tag?post=748817"}],"curies":[{"name":"wp","href":"https:\/\/api.w.org\/{rel}","templated":true}]}}