{"id":748816,"date":"2025-08-28T03:39:58","date_gmt":"2025-08-28T00:39:58","guid":{"rendered":"https:\/\/roveyayinevi.com.tr\/index.php\/urun\/bu-bir-yatirim-tavsiyesidir-psikolojik-sermaye\/"},"modified":"2026-04-16T03:01:36","modified_gmt":"2026-04-16T00:01:36","slug":"bu-bir-yatirim-tavsiyesidir-psikolojik-sermaye","status":"publish","type":"product","link":"https:\/\/roveyayinevi.com.tr\/index.php\/urun\/bu-bir-yatirim-tavsiyesidir-psikolojik-sermaye\/","title":{"rendered":"Bu Bir Yat\u0131r\u0131m Tavsiyesidir &#8211; Psikolojik Sermaye"},"content":{"rendered":"<p>Hayatta yapabilece\u011finiz en sa\u011flam, en tutarl\u0131 ve geri d\u00f6n\u00fc\u015f\u00fc en kesin yat\u0131r\u0131m psikolojinize, daha do\u011frusu psikolojik sermayenize yapaca\u011f\u0131n\u0131z yat\u0131r\u0131md\u0131r.   Psikolojik sermayesi g\u00fc\u00e7l\u00fc olan insanlar g\u00fc\u00e7l\u00fcklerle kar\u015f\u0131la\u015f\u0131nca y\u0131lmaz. Zorluklarla nas\u0131l ba\u015fa \u00e7\u0131kabileceklerini bilirler. Daha \u00e7abuk toparlan\u0131rlar ve g\u00fc\u00e7l\u00fc dururlar. Psikolojik sermaye geli\u015ftirilebilen bir olgudur. Bu nedenle, psikolojik sermayenin ne oldu\u011fu kadar nas\u0131l art\u0131r\u0131labilece\u011fi ve y\u00f6netilebilece\u011fi de \u00f6rnek uygulamalarla zengin bir rehber niteli\u011finde olan bu kitapta anlat\u0131lmakta.   Hayat\u0131n kar\u015f\u0131m\u0131za ne t\u00fcr g\u00fc\u00e7l\u00fckler \u00e7\u0131karaca\u011f\u0131n\u0131 bilemeyiz ama kar\u015f\u0131m\u0131za \u00e7\u0131kan g\u00fc\u00e7l\u00fckleri nas\u0131l a\u015fabilece\u011fimizi \u00f6\u011frenebiliriz. <\/p>\n","protected":false},"excerpt":{"rendered":"<p>Hayatta yapabilece\u011finiz en sa\u011flam, en tutarl\u0131 ve geri d\u00f6n\u00fc\u015f\u00fc en kesin yat\u0131r\u0131m psikolojinize, daha do\u011frusu psikolojik sermayenize yapaca\u011f\u0131n\u0131z yat\u0131r\u0131md\u0131r. Psikolojik sermayesi g\u00fc\u00e7l\u00fc olan insanlar g\u00fc\u00e7l\u00fcklerle kar\u015f\u0131la\u015f\u0131nca<span class=\"excerpt-hellip\"> [\u2026]<\/span><\/p>\n","protected":false},"featured_media":0,"template":"","meta":{"_monsterinsights_skip_tracking":false,"_monsterinsights_sitenote_active":false,"_monsterinsights_sitenote_note":"","_monsterinsights_sitenote_category":0},"product_brand":[],"product_cat":[20502,12357],"product_tag":[],"class_list":{"0":"post-748816","1":"product","2":"type-product","3":"status-publish","5":"product_cat-basvuru-kitaplari-psikoloji","6":"product_cat-psikoloji","7":"pa_cilt-ciltsiz","8":"pa_tur-kitap","9":"pa_yayinevi-ceo-plus","10":"pa_yazar-hulya-mutlu","12":"first","13":"instock","14":"sale","15":"shipping-taxable","16":"purchasable","17":"product-type-simple"},"_links":{"self":[{"href":"https:\/\/roveyayinevi.com.tr\/index.php\/wp-json\/wp\/v2\/product\/748816","targetHints":{"allow":["GET"]}}],"collection":[{"href":"https:\/\/roveyayinevi.com.tr\/index.php\/wp-json\/wp\/v2\/product"}],"about":[{"href":"https:\/\/roveyayinevi.com.tr\/index.php\/wp-json\/wp\/v2\/types\/product"}],"wp:attachment":[{"href":"https:\/\/roveyayinevi.com.tr\/index.php\/wp-json\/wp\/v2\/media?parent=748816"}],"wp:term":[{"taxonomy":"product_brand","embeddable":true,"href":"https:\/\/roveyayinevi.com.tr\/index.php\/wp-json\/wp\/v2\/product_brand?post=748816"},{"taxonomy":"product_cat","embeddable":true,"href":"https:\/\/roveyayinevi.com.tr\/index.php\/wp-json\/wp\/v2\/product_cat?post=748816"},{"taxonomy":"product_tag","embeddable":true,"href":"https:\/\/roveyayinevi.com.tr\/index.php\/wp-json\/wp\/v2\/product_tag?post=748816"}],"curies":[{"name":"wp","href":"https:\/\/api.w.org\/{rel}","templated":true}]}}