{"id":748815,"date":"2025-08-28T03:39:57","date_gmt":"2025-08-28T00:39:57","guid":{"rendered":"https:\/\/roveyayinevi.com.tr\/index.php\/urun\/sanat-ve-kavramlar\/"},"modified":"2026-01-29T03:33:43","modified_gmt":"2026-01-29T00:33:43","slug":"sanat-ve-kavramlar","status":"publish","type":"product","link":"https:\/\/roveyayinevi.com.tr\/index.php\/urun\/sanat-ve-kavramlar\/","title":{"rendered":"Sanat ve Kavramlar"},"content":{"rendered":"<p>Bu kitap \u00e7a\u011fda\u015f bir bak\u0131\u015f a\u00e7\u0131s\u0131yla sanatla ilgili en temel kavramlar\u0131 ele al\u0131yor. Bunlar i\u00e7inde en ba\u015fta geleni, ku\u015fkusuz bizzat sanat\u0131n kendisidir. Her \u015fey gibi sanat da \u00f6teden beri s\u00fcrekli de\u011fi\u015fmekteyken, \u00fcstelik \u00f6znel yorum ve yarg\u0131lar i\u015fin i\u00e7indeyken, ona dair nesnel bir tan\u0131m m\u00fcmk\u00fcn m\u00fcd\u00fcr? Tarihsel s\u00fcre\u00e7te bilim, sanat, zanaat ve tasar\u0131m gibi ayr\u0131mlar nas\u0131l ortaya \u00e7\u0131km\u0131\u015ft\u0131r? Taklitten yarat\u0131c\u0131l\u0131k, be\u011feniden estetik d\u00fc\u015f\u00fcncesine nas\u0131l ge\u00e7ilmi\u015ftir? Sanatsal t\u00fcrler, y\u00f6ntemler, teknikler, e\u011filimler, ak\u0131mlar ve bunlarla ilgili ba\u015fl\u0131ca terim ve kavramlar nelerdir? Sanat, tasar\u0131m ve m\u00fchendislik gibi ayr\u0131mlar\u0131n s\u0131n\u0131rlar\u0131n\u0131 her durumda kesin olarak belirleme olana\u011f\u0131 var m\u0131d\u0131r? Yabanc\u0131 dillerden ge\u00e7en terimler, yap\u0131t isimleri ve Latin abecesi kullanmayan \u00fclke sanat\u00e7\u0131lar\u0131n\u0131n isimleri T\u00fcrk\u00e7ede nas\u0131l yaz\u0131lmal\u0131d\u0131r? Ay\u015fe Nahide Y\u0131lmaz ve Mehmet Y\u0131lmaz ele ald\u0131klar\u0131 konular\u0131 \u00f6rnek yap\u0131tlar \u00fczerinden sade bir dille a\u00e7\u0131kl\u0131yorlar; yan\u0131 s\u0131ra, okuru imgeler ve kavramlar hakk\u0131nda d\u00fc\u015f\u00fcnmeye davet ediyorlar. \u00d6zellikle yolun ba\u015f\u0131ndaki gen\u00e7ler i\u00e7in haz\u0131rlanan bu \u00e7al\u0131\u015fmada, deneyimli okurlar\u0131n da \u00e7ok \u015fey bulaca\u011f\u0131n\u0131 d\u00fc\u015f\u00fcn\u00fcyoruz&#8230; <\/p>\n","protected":false},"excerpt":{"rendered":"<p>Bu kitap \u00e7a\u011fda\u015f bir bak\u0131\u015f a\u00e7\u0131s\u0131yla sanatla ilgili en temel kavramlar\u0131 ele al\u0131yor. Bunlar i\u00e7inde en ba\u015fta geleni, ku\u015fkusuz bizzat sanat\u0131n kendisidir. Her \u015fey gibi sanat<span class=\"excerpt-hellip\"> [\u2026]<\/span><\/p>\n","protected":false},"featured_media":0,"template":"","meta":{"_monsterinsights_skip_tracking":false,"_monsterinsights_sitenote_active":false,"_monsterinsights_sitenote_note":"","_monsterinsights_sitenote_category":0},"product_brand":[],"product_cat":[44608,12408],"product_tag":[],"class_list":{"0":"post-748815","1":"product","2":"type-product","3":"status-publish","5":"product_cat-diger-sanat","6":"product_cat-sanat","7":"pa_cilt-ciltsiz","8":"pa_tur-kitap","9":"pa_yayinevi-utopya-yayinevi","10":"pa_yazar-ayse-nahide-yilmaz-mehmet-yilmaz","12":"first","13":"instock","14":"sale","15":"shipping-taxable","16":"purchasable","17":"product-type-simple"},"_links":{"self":[{"href":"https:\/\/roveyayinevi.com.tr\/index.php\/wp-json\/wp\/v2\/product\/748815","targetHints":{"allow":["GET"]}}],"collection":[{"href":"https:\/\/roveyayinevi.com.tr\/index.php\/wp-json\/wp\/v2\/product"}],"about":[{"href":"https:\/\/roveyayinevi.com.tr\/index.php\/wp-json\/wp\/v2\/types\/product"}],"wp:attachment":[{"href":"https:\/\/roveyayinevi.com.tr\/index.php\/wp-json\/wp\/v2\/media?parent=748815"}],"wp:term":[{"taxonomy":"product_brand","embeddable":true,"href":"https:\/\/roveyayinevi.com.tr\/index.php\/wp-json\/wp\/v2\/product_brand?post=748815"},{"taxonomy":"product_cat","embeddable":true,"href":"https:\/\/roveyayinevi.com.tr\/index.php\/wp-json\/wp\/v2\/product_cat?post=748815"},{"taxonomy":"product_tag","embeddable":true,"href":"https:\/\/roveyayinevi.com.tr\/index.php\/wp-json\/wp\/v2\/product_tag?post=748815"}],"curies":[{"name":"wp","href":"https:\/\/api.w.org\/{rel}","templated":true}]}}