{"id":748812,"date":"2025-08-28T03:39:53","date_gmt":"2025-08-28T00:39:53","guid":{"rendered":"https:\/\/roveyayinevi.com.tr\/index.php\/urun\/erich-fromm-yaratmayan-insan-yok-etmek-ister\/"},"modified":"2026-04-16T03:01:36","modified_gmt":"2026-04-16T00:01:36","slug":"erich-fromm-yaratmayan-insan-yok-etmek-ister","status":"publish","type":"product","link":"https:\/\/roveyayinevi.com.tr\/index.php\/urun\/erich-fromm-yaratmayan-insan-yok-etmek-ister\/","title":{"rendered":"Erich Fromm-Yaratmayan \u0130nsan Yok Etmek \u0130ster"},"content":{"rendered":"<p>\u201c\u0130NSAN BA\u015eKALARINA YARDIM ETMED\u0130\u011e\u0130 S\u00dcRECE YAPAYALNIZDIR.\u201d Modern d\u00fcnyaya s\u00f6yleyecek \u00e7ok s\u00f6z\u00fc olan bir sosyolog, psikanalist ve filozoftur Erich Fromm. Bir toplum ele\u015ftirmeni ve bir h\u00fcmanisttir ayn\u0131 zamanda. \u00dcstelik sadece kuramc\u0131 de\u011fil eylemcidir de&#8230; \u0130ki d\u00fcnya sava\u015f\u0131na tan\u0131kl\u0131k etmi\u015f Yahudi k\u00f6kenli bir Alman olarak i\u015fkencelerle, intiharlarla, ac\u0131larla ve \u00f6l\u00fcmlerle dolu bir d\u00fcnyan\u0131n i\u00e7inde ge\u00e7mi\u015ftir hayat\u0131. Fromm\u2019a g\u00f6re \u00e7a\u011f\u0131m\u0131z\u0131n insan\u0131n\u0131n kendine, \u00e7evresine ve sosyal ya\u015fama yabanc\u0131la\u015fmas\u0131 ve giderek yaln\u0131z kalmas\u0131, kendiyle uyum i\u00e7inde olmamas\u0131ndan, do\u011fadan uzakla\u015fmas\u0131ndan ve kitle ileti\u015fim ara\u00e7lar\u0131yla manip\u00fcle ediliyor olmas\u0131ndan kaynaklan\u0131r. \u0130ki t\u00fcr insan vard\u0131r ona g\u00f6re: \u201cSahip olmak\u201d duygusundaki yarat\u0131c\u0131 olmayan insanlar ve \u201colmak\u201d duygusuyla ya\u015fayan yarat\u0131c\u0131 insanlar&#8230; Fromm\u2019a g\u00f6re mutlu bir hayat, \u00fcretmekten ve sevmekten ge\u00e7er ancak sevmek, sevilecek nesneyle ilgili de\u011fil, ki\u015finin sevebilme becerisiyle, bilgisiyle, k\u00fclt\u00fcr\u00fcyle ve bu u\u011furdaki eme\u011fiyle ilgilidir. Fromm hayat\u0131n\u0131z\u0131n en \u00f6nemli tek sorusunu y\u00f6neltiyor size bu kitapta: Sahip olduklar\u0131n\u0131z\u0131 kaybederseniz geriye sizden ne kal\u0131r? <\/p>\n","protected":false},"excerpt":{"rendered":"<p>\u201c\u0130NSAN BA\u015eKALARINA YARDIM ETMED\u0130\u011e\u0130 S\u00dcRECE YAPAYALNIZDIR.\u201d Modern d\u00fcnyaya s\u00f6yleyecek \u00e7ok s\u00f6z\u00fc olan bir sosyolog, psikanalist ve filozoftur Erich Fromm. Bir toplum ele\u015ftirmeni ve bir h\u00fcmanisttir ayn\u0131<span class=\"excerpt-hellip\"> [\u2026]<\/span><\/p>\n","protected":false},"featured_media":0,"template":"","meta":{"_monsterinsights_skip_tracking":false,"_monsterinsights_sitenote_active":false,"_monsterinsights_sitenote_note":"","_monsterinsights_sitenote_category":0},"product_brand":[],"product_cat":[12357],"product_tag":[],"class_list":{"0":"post-748812","1":"product","2":"type-product","3":"status-publish","5":"product_cat-psikoloji","6":"pa_cilt-ciltsiz","7":"pa_tur-kitap","8":"pa_yayinevi-destek-yayinlari","9":"pa_yazar-muthis-psikoloji","11":"first","12":"instock","13":"sale","14":"shipping-taxable","15":"purchasable","16":"product-type-simple"},"_links":{"self":[{"href":"https:\/\/roveyayinevi.com.tr\/index.php\/wp-json\/wp\/v2\/product\/748812","targetHints":{"allow":["GET"]}}],"collection":[{"href":"https:\/\/roveyayinevi.com.tr\/index.php\/wp-json\/wp\/v2\/product"}],"about":[{"href":"https:\/\/roveyayinevi.com.tr\/index.php\/wp-json\/wp\/v2\/types\/product"}],"wp:attachment":[{"href":"https:\/\/roveyayinevi.com.tr\/index.php\/wp-json\/wp\/v2\/media?parent=748812"}],"wp:term":[{"taxonomy":"product_brand","embeddable":true,"href":"https:\/\/roveyayinevi.com.tr\/index.php\/wp-json\/wp\/v2\/product_brand?post=748812"},{"taxonomy":"product_cat","embeddable":true,"href":"https:\/\/roveyayinevi.com.tr\/index.php\/wp-json\/wp\/v2\/product_cat?post=748812"},{"taxonomy":"product_tag","embeddable":true,"href":"https:\/\/roveyayinevi.com.tr\/index.php\/wp-json\/wp\/v2\/product_tag?post=748812"}],"curies":[{"name":"wp","href":"https:\/\/api.w.org\/{rel}","templated":true}]}}