{"id":748810,"date":"2025-08-28T03:39:51","date_gmt":"2025-08-28T00:39:51","guid":{"rendered":"https:\/\/roveyayinevi.com.tr\/index.php\/urun\/afacan-cocuk-sinif-kitapligim-40-kitap\/"},"modified":"2026-04-16T03:01:36","modified_gmt":"2026-04-16T00:01:36","slug":"afacan-cocuk-sinif-kitapligim-40-kitap","status":"publish","type":"product","link":"https:\/\/roveyayinevi.com.tr\/index.php\/urun\/afacan-cocuk-sinif-kitapligim-40-kitap\/","title":{"rendered":"Afacan \u00c7ocuk S\u0131n\u0131f Kitapl\u0131\u011f\u0131m- 40 Kitap"},"content":{"rendered":"<p>Birbirinden g\u00fczel 40 tane klasikle\u015fmi\u015f,olmazsa olmaz, ba\u015fucu kitaplar\u0131&#8230;Her biri d\u00f6neminin en kuvvetli kalemince yaz\u0131lm\u0131\u015f ve her biri insanl\u0131k tarihinin en net aynas\u0131&#8230;&#8221; AFACAN \u00c7OCUK SINIF K\u0130TAPLI\u011eIM&#8221;DA YER ALAN K\u0130TAPLAR DEMET DEMET H\u0130K\u00c2YE PAPATYA \u00c7OCUK BAYRAMI \u0130K\u0130 YIL OKUL TAT\u0130L\u0130 SEV\u0130ML\u0130 TA\u015eITLAR PARMAK \u00c7OCUK KEND\u0130N\u0130 SUDA G\u00d6REN GEY\u0130K HAYAL D\u00dcNYASI K\u00dc\u00c7\u00dcK DEN\u0130Z KIZI MAHZENE G\u0130REN GEL\u0130NC\u0130K AY\u015eEG\u00dcL&#8217;\u00dcN MACERALARI ESRARLI ADA \u00c7\u0130RK\u0130N VE G\u00dcZEL \u00c7\u0130RK\u0130N \u00d6RDEK YAVRUSU AL\u0130&#8217;N\u0130N G\u00dcNL\u00dc\u011e\u00dc ASLAN \u0130LE FARE S\u0130H\u0130RL\u0130 TOHUM B\u0130NB\u0130R GECE MASALLARI OYUNCAK PRENSES OL\u0130VER TW\u0130ST KRALIN HED\u0130YES\u0130 OBUR KURT \u015e\u0130R\u0130N KIZ VE CANAVAR K\u00dc\u00c7\u00dcK KONUKLAR KELO\u011eLAN&#8217;DAN SE\u00c7MELER RAPUNZEL KIRMIZI B\u0130S\u0130KLET P\u0130NOKYO KARTOPU PAZARDA VER\u0130LEN \u00d6\u011e\u00dcT DO\u011eUM G\u00dcN\u00dc KAYIP \u00c7OCUK OYUN NASRETT\u0130N HOCA DEN\u0130ZLER ALTINDA Y\u0130RM\u0130 B\u0130N FERSAH Z\u00dcMR\u00dcT \u015eEH\u0130R PETER PAN KUR\u015eUN ASKER HAYATIN \u0130\u00c7\u0130NDEN H\u0130K\u00c2YELER S\u0130H\u0130RBAZ VE KUZGUN <\/p>\n","protected":false},"excerpt":{"rendered":"<p>Birbirinden g\u00fczel 40 tane klasikle\u015fmi\u015f,olmazsa olmaz, ba\u015fucu kitaplar\u0131&#8230;Her biri d\u00f6neminin en kuvvetli kalemince yaz\u0131lm\u0131\u015f ve her biri insanl\u0131k tarihinin en net aynas\u0131&#8230;&#8221; AFACAN \u00c7OCUK SINIF K\u0130TAPLI\u011eIM&#8221;DA<span class=\"excerpt-hellip\"> [\u2026]<\/span><\/p>\n","protected":false},"featured_media":0,"template":"","meta":{"_monsterinsights_skip_tracking":false,"_monsterinsights_sitenote_active":false,"_monsterinsights_sitenote_note":"","_monsterinsights_sitenote_category":0},"product_brand":[],"product_cat":[12274],"product_tag":[],"class_list":{"0":"post-748810","1":"product","2":"type-product","3":"status-publish","5":"product_cat-cocuk-ve-genclik-kitaplari","6":"pa_cilt-ciltsiz","7":"pa_tur-kitap","8":"pa_yayinevi-bicirik-yayinlari","9":"pa_yazar-kolektif","11":"first","12":"instock","13":"sale","14":"shipping-taxable","15":"purchasable","16":"product-type-simple"},"_links":{"self":[{"href":"https:\/\/roveyayinevi.com.tr\/index.php\/wp-json\/wp\/v2\/product\/748810","targetHints":{"allow":["GET"]}}],"collection":[{"href":"https:\/\/roveyayinevi.com.tr\/index.php\/wp-json\/wp\/v2\/product"}],"about":[{"href":"https:\/\/roveyayinevi.com.tr\/index.php\/wp-json\/wp\/v2\/types\/product"}],"wp:attachment":[{"href":"https:\/\/roveyayinevi.com.tr\/index.php\/wp-json\/wp\/v2\/media?parent=748810"}],"wp:term":[{"taxonomy":"product_brand","embeddable":true,"href":"https:\/\/roveyayinevi.com.tr\/index.php\/wp-json\/wp\/v2\/product_brand?post=748810"},{"taxonomy":"product_cat","embeddable":true,"href":"https:\/\/roveyayinevi.com.tr\/index.php\/wp-json\/wp\/v2\/product_cat?post=748810"},{"taxonomy":"product_tag","embeddable":true,"href":"https:\/\/roveyayinevi.com.tr\/index.php\/wp-json\/wp\/v2\/product_tag?post=748810"}],"curies":[{"name":"wp","href":"https:\/\/api.w.org\/{rel}","templated":true}]}}