{"id":748807,"date":"2025-08-28T03:39:46","date_gmt":"2025-08-28T00:39:46","guid":{"rendered":"https:\/\/roveyayinevi.com.tr\/index.php\/urun\/gezen-kurbaga\/"},"modified":"2026-04-16T03:01:36","modified_gmt":"2026-04-16T00:01:36","slug":"gezen-kurbaga","status":"publish","type":"product","link":"https:\/\/roveyayinevi.com.tr\/index.php\/urun\/gezen-kurbaga\/","title":{"rendered":"Gezen Kurba\u011fa"},"content":{"rendered":"<p>\u00dcnl\u00fc Rus \u00f6yk\u00fcc\u00fc Vsevolod Mikhailovich Garshin \u00e7ocuklar i\u00e7in yazd\u0131\u011f\u0131 Gezen kurba\u011fa, \u00e7ocuk edebiyat\u0131 \u00fcr\u00fcnlerinde bulunmas\u0131 gereken nitelikleri neredeyse 1.5 as\u0131r \u00f6ncesinde bar\u0131nd\u0131r\u0131yor. Garshin\u2019in usta \u00f6yk\u00fcc\u00fcl\u00fc\u011f\u00fcn\u00fc gezen Kurba\u011fa\u2019da da g\u00f6receksiniz. Keyifli okumalar\u2026<\/p>\n","protected":false},"excerpt":{"rendered":"<p>\u00dcnl\u00fc Rus \u00f6yk\u00fcc\u00fc Vsevolod Mikhailovich Garshin \u00e7ocuklar i\u00e7in yazd\u0131\u011f\u0131 Gezen kurba\u011fa, \u00e7ocuk edebiyat\u0131 \u00fcr\u00fcnlerinde bulunmas\u0131 gereken nitelikleri neredeyse 1.5 as\u0131r \u00f6ncesinde bar\u0131nd\u0131r\u0131yor. Garshin\u2019in usta \u00f6yk\u00fcc\u00fcl\u00fc\u011f\u00fcn\u00fc gezen<span class=\"excerpt-hellip\"> [\u2026]<\/span><\/p>\n","protected":false},"featured_media":0,"template":"","meta":{"_monsterinsights_skip_tracking":false,"_monsterinsights_sitenote_active":false,"_monsterinsights_sitenote_note":"","_monsterinsights_sitenote_category":0},"product_brand":[],"product_cat":[12274,12284],"product_tag":[],"class_list":{"0":"post-748807","1":"product","2":"type-product","3":"status-publish","5":"product_cat-cocuk-ve-genclik-kitaplari","6":"product_cat-hikayeler","7":"pa_cilt-ciltsiz","8":"pa_tur-kitap","9":"pa_yayinevi-egiten-kitap","10":"pa_yazar-vsevolod-garshin","12":"first","13":"instock","14":"sale","15":"shipping-taxable","16":"purchasable","17":"product-type-simple"},"_links":{"self":[{"href":"https:\/\/roveyayinevi.com.tr\/index.php\/wp-json\/wp\/v2\/product\/748807","targetHints":{"allow":["GET"]}}],"collection":[{"href":"https:\/\/roveyayinevi.com.tr\/index.php\/wp-json\/wp\/v2\/product"}],"about":[{"href":"https:\/\/roveyayinevi.com.tr\/index.php\/wp-json\/wp\/v2\/types\/product"}],"wp:attachment":[{"href":"https:\/\/roveyayinevi.com.tr\/index.php\/wp-json\/wp\/v2\/media?parent=748807"}],"wp:term":[{"taxonomy":"product_brand","embeddable":true,"href":"https:\/\/roveyayinevi.com.tr\/index.php\/wp-json\/wp\/v2\/product_brand?post=748807"},{"taxonomy":"product_cat","embeddable":true,"href":"https:\/\/roveyayinevi.com.tr\/index.php\/wp-json\/wp\/v2\/product_cat?post=748807"},{"taxonomy":"product_tag","embeddable":true,"href":"https:\/\/roveyayinevi.com.tr\/index.php\/wp-json\/wp\/v2\/product_tag?post=748807"}],"curies":[{"name":"wp","href":"https:\/\/api.w.org\/{rel}","templated":true}]}}