{"id":748803,"date":"2025-08-28T03:39:40","date_gmt":"2025-08-28T00:39:40","guid":{"rendered":"https:\/\/roveyayinevi.com.tr\/index.php\/urun\/aslan-ve-kopek\/"},"modified":"2026-04-16T03:01:36","modified_gmt":"2026-04-16T00:01:36","slug":"aslan-ve-kopek","status":"publish","type":"product","link":"https:\/\/roveyayinevi.com.tr\/index.php\/urun\/aslan-ve-kopek\/","title":{"rendered":"Aslan Ve K\u00f6pek"},"content":{"rendered":"<p>Kimilerine g\u00f6re D\u00fcnya edebiyat\u0131n\u0131n en b\u00fcy\u00fck yazar\u0131 Lev Tolstoy\u2019un \u00e7ocuklar i\u00e7in yazd\u0131\u011f\u0131 bu hik\u00e2yeler insanlar\u0131n di\u011fer canl\u0131lara kar\u015f\u0131 ne kadar d\u00fc\u015f\u00fcncesiz oldu\u011funu anlat\u0131yor. Lev Tolstoy\u2019un hik\u00e2yeleri vesilesiyle biz de bir kez daha tekrarlayal\u0131m: \u201cHayvanat Bah\u00e7eleri Kapat\u0131ls\u0131n\u201d, \u201cHayvanlar \u00d6zg\u00fcr olsun!\u201d<\/p>\n","protected":false},"excerpt":{"rendered":"<p>Kimilerine g\u00f6re D\u00fcnya edebiyat\u0131n\u0131n en b\u00fcy\u00fck yazar\u0131 Lev Tolstoy\u2019un \u00e7ocuklar i\u00e7in yazd\u0131\u011f\u0131 bu hik\u00e2yeler insanlar\u0131n di\u011fer canl\u0131lara kar\u015f\u0131 ne kadar d\u00fc\u015f\u00fcncesiz oldu\u011funu anlat\u0131yor. Lev Tolstoy\u2019un hik\u00e2yeleri<span class=\"excerpt-hellip\"> [\u2026]<\/span><\/p>\n","protected":false},"featured_media":0,"template":"","meta":{"_monsterinsights_skip_tracking":false,"_monsterinsights_sitenote_active":false,"_monsterinsights_sitenote_note":"","_monsterinsights_sitenote_category":0},"product_brand":[],"product_cat":[12274,12284],"product_tag":[],"class_list":{"0":"post-748803","1":"product","2":"type-product","3":"status-publish","5":"product_cat-cocuk-ve-genclik-kitaplari","6":"product_cat-hikayeler","7":"pa_cilt-ciltsiz","8":"pa_tur-kitap","9":"pa_yayinevi-egiten-kitap","10":"pa_yazar-lev-nikolayevic-tolstoy","12":"first","13":"instock","14":"sale","15":"shipping-taxable","16":"purchasable","17":"product-type-simple"},"_links":{"self":[{"href":"https:\/\/roveyayinevi.com.tr\/index.php\/wp-json\/wp\/v2\/product\/748803","targetHints":{"allow":["GET"]}}],"collection":[{"href":"https:\/\/roveyayinevi.com.tr\/index.php\/wp-json\/wp\/v2\/product"}],"about":[{"href":"https:\/\/roveyayinevi.com.tr\/index.php\/wp-json\/wp\/v2\/types\/product"}],"wp:attachment":[{"href":"https:\/\/roveyayinevi.com.tr\/index.php\/wp-json\/wp\/v2\/media?parent=748803"}],"wp:term":[{"taxonomy":"product_brand","embeddable":true,"href":"https:\/\/roveyayinevi.com.tr\/index.php\/wp-json\/wp\/v2\/product_brand?post=748803"},{"taxonomy":"product_cat","embeddable":true,"href":"https:\/\/roveyayinevi.com.tr\/index.php\/wp-json\/wp\/v2\/product_cat?post=748803"},{"taxonomy":"product_tag","embeddable":true,"href":"https:\/\/roveyayinevi.com.tr\/index.php\/wp-json\/wp\/v2\/product_tag?post=748803"}],"curies":[{"name":"wp","href":"https:\/\/api.w.org\/{rel}","templated":true}]}}